{"id":65331,"date":"2025-08-29T20:31:29","date_gmt":"2025-08-29T20:31:29","guid":{"rendered":"https:\/\/www.2027.staging.dyrsan.fr\/?post_type=product&#038;p=65331"},"modified":"2026-04-03T17:55:25","modified_gmt":"2026-04-03T17:55:25","slug":"crochet-en-metal-dore-forme-g-30-mm","status":"publish","type":"product","link":"https:\/\/staging.dyrsan.fr\/es\/shop\/crochet-en-metal-dore-forme-g-30-mm\/","title":{"rendered":"Gancho de metal dorado, forma G 30 mm"},"content":{"rendered":"<p>Este gancho met\u00e1lico dorado en forma de G de 30 mm es ideal para trajes de ba\u00f1o, lencer\u00eda, prendas de vestir y accesorios textiles. Resistente, elegante y dise\u00f1ado para entornos acu\u00e1ticos, garantiza una fijaci\u00f3n fiable al tiempo que a\u00f1ade un acabado de alta gama a las creaciones profesionales.<\/p>\n<p>&nbsp;<\/p>\n<p><strong>Especificaciones t\u00e9cnicas:<\/strong><br \/>\nN\u00famero de cat\u00e1logo : DY0158<br \/>\nMaterial(es): Metal<br \/>\nColor: dorado<br \/>\nAcabado(s) disponible(s) : Plata \/ Oro amarillo \/ Oro amarillo brillante \/ Oro rosa \/ Gris acero \/ Bronce dorado<br \/>\nTama\u00f1o: 30 mm<br \/>\nPeso : 5 g<\/p>\n<p>&nbsp;<\/p>\n<p><strong>Propiedades t\u00e9cnicas:<\/strong><br \/>\nSin plomo, n\u00edquel ni cromo<br \/>\nCumple las normas OEKO<br \/>\nResistente al cloro, al agua de mar y a la corrosi\u00f3n<br \/>\nPresentaci\u00f3n : Vendido en paquetes de 100<br \/>\nDisponibilidad: Por encargo<\/p>\n<p>Plazo de entrega: Pedido personalizado - Entrega en un plazo m\u00e1ximo de 4 semanas<\/p>","protected":false},"excerpt":{"rendered":"<p>Este gancho met\u00e1lico dorado en forma de G de 30 mm es ideal para trajes de ba\u00f1o, lencer\u00eda, prendas de vestir y accesorios textiles. Resistente, elegante y dise\u00f1ado para entornos acu\u00e1ticos, garantiza una fijaci\u00f3n fiable al tiempo que a\u00f1ade un acabado de alta gama a las creaciones profesionales.<\/p>\n<p>&nbsp;<\/p>\n<p><strong>Especificaciones t\u00e9cnicas:<\/strong><br \/>\nN\u00famero de cat\u00e1logo : DY0158<br \/>\nMaterial(es): Metal<br \/>\nColor: dorado<br \/>\nAcabado(s) disponible(s) : Plata \/ Oro amarillo \/ Oro amarillo brillante \/ Oro rosa \/ Gris acero \/ Bronce dorado<br \/>\nTama\u00f1o: 30 mm<br \/>\nPeso : 5 g<\/p>\n<p>&nbsp;<\/p>\n<p><strong>Propiedades t\u00e9cnicas:<\/strong><br \/>\nSin plomo, n\u00edquel ni cromo<br \/>\nCumple las normas OEKO<br \/>\nResistente al cloro, al agua de mar y a la corrosi\u00f3n<br \/>\nPresentaci\u00f3n : Vendido en paquetes de 100<br \/>\nDisponibilidad: Por encargo<\/p>\n<p>Plazo de entrega: Pedido personalizado - Entrega en un plazo m\u00e1ximo de 4 semanas<\/p>","protected":false},"featured_media":60882,"comment_status":"closed","ping_status":"closed","template":"","meta":[],"product_brand":[],"product_cat":[140,160],"product_tag":[377,378],"class_list":{"0":"post-65331","1":"product","2":"type-product","3":"status-publish","4":"has-post-thumbnail","6":"product_cat-accessoires","7":"product_cat-crochets","8":"product_tag-crochet","9":"product_tag-g-hook-2","10":"product_shipping_class-1-a-2kg","12":"first","13":"instock","14":"taxable","15":"shipping-taxable","16":"purchasable","17":"product-type-simple"},"_links":{"self":[{"href":"https:\/\/staging.dyrsan.fr\/es\/wp-json\/wp\/v2\/product\/65331","targetHints":{"allow":["GET"]}}],"collection":[{"href":"https:\/\/staging.dyrsan.fr\/es\/wp-json\/wp\/v2\/product"}],"about":[{"href":"https:\/\/staging.dyrsan.fr\/es\/wp-json\/wp\/v2\/types\/product"}],"replies":[{"embeddable":true,"href":"https:\/\/staging.dyrsan.fr\/es\/wp-json\/wp\/v2\/comments?post=65331"}],"version-history":[{"count":7,"href":"https:\/\/staging.dyrsan.fr\/es\/wp-json\/wp\/v2\/product\/65331\/revisions"}],"predecessor-version":[{"id":73837,"href":"https:\/\/staging.dyrsan.fr\/es\/wp-json\/wp\/v2\/product\/65331\/revisions\/73837"}],"wp:featuredmedia":[{"embeddable":true,"href":"https:\/\/staging.dyrsan.fr\/es\/wp-json\/wp\/v2\/media\/60882"}],"wp:attachment":[{"href":"https:\/\/staging.dyrsan.fr\/es\/wp-json\/wp\/v2\/media?parent=65331"}],"wp:term":[{"taxonomy":"product_brand","embeddable":true,"href":"https:\/\/staging.dyrsan.fr\/es\/wp-json\/wp\/v2\/product_brand?post=65331"},{"taxonomy":"product_cat","embeddable":true,"href":"https:\/\/staging.dyrsan.fr\/es\/wp-json\/wp\/v2\/product_cat?post=65331"},{"taxonomy":"product_tag","embeddable":true,"href":"https:\/\/staging.dyrsan.fr\/es\/wp-json\/wp\/v2\/product_tag?post=65331"}],"curies":[{"name":"wp","href":"https:\/\/api.w.org\/{rel}","templated":true}]}}