{"id":65329,"date":"2025-08-29T20:31:29","date_gmt":"2025-08-29T20:31:29","guid":{"rendered":"https:\/\/www.2027.staging.dyrsan.fr\/?post_type=product&#038;p=65329"},"modified":"2026-04-03T17:55:29","modified_gmt":"2026-04-03T17:55:29","slug":"connecteur-chaine-en-metal-dore","status":"publish","type":"product","link":"https:\/\/staging.dyrsan.fr\/es\/shop\/connecteur-chaine-en-metal-dore\/","title":{"rendered":"Conector de cadena de metal dorado"},"content":{"rendered":"<p>Este conector de cadena met\u00e1lico chapado en oro es ideal para trajes de ba\u00f1o, bikinis, lencer\u00eda y accesorios textiles. Resistente al agua, la transpiraci\u00f3n y la corrosi\u00f3n, garantiza una larga duraci\u00f3n y un acabado elegante, incluso con un uso intensivo.<\/p>\n<p>&nbsp;<\/p>\n<p><strong>Especificaciones t\u00e9cnicas:<\/strong><br \/>\nReferencia : DYG0339<br \/>\nMaterial(es): Metal<br \/>\nColor: dorado<br \/>\nTama\u00f1o: 5 \u00d7 2 cm<br \/>\nPeso : 6 g<br \/>\nTratamiento de superficie: Pulido espejo y galvanoplastia<\/p>\n<p>&nbsp;<\/p>\n<p><strong>Propiedades t\u00e9cnicas:<\/strong><br \/>\n- Resistente a la corrosi\u00f3n<br \/>\n- Resistente al agua de mar y a la transpiraci\u00f3n<br \/>\n- No decolora<br \/>\n- Sin bordes afilados (no irrita)<br \/>\n- Gran durabilidad (incluso cosido o expuesto al sol)<br \/>\nPresentaci\u00f3n : Vendido en paquetes de 100<\/p>\n<p>Plazo de entrega: Pedido personalizado - Entrega en un plazo m\u00e1ximo de 4 semanas<\/p>","protected":false},"excerpt":{"rendered":"<p>Este conector de cadena met\u00e1lico chapado en oro es ideal para trajes de ba\u00f1o, bikinis, lencer\u00eda y accesorios textiles. Resistente al agua, la transpiraci\u00f3n y la corrosi\u00f3n, garantiza una larga duraci\u00f3n y un acabado elegante, incluso con un uso intensivo.<\/p>\n<p>&nbsp;<\/p>\n<p><strong>Especificaciones t\u00e9cnicas:<\/strong><br \/>\nReferencia : DYG0339<br \/>\nMaterial(es): Metal<br \/>\nColor: dorado<br \/>\nTama\u00f1o: 5 \u00d7 2 cm<br \/>\nPeso : 6 g<br \/>\nTratamiento de superficie: Pulido espejo y galvanoplastia<\/p>\n<p>&nbsp;<\/p>\n<p><strong>Propiedades t\u00e9cnicas:<\/strong><br \/>\n- Resistente a la corrosi\u00f3n<br \/>\n- Resistente al agua de mar y a la transpiraci\u00f3n<br \/>\n- No decolora<br \/>\n- Sin bordes afilados (no irrita)<br \/>\n- Gran durabilidad (incluso cosido o expuesto al sol)<br \/>\nPresentaci\u00f3n : Vendido en paquetes de 100<\/p>\n<p>Plazo de entrega: Pedido personalizado - Entrega en un plazo m\u00e1ximo de 4 semanas<\/p>","protected":false},"featured_media":60871,"comment_status":"closed","ping_status":"closed","template":"","meta":[],"product_brand":[],"product_cat":[434,140,149],"product_tag":[381,382],"class_list":{"0":"post-65329","1":"product","2":"type-product","3":"status-publish","4":"has-post-thumbnail","6":"product_cat-chaines","7":"product_cat-accessoires","8":"product_cat-connecteurs","9":"product_tag-chaine","10":"product_tag-chaine-connecteur","11":"product_shipping_class-1-a-2kg","13":"first","14":"instock","15":"taxable","16":"shipping-taxable","17":"purchasable","18":"product-type-simple"},"_links":{"self":[{"href":"https:\/\/staging.dyrsan.fr\/es\/wp-json\/wp\/v2\/product\/65329","targetHints":{"allow":["GET"]}}],"collection":[{"href":"https:\/\/staging.dyrsan.fr\/es\/wp-json\/wp\/v2\/product"}],"about":[{"href":"https:\/\/staging.dyrsan.fr\/es\/wp-json\/wp\/v2\/types\/product"}],"replies":[{"embeddable":true,"href":"https:\/\/staging.dyrsan.fr\/es\/wp-json\/wp\/v2\/comments?post=65329"}],"version-history":[{"count":7,"href":"https:\/\/staging.dyrsan.fr\/es\/wp-json\/wp\/v2\/product\/65329\/revisions"}],"predecessor-version":[{"id":73195,"href":"https:\/\/staging.dyrsan.fr\/es\/wp-json\/wp\/v2\/product\/65329\/revisions\/73195"}],"wp:featuredmedia":[{"embeddable":true,"href":"https:\/\/staging.dyrsan.fr\/es\/wp-json\/wp\/v2\/media\/60871"}],"wp:attachment":[{"href":"https:\/\/staging.dyrsan.fr\/es\/wp-json\/wp\/v2\/media?parent=65329"}],"wp:term":[{"taxonomy":"product_brand","embeddable":true,"href":"https:\/\/staging.dyrsan.fr\/es\/wp-json\/wp\/v2\/product_brand?post=65329"},{"taxonomy":"product_cat","embeddable":true,"href":"https:\/\/staging.dyrsan.fr\/es\/wp-json\/wp\/v2\/product_cat?post=65329"},{"taxonomy":"product_tag","embeddable":true,"href":"https:\/\/staging.dyrsan.fr\/es\/wp-json\/wp\/v2\/product_tag?post=65329"}],"curies":[{"name":"wp","href":"https:\/\/api.w.org\/{rel}","templated":true}]}}