{"id":65131,"date":"2025-09-13T20:12:26","date_gmt":"2025-09-13T20:12:26","guid":{"rendered":"https:\/\/www.2027.staging.dyrsan.fr\/?post_type=product&#038;p=65131"},"modified":"2026-04-03T17:51:30","modified_gmt":"2026-04-03T17:51:30","slug":"connecteur-en-metal-dore-a-deux-boucles-avec-pierre-ambre","status":"publish","type":"product","link":"https:\/\/staging.dyrsan.fr\/es\/shop\/connecteur-en-metal-dore-a-deux-boucles-avec-pierre-ambre\/","title":{"rendered":"Conector met\u00e1lico dorado de dos bucles con piedra \u00e1mbar"},"content":{"rendered":"<p>Este conector met\u00e1lico dorado de dos vueltas con piedra central de \u00e1mbar es un elemento decorativo y funcional para el montaje textil. A\u00f1ade un acabado elegante y luminoso a las creaciones de trajes de ba\u00f1o y prendas de vestir.<\/p>\n<p>&nbsp;<\/p>\n<p><strong>Especificaciones t\u00e9cnicas:<\/strong><\/p>\n<p>N\u00famero de cat\u00e1logo: 65131<br \/>\nMaterial(es): metal y piedra de \u00e1mbar natural<br \/>\nColor: dorado y \u00e1mbar<br \/>\nTama\u00f1o: 58 \u00d7 14 mm<br \/>\nPeso: 7,3 g<\/p>\n<p>&nbsp;<\/p>\n<p><strong>Propiedades t\u00e9cnicas:<\/strong><br \/>\nResistente a la corrosi\u00f3n<br \/>\nResistente al agua de mar y a la transpiraci\u00f3n<br \/>\nNo decolora<br \/>\nSin bordes afilados (no irrita)<br \/>\nGran durabilidad (incluso cosido o expuesto al sol)<\/p>\n<p>Se vende en paquetes de 100 \/ Entrega en 15-20 d\u00edas<\/p>","protected":false},"excerpt":{"rendered":"<p>Este conector met\u00e1lico dorado de dos vueltas con piedra central de \u00e1mbar es un elemento decorativo y funcional para el montaje textil. A\u00f1ade un acabado elegante y luminoso a las creaciones de trajes de ba\u00f1o y prendas de vestir.<\/p>\n<p>&nbsp;<\/p>\n<p><strong>Especificaciones t\u00e9cnicas:<\/strong><\/p>\n<p>N\u00famero de cat\u00e1logo: 65131<br \/>\nMaterial(es): metal y piedra de \u00e1mbar natural<br \/>\nColor: dorado y \u00e1mbar<br \/>\nTama\u00f1o: 58 \u00d7 14 mm<br \/>\nPeso: 7,3 g<\/p>\n<p>&nbsp;<\/p>\n<p><strong>Propiedades t\u00e9cnicas:<\/strong><br \/>\nResistente a la corrosi\u00f3n<br \/>\nResistente al agua de mar y a la transpiraci\u00f3n<br \/>\nNo decolora<br \/>\nSin bordes afilados (no irrita)<br \/>\nGran durabilidad (incluso cosido o expuesto al sol)<\/p>\n<p>Se vende en paquetes de 100 \/ Entrega en 15-20 d\u00edas<\/p>","protected":false},"featured_media":61661,"comment_status":"closed","ping_status":"closed","template":"","meta":[],"product_brand":[370],"product_cat":[140,149],"product_tag":[157,170,374],"class_list":{"0":"post-65131","1":"product","2":"type-product","3":"status-publish","4":"has-post-thumbnail","6":"product_brand-dyrsan","7":"product_cat-accessoires","8":"product_cat-connecteurs","9":"product_tag-boucle-connecteur","10":"product_tag-boucle-maillot-de-bain","11":"product_tag-passant","12":"product_shipping_class-1-a-2kg","14":"first","15":"instock","16":"taxable","17":"shipping-taxable","18":"purchasable","19":"product-type-simple"},"_links":{"self":[{"href":"https:\/\/staging.dyrsan.fr\/es\/wp-json\/wp\/v2\/product\/65131","targetHints":{"allow":["GET"]}}],"collection":[{"href":"https:\/\/staging.dyrsan.fr\/es\/wp-json\/wp\/v2\/product"}],"about":[{"href":"https:\/\/staging.dyrsan.fr\/es\/wp-json\/wp\/v2\/types\/product"}],"replies":[{"embeddable":true,"href":"https:\/\/staging.dyrsan.fr\/es\/wp-json\/wp\/v2\/comments?post=65131"}],"version-history":[{"count":11,"href":"https:\/\/staging.dyrsan.fr\/es\/wp-json\/wp\/v2\/product\/65131\/revisions"}],"predecessor-version":[{"id":76339,"href":"https:\/\/staging.dyrsan.fr\/es\/wp-json\/wp\/v2\/product\/65131\/revisions\/76339"}],"wp:featuredmedia":[{"embeddable":true,"href":"https:\/\/staging.dyrsan.fr\/es\/wp-json\/wp\/v2\/media\/61661"}],"wp:attachment":[{"href":"https:\/\/staging.dyrsan.fr\/es\/wp-json\/wp\/v2\/media?parent=65131"}],"wp:term":[{"taxonomy":"product_brand","embeddable":true,"href":"https:\/\/staging.dyrsan.fr\/es\/wp-json\/wp\/v2\/product_brand?post=65131"},{"taxonomy":"product_cat","embeddable":true,"href":"https:\/\/staging.dyrsan.fr\/es\/wp-json\/wp\/v2\/product_cat?post=65131"},{"taxonomy":"product_tag","embeddable":true,"href":"https:\/\/staging.dyrsan.fr\/es\/wp-json\/wp\/v2\/product_tag?post=65131"}],"curies":[{"name":"wp","href":"https:\/\/api.w.org\/{rel}","templated":true}]}}