{"id":62085,"date":"2025-08-28T12:04:30","date_gmt":"2025-08-28T12:04:30","guid":{"rendered":"https:\/\/www.2027.staging.dyrsan.fr\/?post_type=product&#038;p=62085"},"modified":"2026-03-14T11:00:55","modified_gmt":"2026-03-14T11:00:55","slug":"monaco-bikini-imprime-lave","status":"publish","type":"product","link":"https:\/\/staging.dyrsan.fr\/es\/shop\/monaco-bikini-imprime-lave\/","title":{"rendered":"Monaco - Bikini con estampado de lava"},"content":{"rendered":"<ul>\n<li>Tri\u00e1ngulo alto<\/li>\n<li>Acolchado extra\u00edble<\/li>\n<li>Bragas brasile\u00f1as<\/li>\n<li>Totalmente forrado<\/li>\n<li>Composici\u00f3n: 80% Poliamida, 20% Elastano<\/li>\n<li>La modelo lleva una talla S \/ 36 FR<\/li>\n<\/ul>","protected":false},"excerpt":{"rendered":"<p>El conjunto de bikini con estampado de lava \"M\u00f3naco\" es una opci\u00f3n atrevida y ardiente para las que quieren hacer una declaraci\u00f3n de intenciones. El estampado de lava a\u00f1ade un toque de intensidad y dramatismo a este conjunto de bikini. El top triangular y la braguita brasile\u00f1a ofrecen un ajuste favorecedor, mientras que los tirantes ajustables garantizan un ajuste c\u00f3modo y personalizable. Destaca entre la multitud con este ardiente conjunto de bikini.<\/p>","protected":false},"featured_media":62144,"comment_status":"closed","ping_status":"closed","template":"","meta":[],"product_brand":[370],"product_cat":[428],"product_tag":[164,367],"class_list":{"0":"post-62085","1":"product","2":"type-product","3":"status-publish","4":"has-post-thumbnail","6":"product_brand-dyrsan","7":"product_cat-swimwear","8":"product_tag-bikini","9":"product_tag-collection-2026","11":"first","12":"instock","13":"featured","14":"purchasable","15":"product-type-variable","16":"has-default-attributes"},"_links":{"self":[{"href":"https:\/\/staging.dyrsan.fr\/es\/wp-json\/wp\/v2\/product\/62085","targetHints":{"allow":["GET"]}}],"collection":[{"href":"https:\/\/staging.dyrsan.fr\/es\/wp-json\/wp\/v2\/product"}],"about":[{"href":"https:\/\/staging.dyrsan.fr\/es\/wp-json\/wp\/v2\/types\/product"}],"replies":[{"embeddable":true,"href":"https:\/\/staging.dyrsan.fr\/es\/wp-json\/wp\/v2\/comments?post=62085"}],"version-history":[{"count":1,"href":"https:\/\/staging.dyrsan.fr\/es\/wp-json\/wp\/v2\/product\/62085\/revisions"}],"predecessor-version":[{"id":66665,"href":"https:\/\/staging.dyrsan.fr\/es\/wp-json\/wp\/v2\/product\/62085\/revisions\/66665"}],"wp:featuredmedia":[{"embeddable":true,"href":"https:\/\/staging.dyrsan.fr\/es\/wp-json\/wp\/v2\/media\/62144"}],"wp:attachment":[{"href":"https:\/\/staging.dyrsan.fr\/es\/wp-json\/wp\/v2\/media?parent=62085"}],"wp:term":[{"taxonomy":"product_brand","embeddable":true,"href":"https:\/\/staging.dyrsan.fr\/es\/wp-json\/wp\/v2\/product_brand?post=62085"},{"taxonomy":"product_cat","embeddable":true,"href":"https:\/\/staging.dyrsan.fr\/es\/wp-json\/wp\/v2\/product_cat?post=62085"},{"taxonomy":"product_tag","embeddable":true,"href":"https:\/\/staging.dyrsan.fr\/es\/wp-json\/wp\/v2\/product_tag?post=62085"}],"curies":[{"name":"wp","href":"https:\/\/api.w.org\/{rel}","templated":true}]}}