{"id":62084,"date":"2025-08-28T12:04:30","date_gmt":"2025-08-28T12:04:30","guid":{"rendered":"https:\/\/www.2027.staging.dyrsan.fr\/?post_type=product&#038;p=62084"},"modified":"2026-03-14T11:00:54","modified_gmt":"2026-03-14T11:00:54","slug":"monaco-bikini-en-velours-jaune","status":"publish","type":"product","link":"https:\/\/staging.dyrsan.fr\/es\/shop\/monaco-bikini-en-velours-jaune\/","title":{"rendered":"Monaco - Bikini de terciopelo amarillo"},"content":{"rendered":"<ul>\n<li>Mini tri\u00e1ngulo<\/li>\n<li>Bragas brasile\u00f1as<\/li>\n<li>Acolchado extra\u00edble<\/li>\n<li>Bragas con tanga<\/li>\n<li>Composici\u00f3n: 80% Poliamida, 20% Elastano<\/li>\n<li>Totalmente forrado<\/li>\n<li>La modelo lleva una talla S \/ 36 FR<\/li>\n<\/ul>","protected":false},"excerpt":{"rendered":"<p>Este conjunto de bikini de terciopelo amarillo se compone de un top triangular y una braguita brasile\u00f1a. Su brillante color amarillo y su suave y c\u00f3moda textura de terciopelo te dar\u00e1n un aspecto \u00fanico y elegante.<\/p>\n<p>&nbsp;<\/p>","protected":false},"featured_media":62139,"comment_status":"open","ping_status":"closed","template":"","meta":[],"product_brand":[370],"product_cat":[428],"product_tag":[164,367],"class_list":{"0":"post-62084","1":"product","2":"type-product","3":"status-publish","4":"has-post-thumbnail","6":"product_brand-dyrsan","7":"product_cat-swimwear","8":"product_tag-bikini","9":"product_tag-collection-2026","11":"first","12":"instock","13":"purchasable","14":"product-type-variable","15":"has-default-attributes"},"_links":{"self":[{"href":"https:\/\/staging.dyrsan.fr\/es\/wp-json\/wp\/v2\/product\/62084","targetHints":{"allow":["GET"]}}],"collection":[{"href":"https:\/\/staging.dyrsan.fr\/es\/wp-json\/wp\/v2\/product"}],"about":[{"href":"https:\/\/staging.dyrsan.fr\/es\/wp-json\/wp\/v2\/types\/product"}],"replies":[{"embeddable":true,"href":"https:\/\/staging.dyrsan.fr\/es\/wp-json\/wp\/v2\/comments?post=62084"}],"version-history":[{"count":1,"href":"https:\/\/staging.dyrsan.fr\/es\/wp-json\/wp\/v2\/product\/62084\/revisions"}],"predecessor-version":[{"id":66668,"href":"https:\/\/staging.dyrsan.fr\/es\/wp-json\/wp\/v2\/product\/62084\/revisions\/66668"}],"wp:featuredmedia":[{"embeddable":true,"href":"https:\/\/staging.dyrsan.fr\/es\/wp-json\/wp\/v2\/media\/62139"}],"wp:attachment":[{"href":"https:\/\/staging.dyrsan.fr\/es\/wp-json\/wp\/v2\/media?parent=62084"}],"wp:term":[{"taxonomy":"product_brand","embeddable":true,"href":"https:\/\/staging.dyrsan.fr\/es\/wp-json\/wp\/v2\/product_brand?post=62084"},{"taxonomy":"product_cat","embeddable":true,"href":"https:\/\/staging.dyrsan.fr\/es\/wp-json\/wp\/v2\/product_cat?post=62084"},{"taxonomy":"product_tag","embeddable":true,"href":"https:\/\/staging.dyrsan.fr\/es\/wp-json\/wp\/v2\/product_tag?post=62084"}],"curies":[{"name":"wp","href":"https:\/\/api.w.org\/{rel}","templated":true}]}}