{"id":62080,"date":"2025-08-28T12:04:29","date_gmt":"2025-08-28T12:04:29","guid":{"rendered":"https:\/\/www.2027.staging.dyrsan.fr\/?post_type=product&#038;p=62080"},"modified":"2026-03-14T11:00:57","modified_gmt":"2026-03-14T11:00:57","slug":"monaco-bikini-iceberg-blue-a-strass","status":"publish","type":"product","link":"https:\/\/staging.dyrsan.fr\/es\/shop\/monaco-bikini-iceberg-blue-a-strass\/","title":{"rendered":"Monaco - Bikini de strass azul Iceberg"},"content":{"rendered":"<ul>\n<li>Tri\u00e1ngulo alto<\/li>\n<li>Acolchado extra\u00edble<\/li>\n<li>Bragas brasile\u00f1as<\/li>\n<li>Composici\u00f3n: 80% Poliamida, 20% Elastano<\/li>\n<li>Cristales aut\u00e9nticos<\/li>\n<li>Totalmente forrado<\/li>\n<li>La modelo lleva una talla S \/ 36 FR<\/li>\n<\/ul>","protected":false},"excerpt":{"rendered":"<p>Sum\u00e9rgete en las refrescantes aguas con este conjunto de bikini de pedrer\u00eda Iceberg Blue. La pedrer\u00eda a\u00f1ade detalles brillantes, reflejando la belleza del oc\u00e9ano.<\/p>\n<p>&nbsp;<\/p>","protected":false},"featured_media":62115,"comment_status":"open","ping_status":"closed","template":"","meta":[],"product_brand":[370],"product_cat":[428],"product_tag":[164,367],"class_list":{"0":"post-62080","1":"product","2":"type-product","3":"status-publish","4":"has-post-thumbnail","6":"product_brand-dyrsan","7":"product_cat-swimwear","8":"product_tag-bikini","9":"product_tag-collection-2026","11":"first","12":"instock","13":"purchasable","14":"product-type-variable","15":"has-default-attributes"},"_links":{"self":[{"href":"https:\/\/staging.dyrsan.fr\/es\/wp-json\/wp\/v2\/product\/62080","targetHints":{"allow":["GET"]}}],"collection":[{"href":"https:\/\/staging.dyrsan.fr\/es\/wp-json\/wp\/v2\/product"}],"about":[{"href":"https:\/\/staging.dyrsan.fr\/es\/wp-json\/wp\/v2\/types\/product"}],"replies":[{"embeddable":true,"href":"https:\/\/staging.dyrsan.fr\/es\/wp-json\/wp\/v2\/comments?post=62080"}],"version-history":[{"count":1,"href":"https:\/\/staging.dyrsan.fr\/es\/wp-json\/wp\/v2\/product\/62080\/revisions"}],"predecessor-version":[{"id":66662,"href":"https:\/\/staging.dyrsan.fr\/es\/wp-json\/wp\/v2\/product\/62080\/revisions\/66662"}],"wp:featuredmedia":[{"embeddable":true,"href":"https:\/\/staging.dyrsan.fr\/es\/wp-json\/wp\/v2\/media\/62115"}],"wp:attachment":[{"href":"https:\/\/staging.dyrsan.fr\/es\/wp-json\/wp\/v2\/media?parent=62080"}],"wp:term":[{"taxonomy":"product_brand","embeddable":true,"href":"https:\/\/staging.dyrsan.fr\/es\/wp-json\/wp\/v2\/product_brand?post=62080"},{"taxonomy":"product_cat","embeddable":true,"href":"https:\/\/staging.dyrsan.fr\/es\/wp-json\/wp\/v2\/product_cat?post=62080"},{"taxonomy":"product_tag","embeddable":true,"href":"https:\/\/staging.dyrsan.fr\/es\/wp-json\/wp\/v2\/product_tag?post=62080"}],"curies":[{"name":"wp","href":"https:\/\/api.w.org\/{rel}","templated":true}]}}