{"id":62077,"date":"2025-08-28T12:04:29","date_gmt":"2025-08-28T12:04:29","guid":{"rendered":"https:\/\/www.2027.staging.dyrsan.fr\/?post_type=product&#038;p=62077"},"modified":"2026-03-14T11:00:57","modified_gmt":"2026-03-14T11:00:57","slug":"monaco-bikini-jaune-clair-a-strass","status":"publish","type":"product","link":"https:\/\/staging.dyrsan.fr\/es\/shop\/monaco-bikini-jaune-clair-a-strass\/","title":{"rendered":"Monaco - Bikini amarillo claro con strass"},"content":{"rendered":"<ul>\n<li>Tri\u00e1ngulo alto<\/li>\n<li>Acolchado extra\u00edble<\/li>\n<li>Bragas brasile\u00f1as<\/li>\n<li>Totalmente forrado<\/li>\n<li>Composici\u00f3n: 80% Poliamida, 20% Elastano<\/li>\n<li>La modelo lleva una talla S \/ 36 FR<\/li>\n<\/ul>","protected":false},"excerpt":{"rendered":"<p>A\u00f1ade un toque de sol a tu look playero con este vibrante y alegre conjunto de bikini de pedrer\u00eda amarillo claro. La pedrer\u00eda a\u00f1ade un detalle brillante que te har\u00e1 brillar bajo el sol.<\/p>","protected":false},"featured_media":62135,"comment_status":"open","ping_status":"closed","template":"","meta":[],"product_brand":[370],"product_cat":[428],"product_tag":[164,367],"class_list":{"0":"post-62077","1":"product","2":"type-product","3":"status-publish","4":"has-post-thumbnail","6":"product_brand-dyrsan","7":"product_cat-swimwear","8":"product_tag-bikini","9":"product_tag-collection-2026","11":"first","12":"instock","13":"purchasable","14":"product-type-variable","15":"has-default-attributes"},"_links":{"self":[{"href":"https:\/\/staging.dyrsan.fr\/es\/wp-json\/wp\/v2\/product\/62077","targetHints":{"allow":["GET"]}}],"collection":[{"href":"https:\/\/staging.dyrsan.fr\/es\/wp-json\/wp\/v2\/product"}],"about":[{"href":"https:\/\/staging.dyrsan.fr\/es\/wp-json\/wp\/v2\/types\/product"}],"replies":[{"embeddable":true,"href":"https:\/\/staging.dyrsan.fr\/es\/wp-json\/wp\/v2\/comments?post=62077"}],"version-history":[{"count":1,"href":"https:\/\/staging.dyrsan.fr\/es\/wp-json\/wp\/v2\/product\/62077\/revisions"}],"predecessor-version":[{"id":66663,"href":"https:\/\/staging.dyrsan.fr\/es\/wp-json\/wp\/v2\/product\/62077\/revisions\/66663"}],"wp:featuredmedia":[{"embeddable":true,"href":"https:\/\/staging.dyrsan.fr\/es\/wp-json\/wp\/v2\/media\/62135"}],"wp:attachment":[{"href":"https:\/\/staging.dyrsan.fr\/es\/wp-json\/wp\/v2\/media?parent=62077"}],"wp:term":[{"taxonomy":"product_brand","embeddable":true,"href":"https:\/\/staging.dyrsan.fr\/es\/wp-json\/wp\/v2\/product_brand?post=62077"},{"taxonomy":"product_cat","embeddable":true,"href":"https:\/\/staging.dyrsan.fr\/es\/wp-json\/wp\/v2\/product_cat?post=62077"},{"taxonomy":"product_tag","embeddable":true,"href":"https:\/\/staging.dyrsan.fr\/es\/wp-json\/wp\/v2\/product_tag?post=62077"}],"curies":[{"name":"wp","href":"https:\/\/api.w.org\/{rel}","templated":true}]}}