{"id":62071,"date":"2025-08-28T12:04:28","date_gmt":"2025-08-28T12:04:28","guid":{"rendered":"https:\/\/www.2027.staging.dyrsan.fr\/?post_type=product&#038;p=62071"},"modified":"2026-03-14T11:00:58","modified_gmt":"2026-03-14T11:00:58","slug":"dhalia-bikini-en-velours-rouge-a-fleurs","status":"publish","type":"product","link":"https:\/\/staging.dyrsan.fr\/es\/shop\/dhalia-bikini-en-velours-rouge-a-fleurs\/","title":{"rendered":"Dhalia - Bikini de terciopelo rojo con flores"},"content":{"rendered":"<p>Bikini de terciopelo rojo con flores<\/p>\n<ul>\n<li>Tri\u00e1ngulo alto<\/li>\n<li>Acolchado extra\u00edble<\/li>\n<li>Bragas brasile\u00f1as<\/li>\n<li>Terciopelo el\u00e1stico rojo<\/li>\n<li>Totalmente forrado<\/li>\n<li>Composici\u00f3n: 80% Poliamida, 20% Elastano<\/li>\n<li>La modelo lleva una talla S \/ 36 FR<\/li>\n<\/ul>","protected":false},"excerpt":{"rendered":"<p>Nuestro bikini floral de terciopelo rojo 'Dhalia' presenta flores esculturales en la parte superior del bikini triangular, lo que a\u00f1ade un toque \u00fanico y art\u00edstico a este traje de ba\u00f1o. El suave tejido de terciopelo ofrece un tacto lujoso, mientras que los tirantes ajustables garantizan un ajuste c\u00f3modo. Este conjunto de bikini es perfecto para las que quieren hacer una declaraci\u00f3n de intenciones combinando elegancia y creatividad.<\/p>","protected":false},"featured_media":62105,"comment_status":"open","ping_status":"closed","template":"","meta":[],"product_brand":[370],"product_cat":[428],"product_tag":[164,367],"class_list":{"0":"post-62071","1":"product","2":"type-product","3":"status-publish","4":"has-post-thumbnail","6":"product_brand-dyrsan","7":"product_cat-swimwear","8":"product_tag-bikini","9":"product_tag-collection-2026","11":"first","12":"instock","13":"purchasable","14":"product-type-variable","15":"has-default-attributes"},"_links":{"self":[{"href":"https:\/\/staging.dyrsan.fr\/es\/wp-json\/wp\/v2\/product\/62071","targetHints":{"allow":["GET"]}}],"collection":[{"href":"https:\/\/staging.dyrsan.fr\/es\/wp-json\/wp\/v2\/product"}],"about":[{"href":"https:\/\/staging.dyrsan.fr\/es\/wp-json\/wp\/v2\/types\/product"}],"replies":[{"embeddable":true,"href":"https:\/\/staging.dyrsan.fr\/es\/wp-json\/wp\/v2\/comments?post=62071"}],"version-history":[{"count":1,"href":"https:\/\/staging.dyrsan.fr\/es\/wp-json\/wp\/v2\/product\/62071\/revisions"}],"predecessor-version":[{"id":66659,"href":"https:\/\/staging.dyrsan.fr\/es\/wp-json\/wp\/v2\/product\/62071\/revisions\/66659"}],"wp:featuredmedia":[{"embeddable":true,"href":"https:\/\/staging.dyrsan.fr\/es\/wp-json\/wp\/v2\/media\/62105"}],"wp:attachment":[{"href":"https:\/\/staging.dyrsan.fr\/es\/wp-json\/wp\/v2\/media?parent=62071"}],"wp:term":[{"taxonomy":"product_brand","embeddable":true,"href":"https:\/\/staging.dyrsan.fr\/es\/wp-json\/wp\/v2\/product_brand?post=62071"},{"taxonomy":"product_cat","embeddable":true,"href":"https:\/\/staging.dyrsan.fr\/es\/wp-json\/wp\/v2\/product_cat?post=62071"},{"taxonomy":"product_tag","embeddable":true,"href":"https:\/\/staging.dyrsan.fr\/es\/wp-json\/wp\/v2\/product_tag?post=62071"}],"curies":[{"name":"wp","href":"https:\/\/api.w.org\/{rel}","templated":true}]}}