{"id":18807,"date":"2021-02-01T11:06:30","date_gmt":"2021-02-01T10:06:30","guid":{"rendered":"https:\/\/www.carinedyrsan.com\/?page_id=18807"},"modified":"2025-12-25T14:54:26","modified_gmt":"2025-12-25T14:54:26","slug":"mentions-legale","status":"publish","type":"page","link":"https:\/\/staging.dyrsan.fr\/es\/mentions-legale\/","title":{"rendered":"Informaci\u00f3n jur\u00eddica"},"content":{"rendered":"<div data-elementor-type=\"wp-page\" data-elementor-id=\"18807\" class=\"elementor elementor-18807\">\n\t\t\t\t<div class=\"elementor-element elementor-element-46a6127 e-flex e-con-boxed elementor-invisible e-con e-parent\" data-id=\"46a6127\" data-element_type=\"container\" data-e-type=\"container\" data-settings=\"{&quot;background_background&quot;:&quot;classic&quot;,&quot;animation&quot;:&quot;h-neuron-animation--slideUp&quot;}\">\n\t\t\t\t\t<div class=\"e-con-inner\">\n\t\t\t\t<div class=\"elementor-element elementor-element-92076b8 elementor-invisible elementor-widget elementor-widget-heading\" data-id=\"92076b8\" data-element_type=\"widget\" data-e-type=\"widget\" data-settings=\"{&quot;_animation&quot;:&quot;h-neuron-animation--slideUp&quot;,&quot;_animation_delay&quot;:400}\" data-widget_type=\"heading.default\">\n\t\t\t\t\t<h3 class=\"elementor-heading-title elementor-size-default\">Informaci\u00f3n<br> legal<\/h3>\t\t\t\t<\/div>\n\t\t\t\t<div class=\"elementor-element elementor-element-0fedafb elementor-invisible elementor-widget elementor-widget-heading\" data-id=\"0fedafb\" data-element_type=\"widget\" data-e-type=\"widget\" data-settings=\"{&quot;_animation&quot;:&quot;h-neuron-animation--slideUp&quot;,&quot;_animation_delay&quot;:200}\" data-widget_type=\"heading.default\">\n\t\t\t\t\t<span class=\"elementor-heading-title elementor-size-default\">de la empresa D'Yrsan\n<\/span>\t\t\t\t<\/div>\n\t\t\t\t\t<\/div>\n\t\t\t\t<\/div>\n\t\t<div class=\"elementor-element elementor-element-6711df2 e-con-full e-flex e-con e-parent\" data-id=\"6711df2\" data-element_type=\"container\" data-e-type=\"container\" data-settings=\"{&quot;background_background&quot;:&quot;classic&quot;,&quot;animation&quot;:&quot;none&quot;}\">\n\t\t\t\t<div class=\"elementor-element elementor-element-f2e838d animated-slow elementor-invisible elementor-widget elementor-widget-heading\" data-id=\"f2e838d\" data-element_type=\"widget\" data-e-type=\"widget\" data-settings=\"{&quot;_animation&quot;:&quot;h-neuron-animation--slideUp&quot;}\" data-widget_type=\"heading.default\">\n\t\t\t\t\t<h6 class=\"elementor-heading-title elementor-size-default\">Pre\u00e1mbulo\n<\/h6>\t\t\t\t<\/div>\n\t\t\t\t<div class=\"elementor-element elementor-element-5789078 elementor-widget-mobile__width-initial animated-slow elementor-invisible elementor-widget elementor-widget-text-editor\" data-id=\"5789078\" data-element_type=\"widget\" data-e-type=\"widget\" data-settings=\"{&quot;_animation&quot;:&quot;h-neuron-animation--slideUp&quot;}\" data-widget_type=\"text-editor.default\">\n\t\t\t\t\t\t\t\t\t<p>\u00daltima actualizaci\u00f3n: 28\/08\/2025<\/p>\t\t\t\t\t\t\t\t<\/div>\n\t\t\t\t<div class=\"elementor-element elementor-element-67f1f58 elementor-widget-mobile__width-initial animated-slow elementor-invisible elementor-widget elementor-widget-text-editor\" data-id=\"67f1f58\" data-element_type=\"widget\" data-e-type=\"widget\" data-settings=\"{&quot;_animation&quot;:&quot;h-neuron-animation--slideUp&quot;}\" data-widget_type=\"text-editor.default\">\n\t\t\t\t\t\t\t\t\t<p>En virtud de lo dispuesto en el art\u00edculo 6 de la Ley n\u00ba 2004-575 de 21 de junio de 2004 sobre la confianza en la econom\u00eda digital, se informa a los usuarios del sitio web staging.dyrsan.fr de la identidad de las distintas partes implicadas en su creaci\u00f3n y seguimiento.<br \/><br \/><\/p><h6>Identificaci\u00f3n del editor<\/h6><p>El sitioestaging.dyrsan.fr est\u00e1 editado por D'YRSAN, sociedad registrada en Francia con el n\u00famero 897 537 015.Domicilio social: 78 avenue des Champs-\u00c9lys\u00e9es, 75008 Par\u00eds.N\u00famero de IVA intracomunitario: FR85897537015.Responsable de la publicaci\u00f3n: D'YRSAN - contacto : <a class=\"decorated-link cursor-pointer\" rel=\"noopener\" data-start=\"871\" data-end=\"885\">info@staging.dyrsan.fr<\/a>. Webmaster : Agencia Loxence - <a class=\"decorated-link cursor-pointer\" rel=\"noopener\" data-start=\"924\" data-end=\"943\">support@loxence.com<\/a>.<br data-start=\"944\" data-end=\"947\" \/>Alojamiento: OVH, 2 rue Kellermann, BP 80157, 59053 Roubaix Cedex 1.<\/p>\t\t\t\t\t\t\t\t<\/div>\n\t\t\t\t<div class=\"elementor-element elementor-element-979f6f4 elementor-widget elementor-widget-spacer\" data-id=\"979f6f4\" data-element_type=\"widget\" data-e-type=\"widget\" data-widget_type=\"spacer.default\">\n\t\t\t\t\t\t\t<div class=\"elementor-spacer\">\n\t\t\t<div class=\"elementor-spacer-inner\"><\/div>\n\t\t<\/div>\n\t\t\t\t\t\t<\/div>\n\t\t\t\t<div class=\"elementor-element elementor-element-e98fe43 elementor-widget-mobile__width-initial animated-slow elementor-invisible elementor-widget elementor-widget-text-editor\" data-id=\"e98fe43\" data-element_type=\"widget\" data-e-type=\"widget\" data-settings=\"{&quot;_animation&quot;:&quot;h-neuron-animation--slideUp&quot;}\" data-widget_type=\"text-editor.default\">\n\t\t\t\t\t\t\t\t\t<p>Condiciones de uso<\/p><p>El acceso y la utilizaci\u00f3n del sitio web staging.dyrsan.fr implican la plena aceptaci\u00f3n de las presentes condiciones generales de uso. \u00c9stas podr\u00e1n ser modificadas o completadas en cualquier momento, por lo que se aconseja a los usuarios que las consulten peri\u00f3dicamente.<br \/>La informaci\u00f3n publicada en este sitio web tiene car\u00e1cter meramente informativo y est\u00e1 sujeta a cambios. No es exhaustiva y puede actualizarse una vez puesta en l\u00ednea.<\/p><p>Propiedad intelectual<\/p><p>Todos los elementos accesibles en el sitio, en particular los textos, im\u00e1genes, gr\u00e1ficos, logotipos, iconos, sonidos y software, son propiedad exclusiva de D'YRSAN o son objeto de un derecho de uso concedido.<br \/>Queda prohibida toda reproducci\u00f3n, representaci\u00f3n, modificaci\u00f3n, publicaci\u00f3n o adaptaci\u00f3n, total o parcial, de estos elementos, por cualquier procedimiento, sin la autorizaci\u00f3n previa y por escrito de D'YRSAN. Cualquier uso no autorizado constituir\u00e1 una infracci\u00f3n, sancionable de conformidad con los art\u00edculos L.335-2 y siguientes del C\u00f3digo de la Propiedad Intelectual franc\u00e9s.<\/p><p>Limitaci\u00f3n de responsabilidad<\/p><p>D'YRSAN no se hace responsable de los da\u00f1os directos o indirectos causados al equipo del usuario al acceder al sitio, ya sea por el uso de un equipo inadecuado o por la aparici\u00f3n de un error o incompatibilidad.<br \/>D'YRSAN no se hace responsable de los da\u00f1os indirectos, como la p\u00e9rdida de mercado, la p\u00e9rdida de oportunidades o cualquier otra p\u00e9rdida derivada del uso del sitio.<br \/>Los usuarios tienen a su disposici\u00f3n espacios interactivos. D'YRSAN se reserva el derecho de suprimir, sin previo aviso, cualquier contenido que contravenga la legislaci\u00f3n francesa, en particular en materia de protecci\u00f3n de datos, o que sea ofensivo, difamatorio, racista, discriminatorio o pornogr\u00e1fico.<\/p><p>Datos personales<\/p><p>Los datos personales de los usuarios del sitio web staging.dyrsan.fr se recogen y tratan de conformidad con la legislaci\u00f3n vigente, en particular la Ley n\u00ba 78-17 de 6 de enero de 1978 modificada y el Reglamento General de Protecci\u00f3n de Datos (RGPD).<br \/>La informaci\u00f3n susceptible de ser recogida incluye la URL de acceso, el proveedor de acceso y la direcci\u00f3n IP del usuario. Estos datos s\u00f3lo se recogen a efectos de los servicios ofrecidos en el sitio y con el consentimiento informado del usuario.<br \/>De conformidad con las disposiciones legales, todos los usuarios tienen derecho de acceso, rectificaci\u00f3n, oposici\u00f3n y supresi\u00f3n de los datos que les conciernen. Estos derechos pueden ejercerse enviando un correo electr\u00f3nico a contact@staging.dyrsan.fr.<br \/>acompa\u00f1ado de una copia de un documento de identidad firmado.<br \/>No se publica, intercambia ni transfiere ning\u00fan dato personal sin el consentimiento del usuario, excepto en caso de transferencia de la empresa D'YRSAN, en cuyo caso el cesionario estar\u00eda sujeto a las mismas obligaciones.<\/p><p>Hiperenlaces y cookies<\/p><p>El sitio puede contener enlaces de hipertexto hacia otros sitios. D'YRSAN no ejerce ning\u00fan control sobre estos contenidos y no se hace responsable de la informaci\u00f3n que contengan.<br \/>Las cookies se utilizan para mejorar la experiencia de navegaci\u00f3n y medir la audiencia. Los usuarios pueden desactivar las cookies en la configuraci\u00f3n de su navegador, aunque esto puede afectar a determinadas funciones del sitio.<\/p><p>Legislaci\u00f3n y jurisdicci\u00f3n aplicables<\/p><p>Todo litigio relativo a la utilizaci\u00f3n del sitio staging.dyrsan.fr se rige por el derecho franc\u00e9s. Se atribuye competencia exclusiva a los tribunales de la jurisdicci\u00f3n del Tribunal de Apelaci\u00f3n de Par\u00eds.<\/p><p>Definiciones<\/p><p>Usuario: cualquier persona que acceda y navegue por el sitio.<\/p><p>Informaci\u00f3n personal: cualquier dato que permita la identificaci\u00f3n directa o indirecta de una persona f\u00edsica, en el sentido del art\u00edculo 4 de la ley n\u00ba 78-17 de 6 de enero de 1978.<\/p>\t\t\t\t\t\t\t\t<\/div>\n\t\t\t\t<div class=\"elementor-element elementor-element-1cb398c elementor-widget elementor-widget-spacer\" data-id=\"1cb398c\" data-element_type=\"widget\" data-e-type=\"widget\" data-widget_type=\"spacer.default\">\n\t\t\t\t\t\t\t<div class=\"elementor-spacer\">\n\t\t\t<div class=\"elementor-spacer-inner\"><\/div>\n\t\t<\/div>\n\t\t\t\t\t\t<\/div>\n\t\t\t\t<div class=\"elementor-element elementor-element-8ba904f elementor-widget elementor-widget-spacer\" data-id=\"8ba904f\" data-element_type=\"widget\" data-e-type=\"widget\" data-widget_type=\"spacer.default\">\n\t\t\t\t\t\t\t<div class=\"elementor-spacer\">\n\t\t\t<div class=\"elementor-spacer-inner\"><\/div>\n\t\t<\/div>\n\t\t\t\t\t\t<\/div>\n\t\t\t\t<\/div>\n\t\t\t\t<\/div>","protected":false},"excerpt":{"rendered":"<p>Mentions l\u00e9gale de la soci\u00e9t\u00e9 D\u2019Yrsan Pr\u00e9ambule Derni\u00e8re mise \u00e0 jour : 28\/08\/2025 En vertu des dispositions de l\u2019article 6 de la loi n\u00b0 2004-575 du 21 juin 2004 pour la confiance dans l\u2019\u00e9conomie num\u00e9rique, il est pr\u00e9cis\u00e9 aux utilisateurs du site staging.dyrsan.fr l\u2019identit\u00e9 des diff\u00e9rents intervenants dans le cadre de sa r\u00e9alisation et de&#8230;<\/p>","protected":false},"author":1,"featured_media":0,"parent":0,"menu_order":0,"comment_status":"closed","ping_status":"closed","template":"","meta":{"footnotes":""},"class_list":["post-18807","page","type-page","status-publish","hentry"],"_links":{"self":[{"href":"https:\/\/staging.dyrsan.fr\/es\/wp-json\/wp\/v2\/pages\/18807","targetHints":{"allow":["GET"]}}],"collection":[{"href":"https:\/\/staging.dyrsan.fr\/es\/wp-json\/wp\/v2\/pages"}],"about":[{"href":"https:\/\/staging.dyrsan.fr\/es\/wp-json\/wp\/v2\/types\/page"}],"author":[{"embeddable":true,"href":"https:\/\/staging.dyrsan.fr\/es\/wp-json\/wp\/v2\/users\/1"}],"replies":[{"embeddable":true,"href":"https:\/\/staging.dyrsan.fr\/es\/wp-json\/wp\/v2\/comments?post=18807"}],"version-history":[{"count":9,"href":"https:\/\/staging.dyrsan.fr\/es\/wp-json\/wp\/v2\/pages\/18807\/revisions"}],"predecessor-version":[{"id":71799,"href":"https:\/\/staging.dyrsan.fr\/es\/wp-json\/wp\/v2\/pages\/18807\/revisions\/71799"}],"wp:attachment":[{"href":"https:\/\/staging.dyrsan.fr\/es\/wp-json\/wp\/v2\/media?parent=18807"}],"curies":[{"name":"wp","href":"https:\/\/api.w.org\/{rel}","templated":true}]}}