{"id":1023,"date":"2024-06-11T12:44:54","date_gmt":"2024-06-11T12:44:54","guid":{"rendered":"https:\/\/neuronthemes.com\/cenes\/?page_id=1023"},"modified":"2026-03-20T12:06:26","modified_gmt":"2026-03-20T12:06:26","slug":"blog","status":"publish","type":"page","link":"https:\/\/staging.dyrsan.fr\/es\/blog\/","title":{"rendered":"Revista"},"content":{"rendered":"<div data-elementor-type=\"wp-page\" data-elementor-id=\"1023\" class=\"elementor elementor-1023\">\n\t\t\t\t<div class=\"elementor-element elementor-element-1a278cf e-flex e-con-boxed e-con e-parent\" data-id=\"1a278cf\" data-element_type=\"container\" data-e-type=\"container\">\n\t\t\t\t\t<div class=\"e-con-inner\">\n\t\t\t\t<div class=\"elementor-element elementor-element-c2c197a elementor-widget elementor-widget-spacer\" data-id=\"c2c197a\" data-element_type=\"widget\" data-e-type=\"widget\" data-widget_type=\"spacer.default\">\n\t\t\t\t\t\t\t<div class=\"elementor-spacer\">\n\t\t\t<div class=\"elementor-spacer-inner\"><\/div>\n\t\t<\/div>\n\t\t\t\t\t\t<\/div>\n\t\t\t\t<div class=\"elementor-element elementor-element-8b2ac92 l-neuron-grid-wrapper--columns__3 l-neuron-grid-wrapper-tablet--columns__2 l-neuron-grid-wrapper-mobile--columns__1 m-neuron-posts--thumbnail-top m-neuron-posts--layout-grid elementor-invisible elementor-widget elementor-widget-neuron-posts\" data-id=\"8b2ac92\" data-element_type=\"widget\" data-e-type=\"widget\" data-settings=\"{&quot;columns&quot;:&quot;3&quot;,&quot;columns_tablet&quot;:&quot;2&quot;,&quot;columns_mobile&quot;:&quot;1&quot;,&quot;layout&quot;:&quot;grid&quot;,&quot;pagination&quot;:&quot;none&quot;,&quot;row_gap&quot;:{&quot;unit&quot;:&quot;px&quot;,&quot;size&quot;:35,&quot;sizes&quot;:[]},&quot;row_gap_tablet&quot;:{&quot;unit&quot;:&quot;px&quot;,&quot;size&quot;:&quot;&quot;,&quot;sizes&quot;:[]},&quot;row_gap_mobile&quot;:{&quot;unit&quot;:&quot;px&quot;,&quot;size&quot;:&quot;&quot;,&quot;sizes&quot;:[]},&quot;animation&quot;:&quot;yes&quot;,&quot;neuron_animations&quot;:&quot;h-neuron-animation--slideUp&quot;,&quot;neuron_animations_duration&quot;:&quot;animated&quot;,&quot;animation_delay&quot;:0}\" data-widget_type=\"neuron-posts.default\">\n\t\t\t\t<div class=\"elementor-widget-container\">\n\t\t\t\t\t\t\t\t\t\t\t<div class=\"l-neuron-grid\" data-masonry-id=\"f8eeac2220e3b05be7e3a823414a6b23\">\r\n\t\t\t\t\t\t\t\t\t\t\t\t<article class=\"l-neuron-grid__item h-neuron-animation--wow m-neuron-post post-75168 post type-post status-publish format-standard has-post-thumbnail hentry category-developpement-de-marque\" data-id=\"75168\">\r\n\t\t\t\t\t\t\t\t<div class=\"m-neuron-post__inner m-neuron-post__inner--classic\">\r\n            <a class=\"m-neuron-post__thumbnail--link\"  href=\"https:\/\/staging.dyrsan.fr\/es\/prototype-vetement-guide-collection-mode\/\"><div class=\"m-neuron-post__thumbnail\"><img width=\"1300\" height=\"726\" src=\"https:\/\/staging.dyrsan.fr\/wp-content\/uploads\/2026\/03\/dyrsan-campagne-4-1324x739.jpg\" class=\"attachment-large size-large wp-post-image\" alt=\"\" srcset=\"https:\/\/staging.dyrsan.fr\/wp-content\/uploads\/2026\/03\/dyrsan-campagne-4-1324x739.jpg 1324w, https:\/\/staging.dyrsan.fr\/wp-content\/uploads\/2026\/03\/dyrsan-campagne-4-1100x614.jpg 1100w, https:\/\/staging.dyrsan.fr\/wp-content\/uploads\/2026\/03\/dyrsan-campagne-4-768x429.jpg 768w, https:\/\/staging.dyrsan.fr\/wp-content\/uploads\/2026\/03\/dyrsan-campagne-4-18x10.jpg 18w, https:\/\/staging.dyrsan.fr\/wp-content\/uploads\/2026\/03\/dyrsan-campagne-4-1000x558.jpg 1000w, https:\/\/staging.dyrsan.fr\/wp-content\/uploads\/2026\/03\/dyrsan-campagne-4.jpg 1376w\" sizes=\"auto, (max-width: 1300px) 100vw, 1300px\" title=\"\" loading=\"lazy\" decoding=\"async\"><\/div><\/a>        <div class=\"m-neuron-post__text\">\r\n            <h3 class=\"m-neuron-post__title\"><a href=\"https:\/\/staging.dyrsan.fr\/es\/prototype-vetement-guide-collection-mode\/\">Prototipo de ropa: gu\u00eda completa para una colecci\u00f3n<\/a><\/h3>                        <div class=\"m-neuron-post__excerpt\">El prototipo de una prenda es mucho m\u00e1s que una simple maqueta: es la base t\u00e9cnica y creativa de cualquier colecci\u00f3n de \u00e9xito. En el despiadado mundo de la<\/div>                    <\/div>\r\n    <\/div>\t\t\t\t\t\t\t<\/article>\r\n\t\t\t\t\t\t\t\t\t\t\t\t\t\t<article class=\"l-neuron-grid__item h-neuron-animation--wow m-neuron-post post-75149 post type-post status-publish format-standard has-post-thumbnail hentry category-developpement-de-marque\" data-id=\"75149\">\r\n\t\t\t\t\t\t\t\t<div class=\"m-neuron-post__inner m-neuron-post__inner--classic\">\r\n            <a class=\"m-neuron-post__thumbnail--link\"  href=\"https:\/\/staging.dyrsan.fr\/es\/creer-sa-marque-de-vetement-sans-etre-styliste\/\"><div class=\"m-neuron-post__thumbnail\"><img width=\"1300\" height=\"1300\" src=\"https:\/\/staging.dyrsan.fr\/wp-content\/uploads\/2025\/12\/dyrsan-1-1324x1324.jpeg\" class=\"attachment-large size-large wp-post-image\" alt=\"\" srcset=\"https:\/\/staging.dyrsan.fr\/wp-content\/uploads\/2025\/12\/dyrsan-1-1324x1324.jpeg 1324w, https:\/\/staging.dyrsan.fr\/wp-content\/uploads\/2025\/12\/dyrsan-1-1100x1100.jpeg 1100w, https:\/\/staging.dyrsan.fr\/wp-content\/uploads\/2025\/12\/dyrsan-1-150x150.jpeg 150w, https:\/\/staging.dyrsan.fr\/wp-content\/uploads\/2025\/12\/dyrsan-1-768x768.jpeg 768w, https:\/\/staging.dyrsan.fr\/wp-content\/uploads\/2025\/12\/dyrsan-1-1536x1536.jpeg 1536w, https:\/\/staging.dyrsan.fr\/wp-content\/uploads\/2025\/12\/dyrsan-1-12x12.jpeg 12w, https:\/\/staging.dyrsan.fr\/wp-content\/uploads\/2025\/12\/dyrsan-1-1000x1000.jpeg 1000w, https:\/\/staging.dyrsan.fr\/wp-content\/uploads\/2025\/12\/dyrsan-1-100x100.jpeg 100w, https:\/\/staging.dyrsan.fr\/wp-content\/uploads\/2025\/12\/dyrsan-1.jpeg 2048w\" sizes=\"auto, (max-width: 1300px) 100vw, 1300px\" title=\"\" loading=\"lazy\" decoding=\"async\"><\/div><\/a>        <div class=\"m-neuron-post__text\">\r\n            <h3 class=\"m-neuron-post__title\"><a href=\"https:\/\/staging.dyrsan.fr\/es\/creer-sa-marque-de-vetement-sans-etre-styliste\/\">Crear tu propia marca de ropa sin ser estilista<\/a><\/h3>                        <div class=\"m-neuron-post__excerpt\">Crear tu propia marca de ropa sin ser estilista ya no es una quimera. Esta tendencia, alimentada por el auge del streetwear y la democratizaci\u00f3n de las herramientas de dise\u00f1o, es ya una realidad.<\/div>                    <\/div>\r\n    <\/div>\t\t\t\t\t\t\t<\/article>\r\n\t\t\t\t\t\t\t\t\t\t\t\t\t\t<article class=\"l-neuron-grid__item h-neuron-animation--wow m-neuron-post post-75024 post type-post status-publish format-standard has-post-thumbnail hentry category-strategies-de-marque category-developpement-de-marque\" data-id=\"75024\">\r\n\t\t\t\t\t\t\t\t<div class=\"m-neuron-post__inner m-neuron-post__inner--classic\">\r\n            <a class=\"m-neuron-post__thumbnail--link\"  href=\"https:\/\/staging.dyrsan.fr\/es\/choisir-son-atelier-de-confection-guide-complet\/\"><div class=\"m-neuron-post__thumbnail\"><img width=\"1300\" height=\"726\" src=\"https:\/\/staging.dyrsan.fr\/wp-content\/uploads\/2026\/03\/dyrsan-lookbook-1324x739.jpg\" class=\"attachment-large size-large wp-post-image\" alt=\"Elegir su taller\" srcset=\"https:\/\/staging.dyrsan.fr\/wp-content\/uploads\/2026\/03\/dyrsan-lookbook-1324x739.jpg 1324w, https:\/\/staging.dyrsan.fr\/wp-content\/uploads\/2026\/03\/dyrsan-lookbook-1100x614.jpg 1100w, https:\/\/staging.dyrsan.fr\/wp-content\/uploads\/2026\/03\/dyrsan-lookbook-768x429.jpg 768w, https:\/\/staging.dyrsan.fr\/wp-content\/uploads\/2026\/03\/dyrsan-lookbook-18x10.jpg 18w, https:\/\/staging.dyrsan.fr\/wp-content\/uploads\/2026\/03\/dyrsan-lookbook-1000x558.jpg 1000w, https:\/\/staging.dyrsan.fr\/wp-content\/uploads\/2026\/03\/dyrsan-lookbook.jpg 1376w\" sizes=\"auto, (max-width: 1300px) 100vw, 1300px\" title=\"\" loading=\"lazy\" decoding=\"async\"><\/div><\/a>        <div class=\"m-neuron-post__text\">\r\n            <h3 class=\"m-neuron-post__title\"><a href=\"https:\/\/staging.dyrsan.fr\/es\/choisir-son-atelier-de-confection-guide-complet\/\">Elegir su taller de confecci\u00f3n: gu\u00eda completa 2026<\/a><\/h3>                        <div class=\"m-neuron-post__excerpt\">Elegir su taller de confecci\u00f3n es una de las decisiones m\u00e1s estrat\u00e9gicas que puede tomar para el \u00e9xito de su marca. C\u00f3mo encontrar y elegir su taller<\/div>                    <\/div>\r\n    <\/div>\t\t\t\t\t\t\t<\/article>\r\n\t\t\t\t\t\t\t\t\t\t\t\t\t\t<article class=\"l-neuron-grid__item h-neuron-animation--wow m-neuron-post post-74983 post type-post status-publish format-standard has-post-thumbnail hentry category-tendance-saison tag-tendance-maillot-de-bain-2026 tag-tendances-2026 tag-tendances-maillots-de-bain\" data-id=\"74983\">\r\n\t\t\t\t\t\t\t\t<div class=\"m-neuron-post__inner m-neuron-post__inner--classic\">\r\n            <a class=\"m-neuron-post__thumbnail--link\"  href=\"https:\/\/staging.dyrsan.fr\/es\/les-7-tendances-maillots-de-bain-de-2026\/\"><div class=\"m-neuron-post__thumbnail\"><img width=\"1300\" height=\"726\" src=\"https:\/\/staging.dyrsan.fr\/wp-content\/uploads\/2026\/03\/dyrsan-swim-ss26-1324x739.jpg\" class=\"attachment-large size-large wp-post-image\" alt=\"tendencias en trajes de ba\u00f1o\" srcset=\"https:\/\/staging.dyrsan.fr\/wp-content\/uploads\/2026\/03\/dyrsan-swim-ss26-1324x739.jpg 1324w, https:\/\/staging.dyrsan.fr\/wp-content\/uploads\/2026\/03\/dyrsan-swim-ss26-1100x614.jpg 1100w, https:\/\/staging.dyrsan.fr\/wp-content\/uploads\/2026\/03\/dyrsan-swim-ss26-768x429.jpg 768w, https:\/\/staging.dyrsan.fr\/wp-content\/uploads\/2026\/03\/dyrsan-swim-ss26-1536x857.jpg 1536w, https:\/\/staging.dyrsan.fr\/wp-content\/uploads\/2026\/03\/dyrsan-swim-ss26-2048x1143.jpg 2048w, https:\/\/staging.dyrsan.fr\/wp-content\/uploads\/2026\/03\/dyrsan-swim-ss26-18x10.jpg 18w, https:\/\/staging.dyrsan.fr\/wp-content\/uploads\/2026\/03\/dyrsan-swim-ss26-1000x558.jpg 1000w\" sizes=\"auto, (max-width: 1300px) 100vw, 1300px\" title=\"\" loading=\"lazy\" decoding=\"async\"><\/div><\/a>        <div class=\"m-neuron-post__text\">\r\n            <h3 class=\"m-neuron-post__title\"><a href=\"https:\/\/staging.dyrsan.fr\/es\/les-7-tendances-maillots-de-bain-de-2026\/\">Las 7 tendencias en trajes de ba\u00f1o de 2026<\/a><\/h3>                        <div class=\"m-neuron-post__excerpt\">Estas 7 tendencias en trajes de ba\u00f1o para 2026 prometen revolucionar nuestros veranos con dise\u00f1os atrevidos y refinados.<\/div>                    <\/div>\r\n    <\/div>\t\t\t\t\t\t\t<\/article>\r\n\t\t\t\t\t\t\t\t\t\t\t\t\t\t<article class=\"l-neuron-grid__item h-neuron-animation--wow m-neuron-post post-68363 post type-post status-publish format-standard has-post-thumbnail hentry category-developpement-de-marque tag-business-plan-pret-a-porter tag-comment-creer-une-marque-de-pret-a-porter tag-etapes-pour-creer-une-marque-de-pret-a-porter tag-lancer-une-marque-de-pret-a-porter tag-strategie-marque-pret-a-porter\" data-id=\"68363\">\r\n\t\t\t\t\t\t\t\t<div class=\"m-neuron-post__inner m-neuron-post__inner--classic\">\r\n            <a class=\"m-neuron-post__thumbnail--link\"  href=\"https:\/\/staging.dyrsan.fr\/es\/creer-une-marque-de-pret-a-porter\/\"><div class=\"m-neuron-post__thumbnail\"><img width=\"1300\" height=\"729\" src=\"https:\/\/staging.dyrsan.fr\/wp-content\/uploads\/2025\/12\/dyrsan-59-1324x742.png\" class=\"attachment-large size-large wp-post-image\" alt=\"\" srcset=\"https:\/\/staging.dyrsan.fr\/wp-content\/uploads\/2025\/12\/dyrsan-59-1324x742.png 1324w, https:\/\/staging.dyrsan.fr\/wp-content\/uploads\/2025\/12\/dyrsan-59-1100x616.png 1100w, https:\/\/staging.dyrsan.fr\/wp-content\/uploads\/2025\/12\/dyrsan-59-768x430.png 768w, https:\/\/staging.dyrsan.fr\/wp-content\/uploads\/2025\/12\/dyrsan-59-18x10.png 18w, https:\/\/staging.dyrsan.fr\/wp-content\/uploads\/2025\/12\/dyrsan-59-1000x560.png 1000w, https:\/\/staging.dyrsan.fr\/wp-content\/uploads\/2025\/12\/dyrsan-59.png 1456w\" sizes=\"auto, (max-width: 1300px) 100vw, 1300px\" title=\"\" loading=\"lazy\" decoding=\"async\"><\/div><\/a>        <div class=\"m-neuron-post__text\">\r\n            <h3 class=\"m-neuron-post__title\"><a href=\"https:\/\/staging.dyrsan.fr\/es\/creer-une-marque-de-pret-a-porter\/\">Crear una marca de pr\u00eat-\u00e0-porter: gu\u00eda completa<\/a><\/h3>                        <div class=\"m-neuron-post__excerpt\">\u00bfSue\u00f1a con crear su propia marca de pr\u00eat-\u00e0-porter, pero no sabe por d\u00f3nde empezar? Entre creatividad, estrategia y negocio, el<\/div>                    <\/div>\r\n    <\/div>\t\t\t\t\t\t\t<\/article>\r\n\t\t\t\t\t\t\t\t\t\t\t\t\t\t<article class=\"l-neuron-grid__item h-neuron-animation--wow m-neuron-post post-59575 post type-post status-publish format-standard has-post-thumbnail hentry category-developpement-de-marque tag-comment-creer-une-marque-de-maillot tag-comment-creer-une-marque-de-maillot-de-bain tag-creer-marque-de-bikini tag-creer-sa-marque-de-maillot-de-bain tag-creer-une-entreprise-de-maillot-de-bain tag-creer-une-marque-de-maillot tag-creer-une-marque-de-maillot-de-bain tag-creer-une-marque-de-maillots-de-bain tag-developpement-marque-de-maillot-de-bain tag-lancer-sa-marque-de-maillot-de-bain tag-lancer-sa-marque-de-maillots-de-bain-eco-responsable tag-lancer-une-marque-de-maillot-de-bain tag-maillot-de-bain-eco-responsable-france tag-maillot-de-bain-eco-responsable-suisse tag-maillots-de-bain-eco-responsable tag-marque-eco-responsable tag-marque-eco-responsable-france tag-tissu-maillot-de-bain-eco-responsable\" data-id=\"59575\">\r\n\t\t\t\t\t\t\t\t<div class=\"m-neuron-post__inner m-neuron-post__inner--classic\">\r\n            <a class=\"m-neuron-post__thumbnail--link\"  href=\"https:\/\/staging.dyrsan.fr\/es\/lancer-sa-marque-de-maillots-de-bain-eco-responsable\/\"><div class=\"m-neuron-post__thumbnail\"><img width=\"1184\" height=\"864\" src=\"https:\/\/staging.dyrsan.fr\/wp-content\/uploads\/2025\/03\/dyrsan-lookbook-1-1773915584343.png\" class=\"attachment-large size-large wp-post-image\" alt=\"\" srcset=\"https:\/\/staging.dyrsan.fr\/wp-content\/uploads\/2025\/03\/dyrsan-lookbook-1-1773915584343.png 1184w, https:\/\/staging.dyrsan.fr\/wp-content\/uploads\/2025\/03\/dyrsan-lookbook-1-1773915584343-1100x803.png 1100w, https:\/\/staging.dyrsan.fr\/wp-content\/uploads\/2025\/03\/dyrsan-lookbook-1-1773915584343-768x560.png 768w, https:\/\/staging.dyrsan.fr\/wp-content\/uploads\/2025\/03\/dyrsan-lookbook-1-1773915584343-16x12.png 16w, https:\/\/staging.dyrsan.fr\/wp-content\/uploads\/2025\/03\/dyrsan-lookbook-1-1773915584343-1000x730.png 1000w\" sizes=\"auto, (max-width: 1184px) 100vw, 1184px\" title=\"\" loading=\"lazy\" decoding=\"async\"><\/div><\/a>        <div class=\"m-neuron-post__text\">\r\n            <h3 class=\"m-neuron-post__title\"><a href=\"https:\/\/staging.dyrsan.fr\/es\/lancer-sa-marque-de-maillots-de-bain-eco-responsable\/\">Lanzamiento de una marca de trajes de ba\u00f1o ecorresponsable<\/a><\/h3>                        <div class=\"m-neuron-post__excerpt\">Lanzar una marca de trajes de ba\u00f1o ecorresponsables significa combinar la pasi\u00f3n por la moda con el compromiso con el planeta. Con un mercado en plena<\/div>                    <\/div>\r\n    <\/div>\t\t\t\t\t\t\t<\/article>\r\n\t\t\t\t\t\t\t\t\t\t\t\t\t\t<article class=\"l-neuron-grid__item h-neuron-animation--wow m-neuron-post post-55305 post type-post status-publish format-standard has-post-thumbnail hentry category-developpement-de-marque tag-comment-creer-une-marque-de-lingerie tag-creation-de-marque-de-lingerie tag-creer-une-marque-de-lingerie tag-demarrer-une-marque-de-lingerie tag-developper-une-marque-de-lingerie tag-innovations-lingerie-2025 tag-lancer-sa-marque-de-lingerie tag-lancer-une-marque-de-lingerie tag-lingerie-durable-et-ethique tag-lingerie-ecologique-2025 tag-lingerie-minimaliste tag-lingerie-pastel-ete-2025 tag-mode-lingerie-2025 tag-motifs-floraux-lingerie tag-tendances-lingerie-ete-2025 tag-tendances-sous-vetements-feminins\" data-id=\"55305\">\r\n\t\t\t\t\t\t\t\t<div class=\"m-neuron-post__inner m-neuron-post__inner--classic\">\r\n            <a class=\"m-neuron-post__thumbnail--link\"  href=\"https:\/\/staging.dyrsan.fr\/es\/lancer-sa-marque-de-lingerie\/\"><div class=\"m-neuron-post__thumbnail\"><img width=\"1024\" height=\"638\" src=\"https:\/\/staging.dyrsan.fr\/wp-content\/uploads\/2024\/09\/dyrsan-lingerie-4-e1757073820441.png\" class=\"attachment-large size-large wp-post-image\" alt=\"\" srcset=\"https:\/\/staging.dyrsan.fr\/wp-content\/uploads\/2024\/09\/dyrsan-lingerie-4-e1757073820441.png 1024w, https:\/\/staging.dyrsan.fr\/wp-content\/uploads\/2024\/09\/dyrsan-lingerie-4-e1757073820441-1000x623.png 1000w, https:\/\/staging.dyrsan.fr\/wp-content\/uploads\/2024\/09\/dyrsan-lingerie-4-e1757073820441-768x479.png 768w, https:\/\/staging.dyrsan.fr\/wp-content\/uploads\/2024\/09\/dyrsan-lingerie-4-e1757073820441-18x12.png 18w, https:\/\/staging.dyrsan.fr\/wp-content\/uploads\/2024\/09\/dyrsan-lingerie-4-e1757073820441-800x498.png 800w\" sizes=\"auto, (max-width: 1024px) 100vw, 1024px\" title=\"\" loading=\"lazy\" decoding=\"async\"><\/div><\/a>        <div class=\"m-neuron-post__text\">\r\n            <h3 class=\"m-neuron-post__title\"><a href=\"https:\/\/staging.dyrsan.fr\/es\/lancer-sa-marque-de-lingerie\/\">Lanza tu propia marca de lencer\u00eda, descubre las tendencias en lencer\u00eda para el verano 2025<\/a><\/h3>                        <div class=\"m-neuron-post__excerpt\">El verano de 2025 promete ser prometedor para la moda lencera, que combina elegancia, comodidad y durabilidad.<\/div>                    <\/div>\r\n    <\/div>\t\t\t\t\t\t\t<\/article>\r\n\t\t\t\t\t\t\t\t\t\t\t\t\t\t<article class=\"l-neuron-grid__item h-neuron-animation--wow m-neuron-post post-54923 post type-post status-publish format-standard has-post-thumbnail hentry category-developpement-de-marque tag-comment-creer-une-marque-de-maillot tag-comment-creer-une-marque-de-maillot-de-bain tag-creer-marque-de-bikini tag-creer-sa-marque-de-maillot-de-bain tag-creer-une-entreprise-de-maillot-de-bain tag-creer-une-marque-de-maillot tag-creer-une-marque-de-maillot-de-bain tag-creer-une-marque-de-maillots-de-bain tag-developpement-marque-de-maillot-de-bain tag-developper-une-collection-swimwear tag-lancer-sa-marque-de-maillot-de-bain tag-lancer-une-marque-de-maillot-de-bain\" data-id=\"54923\">\r\n\t\t\t\t\t\t\t\t<div class=\"m-neuron-post__inner m-neuron-post__inner--classic\">\r\n            <a class=\"m-neuron-post__thumbnail--link\"  href=\"https:\/\/staging.dyrsan.fr\/es\/creer-sa-marque-de-maillot-de-bain-les-etapes-cles\/\"><div class=\"m-neuron-post__thumbnail\"><img width=\"1300\" height=\"726\" src=\"https:\/\/staging.dyrsan.fr\/wp-content\/uploads\/2024\/06\/dyrsan-creer-marque-de-baine-1324x739.jpg\" class=\"attachment-large size-large wp-post-image\" alt=\"Crear su propia marca de trajes de ba\u00f1o\" srcset=\"https:\/\/staging.dyrsan.fr\/wp-content\/uploads\/2024\/06\/dyrsan-creer-marque-de-baine-1324x739.jpg 1324w, https:\/\/staging.dyrsan.fr\/wp-content\/uploads\/2024\/06\/dyrsan-creer-marque-de-baine-1100x614.jpg 1100w, https:\/\/staging.dyrsan.fr\/wp-content\/uploads\/2024\/06\/dyrsan-creer-marque-de-baine-768x429.jpg 768w, https:\/\/staging.dyrsan.fr\/wp-content\/uploads\/2024\/06\/dyrsan-creer-marque-de-baine-1536x857.jpg 1536w, https:\/\/staging.dyrsan.fr\/wp-content\/uploads\/2024\/06\/dyrsan-creer-marque-de-baine-2048x1143.jpg 2048w, https:\/\/staging.dyrsan.fr\/wp-content\/uploads\/2024\/06\/dyrsan-creer-marque-de-baine-18x10.jpg 18w, https:\/\/staging.dyrsan.fr\/wp-content\/uploads\/2024\/06\/dyrsan-creer-marque-de-baine-1000x558.jpg 1000w\" sizes=\"auto, (max-width: 1300px) 100vw, 1300px\" title=\"\" loading=\"lazy\" decoding=\"async\"><\/div><\/a>        <div class=\"m-neuron-post__text\">\r\n            <h3 class=\"m-neuron-post__title\"><a href=\"https:\/\/staging.dyrsan.fr\/es\/creer-sa-marque-de-maillot-de-bain-les-etapes-cles\/\">Crear su propia marca de trajes de ba\u00f1o: las etapas clave<\/a><\/h3>                        <div class=\"m-neuron-post__excerpt\">Crear tu propia marca de trajes de ba\u00f1o puede parecer una tarea desalentadora, pero con los pasos adecuados y la orientaci\u00f3n de un experto, puedes<\/div>                    <\/div>\r\n    <\/div>\t\t\t\t\t\t\t<\/article>\r\n\t\t\t\t\t\t\t\t\t\t\t<\/div>\r\n\t\t\t\r\n\t\t\t\t\t\t<\/div>\n\t\t\t\t<\/div>\n\t\t\t\t\t<\/div>\n\t\t\t\t<\/div>\n\t\t\t\t<\/div>","protected":false},"excerpt":{"rendered":"<p>Choisir son atelier de confection : guide complet 2026 Choisir son atelier de confection repr\u00e9sente l&rsquo;une des d\u00e9cisions les plus strat\u00e9giques pour le succ\u00e8s de votre marque. Comment trouver et choisir son atelier Les 7 tendances maillots de bain de 2026 Ces 7 tendances maillots de bain de 2026 promettent de r\u00e9volutionner nos \u00e9t\u00e9s avec&#8230;<\/p>","protected":false},"author":1,"featured_media":0,"parent":0,"menu_order":0,"comment_status":"closed","ping_status":"closed","template":"","meta":{"footnotes":""},"class_list":["post-1023","page","type-page","status-publish","hentry"],"_links":{"self":[{"href":"https:\/\/staging.dyrsan.fr\/es\/wp-json\/wp\/v2\/pages\/1023","targetHints":{"allow":["GET"]}}],"collection":[{"href":"https:\/\/staging.dyrsan.fr\/es\/wp-json\/wp\/v2\/pages"}],"about":[{"href":"https:\/\/staging.dyrsan.fr\/es\/wp-json\/wp\/v2\/types\/page"}],"author":[{"embeddable":true,"href":"https:\/\/staging.dyrsan.fr\/es\/wp-json\/wp\/v2\/users\/1"}],"replies":[{"embeddable":true,"href":"https:\/\/staging.dyrsan.fr\/es\/wp-json\/wp\/v2\/comments?post=1023"}],"version-history":[{"count":4,"href":"https:\/\/staging.dyrsan.fr\/es\/wp-json\/wp\/v2\/pages\/1023\/revisions"}],"predecessor-version":[{"id":75111,"href":"https:\/\/staging.dyrsan.fr\/es\/wp-json\/wp\/v2\/pages\/1023\/revisions\/75111"}],"wp:attachment":[{"href":"https:\/\/staging.dyrsan.fr\/es\/wp-json\/wp\/v2\/media?parent=1023"}],"curies":[{"name":"wp","href":"https:\/\/api.w.org\/{rel}","templated":true}]}}