{"id":75838,"date":"2026-04-03T14:54:35","date_gmt":"2026-04-03T14:54:35","guid":{"rendered":"https:\/\/staging.dyrsan.fr\/?post_type=product&#038;p=75838"},"modified":"2026-04-14T12:30:20","modified_gmt":"2026-04-14T12:30:20","slug":"broche-passant-fleur-hibiscus-en-metal-dore","status":"publish","type":"product","link":"https:\/\/staging.dyrsan.fr\/en\/shop\/broche-passant-fleur-hibiscus-en-metal-dore\/","title":{"rendered":"Hibiscus flower brooch in gilded metal"},"content":{"rendered":"<p>Broche passant fleur hibiscus en m\u00e9tal dor\u00e9 \u2014 pi\u00e8ce d&rsquo;assemblage d\u00e9corative et fonctionnelle pour bikini bandeau, maillot de bain, d\u00e9coration textile. Design fleur d&rsquo;hibiscus ajour\u00e9e avec clip dorsal. Finition soign\u00e9e garantissant une tenue durable, y compris en milieu baln\u00e9aire.<br \/>\n&nbsp;<br \/>\nTechnical specifications :<br \/>\nR\u00e9f\u00e9rence : DY5711<br \/>\nMaterial(s): Metal (zinc alloy)<br \/>\nColor: gold<br \/>\nDimensions : 52 \u00d7 35 mm<br \/>\nPoids : 22.1g<br \/>\n&nbsp;<br \/>\nTechnical properties :<br \/>\nRust-resistant<br \/>\nSeawater and perspiration-resistant<br \/>\nDoes not fade<br \/>\nNo sharp edges (non-irritating)<br \/>\nHigh durability (even when sewn or exposed to sunlight)<br \/>\nSold by 100 pieces \/ Delivery within 15-20 days<\/p>","protected":false},"excerpt":{"rendered":"<p>Broche passant fleur hibiscus en m\u00e9tal dor\u00e9 \u2014 pi\u00e8ce d&rsquo;assemblage d\u00e9corative et fonctionnelle pour bikini bandeau, maillot de bain, d\u00e9coration textile. Design fleur d&rsquo;hibiscus ajour\u00e9e avec clip dorsal. Finition soign\u00e9e garantissant une tenue durable, y compris en milieu baln\u00e9aire.<br \/>\n&nbsp;<br \/>\nTechnical specifications :<br \/>\nR\u00e9f\u00e9rence : DY5711<br \/>\nMaterial(s): Metal (zinc alloy)<br \/>\nColor: gold<br \/>\nDimensions : 52 \u00d7 35 mm<br \/>\nPoids : 22.1g<br \/>\n&nbsp;<br \/>\nTechnical properties :<br \/>\nRust-resistant<br \/>\nSeawater and perspiration-resistant<br \/>\nDoes not fade<br \/>\nNo sharp edges (non-irritating)<br \/>\nHigh durability (even when sewn or exposed to sunlight)<br \/>\nSold by 100 pieces \/ Delivery within 15-20 days<\/p>","protected":false},"featured_media":76524,"comment_status":"open","ping_status":"closed","template":"","meta":[],"product_brand":[],"product_cat":[140,230],"product_tag":[],"class_list":{"0":"post-75838","1":"product","2":"type-product","3":"status-publish","4":"has-post-thumbnail","6":"product_cat-accessoires","7":"product_cat-broches","9":"first","10":"instock","11":"taxable","12":"shipping-taxable","13":"purchasable","14":"product-type-simple"},"_links":{"self":[{"href":"https:\/\/staging.dyrsan.fr\/en\/wp-json\/wp\/v2\/product\/75838","targetHints":{"allow":["GET"]}}],"collection":[{"href":"https:\/\/staging.dyrsan.fr\/en\/wp-json\/wp\/v2\/product"}],"about":[{"href":"https:\/\/staging.dyrsan.fr\/en\/wp-json\/wp\/v2\/types\/product"}],"replies":[{"embeddable":true,"href":"https:\/\/staging.dyrsan.fr\/en\/wp-json\/wp\/v2\/comments?post=75838"}],"version-history":[{"count":3,"href":"https:\/\/staging.dyrsan.fr\/en\/wp-json\/wp\/v2\/product\/75838\/revisions"}],"predecessor-version":[{"id":76536,"href":"https:\/\/staging.dyrsan.fr\/en\/wp-json\/wp\/v2\/product\/75838\/revisions\/76536"}],"wp:featuredmedia":[{"embeddable":true,"href":"https:\/\/staging.dyrsan.fr\/en\/wp-json\/wp\/v2\/media\/76524"}],"wp:attachment":[{"href":"https:\/\/staging.dyrsan.fr\/en\/wp-json\/wp\/v2\/media?parent=75838"}],"wp:term":[{"taxonomy":"product_brand","embeddable":true,"href":"https:\/\/staging.dyrsan.fr\/en\/wp-json\/wp\/v2\/product_brand?post=75838"},{"taxonomy":"product_cat","embeddable":true,"href":"https:\/\/staging.dyrsan.fr\/en\/wp-json\/wp\/v2\/product_cat?post=75838"},{"taxonomy":"product_tag","embeddable":true,"href":"https:\/\/staging.dyrsan.fr\/en\/wp-json\/wp\/v2\/product_tag?post=75838"}],"curies":[{"name":"wp","href":"https:\/\/api.w.org\/{rel}","templated":true}]}}