{"id":75835,"date":"2026-04-03T14:54:27","date_gmt":"2026-04-03T14:54:27","guid":{"rendered":"https:\/\/staging.dyrsan.fr\/?post_type=product&#038;p=75835"},"modified":"2026-04-14T11:45:45","modified_gmt":"2026-04-14T11:45:45","slug":"connecteur-en-metal-dore-2","status":"publish","type":"product","link":"https:\/\/staging.dyrsan.fr\/en\/shop\/connecteur-en-metal-dore-2\/","title":{"rendered":"Gold-plated metal connector"},"content":{"rendered":"<p>Ce connecteur en m\u00e9tal dor\u00e9 est con\u00e7u pour l&rsquo;assemblage d\u00e9coratif et fonctionnel des cr\u00e9ations textiles baln\u00e9aires et techniques. Sa finition soign\u00e9e garantit une tenue durable, y compris en milieu baln\u00e9aire.<\/p>\n<p>&nbsp;<\/p>\n<p><strong>Technical specifications :<\/strong><\/p>\n<p>R\u00e9f\u00e9rence : DY8371<br \/>\nMaterial(s): Metal<br \/>\nColor: gold<\/p>\n<p>&nbsp;<\/p>\n<p><strong>Technical properties :<\/strong><br \/>\nRust-resistant<br \/>\nSeawater and perspiration-resistant<br \/>\nDoes not fade<br \/>\nNo sharp edges (non-irritating)<br \/>\nHigh durability (even when sewn or exposed to sunlight)<\/p>\n<p>Sold by 100 pieces \/ Delivery within 15-20 days<\/p>","protected":false},"excerpt":{"rendered":"<p>Ce connecteur en m\u00e9tal dor\u00e9 est con\u00e7u pour l&rsquo;assemblage d\u00e9coratif et fonctionnel des cr\u00e9ations textiles baln\u00e9aires et techniques. Sa finition soign\u00e9e garantit une tenue durable, y compris en milieu baln\u00e9aire.<br \/>\n&nbsp;<br \/>\nTechnical specifications :<br \/>\nR\u00e9f\u00e9rence : DY8371<br \/>\nMaterial(s): Metal<br \/>\nColor: gold<br \/>\n&nbsp;<br \/>\nTechnical properties :<br \/>\nRust-resistant<br \/>\nSeawater and perspiration-resistant<br \/>\nDoes not fade<br \/>\nNo sharp edges (non-irritating)<br \/>\nHigh durability (even when sewn or exposed to sunlight)<br \/>\nSold by 100 pieces \/ Delivery within 15-20 days<\/p>","protected":false},"featured_media":75290,"comment_status":"open","ping_status":"closed","template":"","meta":[],"product_brand":[],"product_cat":[140,149],"product_tag":[],"class_list":{"0":"post-75835","1":"product","2":"type-product","3":"status-publish","4":"has-post-thumbnail","6":"product_cat-accessoires","7":"product_cat-connecteurs","9":"first","10":"instock","11":"taxable","12":"shipping-taxable","13":"purchasable","14":"product-type-simple"},"_links":{"self":[{"href":"https:\/\/staging.dyrsan.fr\/en\/wp-json\/wp\/v2\/product\/75835","targetHints":{"allow":["GET"]}}],"collection":[{"href":"https:\/\/staging.dyrsan.fr\/en\/wp-json\/wp\/v2\/product"}],"about":[{"href":"https:\/\/staging.dyrsan.fr\/en\/wp-json\/wp\/v2\/types\/product"}],"replies":[{"embeddable":true,"href":"https:\/\/staging.dyrsan.fr\/en\/wp-json\/wp\/v2\/comments?post=75835"}],"version-history":[{"count":3,"href":"https:\/\/staging.dyrsan.fr\/en\/wp-json\/wp\/v2\/product\/75835\/revisions"}],"predecessor-version":[{"id":76409,"href":"https:\/\/staging.dyrsan.fr\/en\/wp-json\/wp\/v2\/product\/75835\/revisions\/76409"}],"wp:featuredmedia":[{"embeddable":true,"href":"https:\/\/staging.dyrsan.fr\/en\/wp-json\/wp\/v2\/media\/75290"}],"wp:attachment":[{"href":"https:\/\/staging.dyrsan.fr\/en\/wp-json\/wp\/v2\/media?parent=75835"}],"wp:term":[{"taxonomy":"product_brand","embeddable":true,"href":"https:\/\/staging.dyrsan.fr\/en\/wp-json\/wp\/v2\/product_brand?post=75835"},{"taxonomy":"product_cat","embeddable":true,"href":"https:\/\/staging.dyrsan.fr\/en\/wp-json\/wp\/v2\/product_cat?post=75835"},{"taxonomy":"product_tag","embeddable":true,"href":"https:\/\/staging.dyrsan.fr\/en\/wp-json\/wp\/v2\/product_tag?post=75835"}],"curies":[{"name":"wp","href":"https:\/\/api.w.org\/{rel}","templated":true}]}}