{"id":75831,"date":"2026-04-03T14:54:17","date_gmt":"2026-04-03T14:54:17","guid":{"rendered":"https:\/\/staging.dyrsan.fr\/?post_type=product&#038;p=75831"},"modified":"2026-04-14T12:30:23","modified_gmt":"2026-04-14T12:30:23","slug":"connecteur-ovale-en-metal-dore","status":"publish","type":"product","link":"https:\/\/staging.dyrsan.fr\/en\/shop\/connecteur-ovale-en-metal-dore\/","title":{"rendered":"Oval gold-plated metal connector"},"content":{"rendered":"<p>Ce connecteur ovale en m\u00e9tal dor\u00e9  est con\u00e7u pour l&rsquo;assemblage d\u00e9coratif et fonctionnel des cr\u00e9ations textiles baln\u00e9aires et techniques. Sa finition soign\u00e9e garantit une tenue durable, y compris en milieu baln\u00e9aire.<br \/>\n&nbsp;<br \/>\nTechnical specifications :<br \/>\nR\u00e9f\u00e9rence : DY80943<br \/>\nMaterial(s): Metal<br \/>\nTaille : 35mm x 65mm<br \/>\nColor: gold<br \/>\n&nbsp;<br \/>\nTechnical properties :<br \/>\nRust-resistant<br \/>\nSeawater and perspiration-resistant<br \/>\nDoes not fade<br \/>\nNo sharp edges (non-irritating)<br \/>\nHigh durability (even when sewn or exposed to sunlight)<br \/>\nSold by 100 pieces \/ Delivery within 15-20 days<\/p>","protected":false},"excerpt":{"rendered":"<p>Ce connecteur ovale en m\u00e9tal dor\u00e9  est con\u00e7u pour l&rsquo;assemblage d\u00e9coratif et fonctionnel des cr\u00e9ations textiles baln\u00e9aires et techniques. Sa finition soign\u00e9e garantit une tenue durable, y compris en milieu baln\u00e9aire.<br \/>\n&nbsp;<br \/>\nTechnical specifications :<br \/>\nR\u00e9f\u00e9rence : DY80943<br \/>\nMaterial(s): Metal<br \/>\nTaille : 35mm x 65mm<br \/>\nColor: gold<br \/>\n&nbsp;<br \/>\nTechnical properties :<br \/>\nRust-resistant<br \/>\nSeawater and perspiration-resistant<br \/>\nDoes not fade<br \/>\nNo sharp edges (non-irritating)<br \/>\nHigh durability (even when sewn or exposed to sunlight)<br \/>\nSold by 100 pieces \/ Delivery within 15-20 days<\/p>","protected":false},"featured_media":76528,"comment_status":"open","ping_status":"closed","template":"","meta":[],"product_brand":[],"product_cat":[140,149],"product_tag":[],"class_list":{"0":"post-75831","1":"product","2":"type-product","3":"status-publish","4":"has-post-thumbnail","6":"product_cat-accessoires","7":"product_cat-connecteurs","9":"first","10":"instock","11":"taxable","12":"shipping-taxable","13":"purchasable","14":"product-type-simple"},"_links":{"self":[{"href":"https:\/\/staging.dyrsan.fr\/en\/wp-json\/wp\/v2\/product\/75831","targetHints":{"allow":["GET"]}}],"collection":[{"href":"https:\/\/staging.dyrsan.fr\/en\/wp-json\/wp\/v2\/product"}],"about":[{"href":"https:\/\/staging.dyrsan.fr\/en\/wp-json\/wp\/v2\/types\/product"}],"replies":[{"embeddable":true,"href":"https:\/\/staging.dyrsan.fr\/en\/wp-json\/wp\/v2\/comments?post=75831"}],"version-history":[{"count":2,"href":"https:\/\/staging.dyrsan.fr\/en\/wp-json\/wp\/v2\/product\/75831\/revisions"}],"predecessor-version":[{"id":76537,"href":"https:\/\/staging.dyrsan.fr\/en\/wp-json\/wp\/v2\/product\/75831\/revisions\/76537"}],"wp:featuredmedia":[{"embeddable":true,"href":"https:\/\/staging.dyrsan.fr\/en\/wp-json\/wp\/v2\/media\/76528"}],"wp:attachment":[{"href":"https:\/\/staging.dyrsan.fr\/en\/wp-json\/wp\/v2\/media?parent=75831"}],"wp:term":[{"taxonomy":"product_brand","embeddable":true,"href":"https:\/\/staging.dyrsan.fr\/en\/wp-json\/wp\/v2\/product_brand?post=75831"},{"taxonomy":"product_cat","embeddable":true,"href":"https:\/\/staging.dyrsan.fr\/en\/wp-json\/wp\/v2\/product_cat?post=75831"},{"taxonomy":"product_tag","embeddable":true,"href":"https:\/\/staging.dyrsan.fr\/en\/wp-json\/wp\/v2\/product_tag?post=75831"}],"curies":[{"name":"wp","href":"https:\/\/api.w.org\/{rel}","templated":true}]}}