{"id":75719,"date":"2026-04-03T13:38:51","date_gmt":"2026-04-03T13:38:51","guid":{"rendered":"https:\/\/staging.dyrsan.fr\/?post_type=product&#038;p=75719"},"modified":"2026-04-14T12:06:02","modified_gmt":"2026-04-14T12:06:02","slug":"tissu-en-maille-jacquard-lurex-rose-clair-rouleau-50m","status":"publish","type":"product","link":"https:\/\/staging.dyrsan.fr\/en\/shop\/tissu-en-maille-jacquard-lurex-rose-clair-rouleau-50m\/","title":{"rendered":"Light pink jacquard lurex mesh - 50M roll"},"content":{"rendered":"<p>Tissu en maille jacquard lurex rose clair \u00e0 l\u2019aspect brillant. Ce tissu lurex rose clair est certifi\u00e9 Oeko-Tex et adapt\u00e9 \u00e0 la confection de maillots de bain raffin\u00e9s.<\/p>\n<p>&nbsp;<\/p>\n<p><strong>Caract\u00e9ristiques:<\/strong><br \/>\nR\u00e9f\u00e9rence : DY2502<br \/>\nComposition : 82 % nylon, 8 % spandex<br \/>\nWeight: 200 g\/m\u00b2.<br \/>\nWidth: 155 cm<br \/>\nCouleur : rose clair<br \/>\nCertification: Oeko-Tex<br \/>\nUse: swimwear<\/p>\n<p><b style=\"font-family: wash;font-size: 30px\"><img class=\"alignnone wp-image-67583\" src=\"https:\/\/staging.dyrsan.fr\/wp-content\/uploads\/2025\/08\/instru-1.jpeg\" alt=\"\" width=\"153\" height=\"42\" loading=\"lazy\" decoding=\"async\" title=\"\" srcset=\"https:\/\/staging.dyrsan.fr\/wp-content\/uploads\/2025\/08\/instru-1.jpeg 698w, https:\/\/staging.dyrsan.fr\/wp-content\/uploads\/2025\/08\/instru-1-18x5.jpeg 18w\" sizes=\"auto, (max-width: 153px) 100vw, 153px\" \/><\/b><\/p>\n<p>&nbsp;<\/p>","protected":false},"excerpt":{"rendered":"<p>Tissu en maille jacquard lurex rose clair \u00e0 l\u2019aspect brillant. Ce tissu lurex rose clair est certifi\u00e9 Oeko-Tex et adapt\u00e9 \u00e0 la confection de maillots de bain raffin\u00e9s.<\/p>\n<p>&nbsp;<\/p>\n<p><strong>Caract\u00e9ristiques:<\/strong><br \/>\nR\u00e9f\u00e9rence : DY2502<br \/>\nComposition : 82 % nylon, 8 % spandex<br \/>\nWeight: 200 g\/m\u00b2.<br \/>\nWidth: 155 cm<br \/>\nCouleur : rose clair<br \/>\nCertification: Oeko-Tex<br \/>\nUse: swimwear<\/p>\n<p><b style=\"font-family: wash;font-size: 30px\"><img loading=\"lazy\" decoding=\"async\" class=\"alignnone wp-image-67583\" src=\"https:\/\/staging.dyrsan.fr\/wp-content\/uploads\/2025\/08\/instru-1.jpeg\" alt=\"\" width=\"153\" height=\"42\" srcset=\"https:\/\/staging.dyrsan.fr\/wp-content\/uploads\/2025\/08\/instru-1.jpeg 698w, https:\/\/staging.dyrsan.fr\/wp-content\/uploads\/2025\/08\/instru-1-18x5.jpeg 18w\" sizes=\"auto, (max-width: 153px) 100vw, 153px\" \/><\/b><\/p>","protected":false},"featured_media":75716,"comment_status":"open","ping_status":"closed","template":"","meta":[],"product_brand":[],"product_cat":[495,150,251,193,180],"product_tag":[],"class_list":{"0":"post-75719","1":"product","2":"type-product","3":"status-publish","4":"has-post-thumbnail","6":"product_cat-rouleaux-de-tissus","7":"product_cat-tissus","8":"product_cat-tissus-jersey","9":"product_cat-tissus-lurex-brillants","10":"product_cat-tissus-mailles-jacquard","12":"first","13":"instock","14":"taxable","15":"shipping-taxable","16":"purchasable","17":"product-type-simple"},"_links":{"self":[{"href":"https:\/\/staging.dyrsan.fr\/en\/wp-json\/wp\/v2\/product\/75719","targetHints":{"allow":["GET"]}}],"collection":[{"href":"https:\/\/staging.dyrsan.fr\/en\/wp-json\/wp\/v2\/product"}],"about":[{"href":"https:\/\/staging.dyrsan.fr\/en\/wp-json\/wp\/v2\/types\/product"}],"replies":[{"embeddable":true,"href":"https:\/\/staging.dyrsan.fr\/en\/wp-json\/wp\/v2\/comments?post=75719"}],"version-history":[{"count":1,"href":"https:\/\/staging.dyrsan.fr\/en\/wp-json\/wp\/v2\/product\/75719\/revisions"}],"predecessor-version":[{"id":76438,"href":"https:\/\/staging.dyrsan.fr\/en\/wp-json\/wp\/v2\/product\/75719\/revisions\/76438"}],"wp:featuredmedia":[{"embeddable":true,"href":"https:\/\/staging.dyrsan.fr\/en\/wp-json\/wp\/v2\/media\/75716"}],"wp:attachment":[{"href":"https:\/\/staging.dyrsan.fr\/en\/wp-json\/wp\/v2\/media?parent=75719"}],"wp:term":[{"taxonomy":"product_brand","embeddable":true,"href":"https:\/\/staging.dyrsan.fr\/en\/wp-json\/wp\/v2\/product_brand?post=75719"},{"taxonomy":"product_cat","embeddable":true,"href":"https:\/\/staging.dyrsan.fr\/en\/wp-json\/wp\/v2\/product_cat?post=75719"},{"taxonomy":"product_tag","embeddable":true,"href":"https:\/\/staging.dyrsan.fr\/en\/wp-json\/wp\/v2\/product_tag?post=75719"}],"curies":[{"name":"wp","href":"https:\/\/api.w.org\/{rel}","templated":true}]}}