{"id":75664,"date":"2026-04-03T13:35:31","date_gmt":"2026-04-03T13:35:31","guid":{"rendered":"https:\/\/staging.dyrsan.fr\/?post_type=product&#038;p=75664"},"modified":"2026-04-14T12:06:32","modified_gmt":"2026-04-14T12:06:32","slug":"tissu-en-jacquard-resille-rouge-nylon-elasthanne-rouleau-50m","status":"publish","type":"product","link":"https:\/\/staging.dyrsan.fr\/en\/shop\/tissu-en-jacquard-resille-rouge-nylon-elasthanne-rouleau-50m\/","title":{"rendered":"Red jacquard fishnet nylon spandex - Roll 50M"},"content":{"rendered":"<p>Tissu en jacquard r\u00e9sille rouge nylon \u00e9lasthanne, l\u00e9ger et extensible. Ce tissu jacquard r\u00e9sille rouge est id\u00e9al pour la lingerie, la danse et les cr\u00e9ations mode n\u00e9cessitant transparence, souplesse et \u00e9l\u00e9gance.<\/p>\n<p>&nbsp;<\/p>\n<p><strong>Technical specifications:<\/strong><br \/>\nCatalogue number : DY91630<br \/>\nComposition: 82 % nylon, 18 % elastane<br \/>\nWeight: 96 g\/m\u00b2.<br \/>\nWidth: 152 cm<br \/>\nCouleur : rouge (personnalisable selon le code Pantone)<br \/>\nAspect : r\u00e9sille jacquard ajour\u00e9e, motif ton sur ton<br \/>\nPropri\u00e9t\u00e9s : extensible, l\u00e9ger, transparent, souple<br \/>\nUtilisation : lingerie, v\u00eatements de danse, cr\u00e9ations mode, d\u00e9tails d\u00e9coratifs<\/p>","protected":false},"excerpt":{"rendered":"<p>Tissu en jacquard r\u00e9sille rouge nylon \u00e9lasthanne, l\u00e9ger et extensible. Ce tissu jacquard r\u00e9sille rouge est id\u00e9al pour la lingerie, la danse et les cr\u00e9ations mode n\u00e9cessitant transparence, souplesse et \u00e9l\u00e9gance.<\/p>\n<p>&nbsp;<\/p>\n<p><strong>Technical specifications:<\/strong><br \/>\nCatalogue number : DY91630<br \/>\nComposition: 82 % nylon, 18 % elastane<br \/>\nWeight: 96 g\/m\u00b2.<br \/>\nWidth: 152 cm<br \/>\nCouleur : rouge (personnalisable selon le code Pantone)<br \/>\nAspect : r\u00e9sille jacquard ajour\u00e9e, motif ton sur ton<br \/>\nPropri\u00e9t\u00e9s : extensible, l\u00e9ger, transparent, souple<br \/>\nUtilisation : lingerie, v\u00eatements de danse, cr\u00e9ations mode, d\u00e9tails d\u00e9coratifs<\/p>","protected":false},"featured_media":75659,"comment_status":"open","ping_status":"closed","template":"","meta":[],"product_brand":[],"product_cat":[495,150,456,179],"product_tag":[],"class_list":{"0":"post-75664","1":"product","2":"type-product","3":"status-publish","4":"has-post-thumbnail","6":"product_cat-rouleaux-de-tissus","7":"product_cat-tissus","8":"product_cat-tissus-pour-lingerie","9":"product_cat-tissus-resilles","11":"first","12":"instock","13":"taxable","14":"shipping-taxable","15":"purchasable","16":"product-type-simple"},"_links":{"self":[{"href":"https:\/\/staging.dyrsan.fr\/en\/wp-json\/wp\/v2\/product\/75664","targetHints":{"allow":["GET"]}}],"collection":[{"href":"https:\/\/staging.dyrsan.fr\/en\/wp-json\/wp\/v2\/product"}],"about":[{"href":"https:\/\/staging.dyrsan.fr\/en\/wp-json\/wp\/v2\/types\/product"}],"replies":[{"embeddable":true,"href":"https:\/\/staging.dyrsan.fr\/en\/wp-json\/wp\/v2\/comments?post=75664"}],"version-history":[{"count":1,"href":"https:\/\/staging.dyrsan.fr\/en\/wp-json\/wp\/v2\/product\/75664\/revisions"}],"predecessor-version":[{"id":76449,"href":"https:\/\/staging.dyrsan.fr\/en\/wp-json\/wp\/v2\/product\/75664\/revisions\/76449"}],"wp:featuredmedia":[{"embeddable":true,"href":"https:\/\/staging.dyrsan.fr\/en\/wp-json\/wp\/v2\/media\/75659"}],"wp:attachment":[{"href":"https:\/\/staging.dyrsan.fr\/en\/wp-json\/wp\/v2\/media?parent=75664"}],"wp:term":[{"taxonomy":"product_brand","embeddable":true,"href":"https:\/\/staging.dyrsan.fr\/en\/wp-json\/wp\/v2\/product_brand?post=75664"},{"taxonomy":"product_cat","embeddable":true,"href":"https:\/\/staging.dyrsan.fr\/en\/wp-json\/wp\/v2\/product_cat?post=75664"},{"taxonomy":"product_tag","embeddable":true,"href":"https:\/\/staging.dyrsan.fr\/en\/wp-json\/wp\/v2\/product_tag?post=75664"}],"curies":[{"name":"wp","href":"https:\/\/api.w.org\/{rel}","templated":true}]}}