{"id":75643,"date":"2026-04-03T13:34:11","date_gmt":"2026-04-03T13:34:11","guid":{"rendered":"https:\/\/staging.dyrsan.fr\/?post_type=product&#038;p=75643"},"modified":"2026-04-14T12:06:44","modified_gmt":"2026-04-14T12:06:44","slug":"resille-noire-stretch-a-pois-rouleau-50m","status":"publish","type":"product","link":"https:\/\/staging.dyrsan.fr\/en\/shop\/resille-noire-stretch-a-pois-rouleau-50m\/","title":{"rendered":"Black stretch fishnet with polka dots - 50M roll"},"content":{"rendered":"<p>R\u00e9sille noire stretch \u00e0 pois, l\u00e9g\u00e8re et extensible, certifi\u00e9e OEKO-TEX\u00ae. Cette r\u00e9sille jacquard offre un rendu subtil et d\u00e9licat gr\u00e2ce \u00e0 son motif \u00e0 pois, tout en garantissant confort et \u00e9lasticit\u00e9. Id\u00e9ale pour la confection de lingerie raffin\u00e9e et de maillots de bain.<\/p>\n<p>&nbsp;<\/p>\n<p><strong>Technical specifications:<\/strong><br \/>\nR\u00e9f\u00e9rence : DY85376A<br \/>\nComposition : 82 % nylon, 18 % spandex<br \/>\nPoids : 95 g\/m\u00b2<br \/>\nWidth: 150 cm<br \/>\nLongueur du rouleau : 143 cm<br \/>\nColor: customizable according to Pantone code<br \/>\nOEKO-TEX\u00ae certification<br \/>\nAspect : r\u00e9sille jacquard \u00e0 pois<br \/>\nPropri\u00e9t\u00e9s : stretch<br \/>\nUtilisation : lingerie, maillots de bain<br \/>\nOrigin: China<\/p>","protected":false},"excerpt":{"rendered":"<p>R\u00e9sille noire stretch \u00e0 pois, l\u00e9g\u00e8re et extensible, certifi\u00e9e OEKO-TEX\u00ae. Cette r\u00e9sille jacquard offre un rendu subtil et d\u00e9licat gr\u00e2ce \u00e0 son motif \u00e0 pois, tout en garantissant confort et \u00e9lasticit\u00e9. Id\u00e9ale pour la confection de lingerie raffin\u00e9e et de maillots de bain.<\/p>\n<p>&nbsp;<\/p>\n<p><strong>Technical specifications:<\/strong><br \/>\nR\u00e9f\u00e9rence : DY85376A<br \/>\nComposition : 82 % nylon, 18 % spandex<br \/>\nPoids : 95 g\/m\u00b2<br \/>\nWidth: 150 cm<br \/>\nLongueur du rouleau : 143 cm<br \/>\nColor: customizable according to Pantone code<br \/>\nOEKO-TEX\u00ae certification<br \/>\nAspect : r\u00e9sille jacquard \u00e0 pois<br \/>\nPropri\u00e9t\u00e9s : stretch<br \/>\nUtilisation : lingerie, maillots de bain<br \/>\nOrigin: China<\/p>","protected":false},"featured_media":75641,"comment_status":"open","ping_status":"closed","template":"","meta":[],"product_brand":[],"product_cat":[495,150,184,179],"product_tag":[],"class_list":{"0":"post-75643","1":"product","2":"type-product","3":"status-publish","4":"has-post-thumbnail","6":"product_cat-rouleaux-de-tissus","7":"product_cat-tissus","8":"product_cat-tissus-eco-responsables","9":"product_cat-tissus-resilles","11":"first","12":"instock","13":"taxable","14":"shipping-taxable","15":"purchasable","16":"product-type-simple"},"_links":{"self":[{"href":"https:\/\/staging.dyrsan.fr\/en\/wp-json\/wp\/v2\/product\/75643","targetHints":{"allow":["GET"]}}],"collection":[{"href":"https:\/\/staging.dyrsan.fr\/en\/wp-json\/wp\/v2\/product"}],"about":[{"href":"https:\/\/staging.dyrsan.fr\/en\/wp-json\/wp\/v2\/types\/product"}],"replies":[{"embeddable":true,"href":"https:\/\/staging.dyrsan.fr\/en\/wp-json\/wp\/v2\/comments?post=75643"}],"version-history":[{"count":1,"href":"https:\/\/staging.dyrsan.fr\/en\/wp-json\/wp\/v2\/product\/75643\/revisions"}],"predecessor-version":[{"id":76453,"href":"https:\/\/staging.dyrsan.fr\/en\/wp-json\/wp\/v2\/product\/75643\/revisions\/76453"}],"wp:featuredmedia":[{"embeddable":true,"href":"https:\/\/staging.dyrsan.fr\/en\/wp-json\/wp\/v2\/media\/75641"}],"wp:attachment":[{"href":"https:\/\/staging.dyrsan.fr\/en\/wp-json\/wp\/v2\/media?parent=75643"}],"wp:term":[{"taxonomy":"product_brand","embeddable":true,"href":"https:\/\/staging.dyrsan.fr\/en\/wp-json\/wp\/v2\/product_brand?post=75643"},{"taxonomy":"product_cat","embeddable":true,"href":"https:\/\/staging.dyrsan.fr\/en\/wp-json\/wp\/v2\/product_cat?post=75643"},{"taxonomy":"product_tag","embeddable":true,"href":"https:\/\/staging.dyrsan.fr\/en\/wp-json\/wp\/v2\/product_tag?post=75643"}],"curies":[{"name":"wp","href":"https:\/\/api.w.org\/{rel}","templated":true}]}}