{"id":75629,"date":"2026-04-03T13:33:29","date_gmt":"2026-04-03T13:33:29","guid":{"rendered":"https:\/\/staging.dyrsan.fr\/?post_type=product&#038;p=75629"},"modified":"2026-04-14T12:06:56","modified_gmt":"2026-04-14T12:06:56","slug":"maille-jacquard-texturee-pour-maillots-de-bain-rouleau-50m","status":"publish","type":"product","link":"https:\/\/staging.dyrsan.fr\/en\/shop\/maille-jacquard-texturee-pour-maillots-de-bain-rouleau-50m\/","title":{"rendered":"Maille jacquard textur\u00e9e pour maillots de bain \u2014 Rouleau 50M"},"content":{"rendered":"<p>Maille jacquard textur\u00e9e pour maillots de bain, certifi\u00e9e OEKO-TEX\u00ae. Cette maille jacquard extensible offre un relief discret et \u00e9l\u00e9gant, un bon maintien et un confort optimal. Elle est id\u00e9ale pour la confection de maillots de bain et de pi\u00e8ces swimwear techniques et raffin\u00e9es.<\/p>\n<p>&nbsp;<\/p>\n<p><strong>Technical specifications:<\/strong><br \/>\nR\u00e9f\u00e9rence : DY98089<br \/>\nComposition : 80 % nylon, 20 % spandex<br \/>\nPoids : 185 g\/m\u00b2<br \/>\nWidth: 160 cm<br \/>\nLongueur du rouleau : 168 cm<br \/>\nColor: customizable according to Pantone code<br \/>\nOEKO-TEX\u00ae certification<br \/>\nAppearance: textured jacquard knit<br \/>\nProperties: stretchable<br \/>\nUtilisation : maillots de bain, swimwear<br \/>\nOrigin: China<\/p>","protected":false},"excerpt":{"rendered":"<p>Maille jacquard textur\u00e9e pour maillots de bain, certifi\u00e9e OEKO-TEX\u00ae. Cette maille jacquard extensible offre un relief discret et \u00e9l\u00e9gant, un bon maintien et un confort optimal. Elle est id\u00e9ale pour la confection de maillots de bain et de pi\u00e8ces swimwear techniques et raffin\u00e9es.<\/p>\n<p>&nbsp;<\/p>\n<p><strong>Technical specifications:<\/strong><br \/>\nR\u00e9f\u00e9rence : DY98089<br \/>\nComposition : 80 % nylon, 20 % spandex<br \/>\nPoids : 185 g\/m\u00b2<br \/>\nWidth: 160 cm<br \/>\nLongueur du rouleau : 168 cm<br \/>\nColor: customizable according to Pantone code<br \/>\nOEKO-TEX\u00ae certification<br \/>\nAppearance: textured jacquard knit<br \/>\nProperties: stretchable<br \/>\nUtilisation : maillots de bain, swimwear<br \/>\nOrigin: China<\/p>","protected":false},"featured_media":75626,"comment_status":"open","ping_status":"closed","template":"","meta":[],"product_brand":[],"product_cat":[495,150,180],"product_tag":[],"class_list":{"0":"post-75629","1":"product","2":"type-product","3":"status-publish","4":"has-post-thumbnail","6":"product_cat-rouleaux-de-tissus","7":"product_cat-tissus","8":"product_cat-tissus-mailles-jacquard","10":"first","11":"instock","12":"taxable","13":"shipping-taxable","14":"purchasable","15":"product-type-simple"},"_links":{"self":[{"href":"https:\/\/staging.dyrsan.fr\/en\/wp-json\/wp\/v2\/product\/75629","targetHints":{"allow":["GET"]}}],"collection":[{"href":"https:\/\/staging.dyrsan.fr\/en\/wp-json\/wp\/v2\/product"}],"about":[{"href":"https:\/\/staging.dyrsan.fr\/en\/wp-json\/wp\/v2\/types\/product"}],"replies":[{"embeddable":true,"href":"https:\/\/staging.dyrsan.fr\/en\/wp-json\/wp\/v2\/comments?post=75629"}],"version-history":[{"count":1,"href":"https:\/\/staging.dyrsan.fr\/en\/wp-json\/wp\/v2\/product\/75629\/revisions"}],"predecessor-version":[{"id":76457,"href":"https:\/\/staging.dyrsan.fr\/en\/wp-json\/wp\/v2\/product\/75629\/revisions\/76457"}],"wp:featuredmedia":[{"embeddable":true,"href":"https:\/\/staging.dyrsan.fr\/en\/wp-json\/wp\/v2\/media\/75626"}],"wp:attachment":[{"href":"https:\/\/staging.dyrsan.fr\/en\/wp-json\/wp\/v2\/media?parent=75629"}],"wp:term":[{"taxonomy":"product_brand","embeddable":true,"href":"https:\/\/staging.dyrsan.fr\/en\/wp-json\/wp\/v2\/product_brand?post=75629"},{"taxonomy":"product_cat","embeddable":true,"href":"https:\/\/staging.dyrsan.fr\/en\/wp-json\/wp\/v2\/product_cat?post=75629"},{"taxonomy":"product_tag","embeddable":true,"href":"https:\/\/staging.dyrsan.fr\/en\/wp-json\/wp\/v2\/product_tag?post=75629"}],"curies":[{"name":"wp","href":"https:\/\/api.w.org\/{rel}","templated":true}]}}