{"id":75625,"date":"2026-04-03T13:33:17","date_gmt":"2026-04-03T13:33:17","guid":{"rendered":"https:\/\/staging.dyrsan.fr\/?post_type=product&#038;p=75625"},"modified":"2026-04-14T12:06:59","modified_gmt":"2026-04-14T12:06:59","slug":"tissu-nylon-spandex-extensible-lisse-fluide-et-confortable-rouleau-50m","status":"publish","type":"product","link":"https:\/\/staging.dyrsan.fr\/en\/shop\/tissu-nylon-spandex-extensible-lisse-fluide-et-confortable-rouleau-50m\/","title":{"rendered":"Tissu nylon spandex extensible lisse fluide et confortable \u2014 Rouleau 50M"},"content":{"rendered":"<p>Tissu nylon spandex extensible lisse fluide et confortable. Ce tissu extensible en nylon et spandex offre une belle \u00e9lasticit\u00e9, un toucher doux et une excellente tenue. Il est id\u00e9al pour la confection de maillots de bain, lingerie et v\u00eatements techniques, avec une personnalisation possible selon code Pantone.<\/p>\n<p>&nbsp;<\/p>\n<p><strong>Technical specifications:<\/strong><br \/>\nR\u00e9f\u00e9rence : DY98223<br \/>\nComposition : 80 % nylon, 20 % spandex<br \/>\nPoids : 130\u2013135 g\/m\u00b2<br \/>\nWidth: 160 cm<br \/>\nColor: customizable according to Pantone code<br \/>\nAspect : lisse et fluide<br \/>\nProperties: stretchable<br \/>\nUtilisation : maillots de bain, lingerie, v\u00eatements techniques<br \/>\nOrigin: China<\/p>","protected":false},"excerpt":{"rendered":"<p>Tissu nylon spandex extensible lisse fluide et confortable. Ce tissu extensible en nylon et spandex offre une belle \u00e9lasticit\u00e9, un toucher doux et une excellente tenue. Il est id\u00e9al pour la confection de maillots de bain, lingerie et v\u00eatements techniques, avec une personnalisation possible selon code Pantone.<\/p>\n<p>&nbsp;<\/p>\n<p><strong>Technical specifications:<\/strong><br \/>\nR\u00e9f\u00e9rence : DY98223<br \/>\nComposition : 80 % nylon, 20 % spandex<br \/>\nPoids : 130\u2013135 g\/m\u00b2<br \/>\nWidth: 160 cm<br \/>\nColor: customizable according to Pantone code<br \/>\nAspect : lisse et fluide<br \/>\nProperties: stretchable<br \/>\nUtilisation : maillots de bain, lingerie, v\u00eatements techniques<br \/>\nOrigin: China<\/p>","protected":false},"featured_media":75622,"comment_status":"open","ping_status":"closed","template":"","meta":[],"product_brand":[],"product_cat":[495,150,151],"product_tag":[],"class_list":{"0":"post-75625","1":"product","2":"type-product","3":"status-publish","4":"has-post-thumbnail","6":"product_cat-rouleaux-de-tissus","7":"product_cat-tissus","8":"product_cat-tissus-lycra-extensibles","10":"first","11":"instock","12":"taxable","13":"shipping-taxable","14":"purchasable","15":"product-type-simple"},"_links":{"self":[{"href":"https:\/\/staging.dyrsan.fr\/en\/wp-json\/wp\/v2\/product\/75625","targetHints":{"allow":["GET"]}}],"collection":[{"href":"https:\/\/staging.dyrsan.fr\/en\/wp-json\/wp\/v2\/product"}],"about":[{"href":"https:\/\/staging.dyrsan.fr\/en\/wp-json\/wp\/v2\/types\/product"}],"replies":[{"embeddable":true,"href":"https:\/\/staging.dyrsan.fr\/en\/wp-json\/wp\/v2\/comments?post=75625"}],"version-history":[{"count":1,"href":"https:\/\/staging.dyrsan.fr\/en\/wp-json\/wp\/v2\/product\/75625\/revisions"}],"predecessor-version":[{"id":76458,"href":"https:\/\/staging.dyrsan.fr\/en\/wp-json\/wp\/v2\/product\/75625\/revisions\/76458"}],"wp:featuredmedia":[{"embeddable":true,"href":"https:\/\/staging.dyrsan.fr\/en\/wp-json\/wp\/v2\/media\/75622"}],"wp:attachment":[{"href":"https:\/\/staging.dyrsan.fr\/en\/wp-json\/wp\/v2\/media?parent=75625"}],"wp:term":[{"taxonomy":"product_brand","embeddable":true,"href":"https:\/\/staging.dyrsan.fr\/en\/wp-json\/wp\/v2\/product_brand?post=75625"},{"taxonomy":"product_cat","embeddable":true,"href":"https:\/\/staging.dyrsan.fr\/en\/wp-json\/wp\/v2\/product_cat?post=75625"},{"taxonomy":"product_tag","embeddable":true,"href":"https:\/\/staging.dyrsan.fr\/en\/wp-json\/wp\/v2\/product_tag?post=75625"}],"curies":[{"name":"wp","href":"https:\/\/api.w.org\/{rel}","templated":true}]}}