{"id":75609,"date":"2026-04-03T13:32:30","date_gmt":"2026-04-03T13:32:30","guid":{"rendered":"https:\/\/staging.dyrsan.fr\/?post_type=product&#038;p=75609"},"modified":"2026-04-14T12:07:10","modified_gmt":"2026-04-14T12:07:10","slug":"jacquard-texture-a-carreaux-leger-blanc-rouleau-50m","status":"publish","type":"product","link":"https:\/\/staging.dyrsan.fr\/en\/shop\/jacquard-texture-a-carreaux-leger-blanc-rouleau-50m\/","title":{"rendered":"Jacquard textur\u00e9 \u00e0 carreaux l\u00e9ger blanc \u2014 Rouleau 50M"},"content":{"rendered":"<p>Jacquard textur\u00e9 \u00e0 carreaux l\u00e9ger blanc, certifi\u00e9 OEKO-TEX\u00ae. Ce jacquard extensible \u00e0 carreaux offre un rendu discret et structur\u00e9, id\u00e9al pour la confection de maillots de bain, lingerie et pi\u00e8ces \u00e9l\u00e9gantes n\u00e9cessitant un tissu technique et raffin\u00e9.<\/p>\n<p>&nbsp;<\/p>\n<p><strong>Technical specifications:<\/strong><br \/>\nR\u00e9f\u00e9rence : DY98071<br \/>\nComposition : 80 % nylon, 20 % spandex<br \/>\nWeight: 170 g\/m\u00b2.<br \/>\nWidth: 160 cm<br \/>\nColor: white (customizable according to Pantone code)<br \/>\nOEKO-TEX\u00ae certification<br \/>\nAspect : jacquard textur\u00e9 \u00e0 carreaux<br \/>\nProperties: stretchable<br \/>\nUtilisation : maillots de bain, lingerie, v\u00eatements \u00e9l\u00e9gants<\/p>","protected":false},"excerpt":{"rendered":"<p>Jacquard textur\u00e9 \u00e0 carreaux l\u00e9ger blanc, certifi\u00e9 OEKO-TEX\u00ae. Ce jacquard extensible \u00e0 carreaux offre un rendu discret et structur\u00e9, id\u00e9al pour la confection de maillots de bain, lingerie et pi\u00e8ces \u00e9l\u00e9gantes n\u00e9cessitant un tissu technique et raffin\u00e9.<\/p>\n<p>&nbsp;<\/p>\n<p><strong>Technical specifications:<\/strong><br \/>\nR\u00e9f\u00e9rence : DY98071<br \/>\nComposition : 80 % nylon, 20 % spandex<br \/>\nWeight: 170 g\/m\u00b2.<br \/>\nWidth: 160 cm<br \/>\nColor: white (customizable according to Pantone code)<br \/>\nOEKO-TEX\u00ae certification<br \/>\nAspect : jacquard textur\u00e9 \u00e0 carreaux<br \/>\nProperties: stretchable<br \/>\nUtilisation : maillots de bain, lingerie, v\u00eatements \u00e9l\u00e9gants<\/p>","protected":false},"featured_media":75606,"comment_status":"open","ping_status":"closed","template":"","meta":[],"product_brand":[],"product_cat":[495,150,180],"product_tag":[],"class_list":{"0":"post-75609","1":"product","2":"type-product","3":"status-publish","4":"has-post-thumbnail","6":"product_cat-rouleaux-de-tissus","7":"product_cat-tissus","8":"product_cat-tissus-mailles-jacquard","10":"first","11":"instock","12":"taxable","13":"shipping-taxable","14":"purchasable","15":"product-type-simple"},"_links":{"self":[{"href":"https:\/\/staging.dyrsan.fr\/en\/wp-json\/wp\/v2\/product\/75609","targetHints":{"allow":["GET"]}}],"collection":[{"href":"https:\/\/staging.dyrsan.fr\/en\/wp-json\/wp\/v2\/product"}],"about":[{"href":"https:\/\/staging.dyrsan.fr\/en\/wp-json\/wp\/v2\/types\/product"}],"replies":[{"embeddable":true,"href":"https:\/\/staging.dyrsan.fr\/en\/wp-json\/wp\/v2\/comments?post=75609"}],"version-history":[{"count":1,"href":"https:\/\/staging.dyrsan.fr\/en\/wp-json\/wp\/v2\/product\/75609\/revisions"}],"predecessor-version":[{"id":76462,"href":"https:\/\/staging.dyrsan.fr\/en\/wp-json\/wp\/v2\/product\/75609\/revisions\/76462"}],"wp:featuredmedia":[{"embeddable":true,"href":"https:\/\/staging.dyrsan.fr\/en\/wp-json\/wp\/v2\/media\/75606"}],"wp:attachment":[{"href":"https:\/\/staging.dyrsan.fr\/en\/wp-json\/wp\/v2\/media?parent=75609"}],"wp:term":[{"taxonomy":"product_brand","embeddable":true,"href":"https:\/\/staging.dyrsan.fr\/en\/wp-json\/wp\/v2\/product_brand?post=75609"},{"taxonomy":"product_cat","embeddable":true,"href":"https:\/\/staging.dyrsan.fr\/en\/wp-json\/wp\/v2\/product_cat?post=75609"},{"taxonomy":"product_tag","embeddable":true,"href":"https:\/\/staging.dyrsan.fr\/en\/wp-json\/wp\/v2\/product_tag?post=75609"}],"curies":[{"name":"wp","href":"https:\/\/api.w.org\/{rel}","templated":true}]}}