{"id":75601,"date":"2026-04-03T13:32:05","date_gmt":"2026-04-03T13:32:05","guid":{"rendered":"https:\/\/staging.dyrsan.fr\/?post_type=product&#038;p=75601"},"modified":"2026-04-14T12:07:16","modified_gmt":"2026-04-14T12:07:16","slug":"tissu-resille-chaire-legere-a-petits-trous-rouleau-50m","status":"publish","type":"product","link":"https:\/\/staging.dyrsan.fr\/en\/shop\/tissu-resille-chaire-legere-a-petits-trous-rouleau-50m\/","title":{"rendered":"Tissu r\u00e9sille chaire l\u00e9g\u00e8re \u00e0 petits trous \u2014 Rouleau 50M"},"content":{"rendered":"<p>Tissu r\u00e9sille chaire l\u00e9g\u00e8re \u00e0 petits trous, d\u00e9licat et extensible. Ce tissu r\u00e9sille chaire l\u00e9g\u00e8re est certifi\u00e9 Oeko-Tex et adapt\u00e9 \u00e0 la confection de lingerie.<\/p>\n<p>&nbsp;<\/p>\n<p><strong>Technical specifications:<\/strong><br \/>\nR\u00e9f\u00e9rence : DY97408<br \/>\nComposition : 53 % nylon, 47 % spandex<br \/>\nPoids : 101 g\/m\u00b2<br \/>\nCouleur: Beige (personnalisable selon le code Pantone)<br \/>\nWidth: 160 cm<br \/>\nCertification: Oeko-Tex<br \/>\nUse: lingerie<\/p>","protected":false},"excerpt":{"rendered":"<p>Tissu r\u00e9sille chaire l\u00e9g\u00e8re \u00e0 petits trous, d\u00e9licat et extensible. Ce tissu r\u00e9sille chaire l\u00e9g\u00e8re est certifi\u00e9 Oeko-Tex et adapt\u00e9 \u00e0 la confection de lingerie.<\/p>\n<p>&nbsp;<\/p>\n<p><strong>Technical specifications:<\/strong><br \/>\nR\u00e9f\u00e9rence : DY97408<br \/>\nComposition : 53 % nylon, 47 % spandex<br \/>\nPoids : 101 g\/m\u00b2<br \/>\nCouleur: Beige (personnalisable selon le code Pantone)<br \/>\nWidth: 160 cm<br \/>\nCertification: Oeko-Tex<br \/>\nUse: lingerie<\/p>","protected":false},"featured_media":75598,"comment_status":"open","ping_status":"closed","template":"","meta":[],"product_brand":[],"product_cat":[495,150,180],"product_tag":[],"class_list":{"0":"post-75601","1":"product","2":"type-product","3":"status-publish","4":"has-post-thumbnail","6":"product_cat-rouleaux-de-tissus","7":"product_cat-tissus","8":"product_cat-tissus-mailles-jacquard","10":"first","11":"instock","12":"taxable","13":"shipping-taxable","14":"purchasable","15":"product-type-simple"},"_links":{"self":[{"href":"https:\/\/staging.dyrsan.fr\/en\/wp-json\/wp\/v2\/product\/75601","targetHints":{"allow":["GET"]}}],"collection":[{"href":"https:\/\/staging.dyrsan.fr\/en\/wp-json\/wp\/v2\/product"}],"about":[{"href":"https:\/\/staging.dyrsan.fr\/en\/wp-json\/wp\/v2\/types\/product"}],"replies":[{"embeddable":true,"href":"https:\/\/staging.dyrsan.fr\/en\/wp-json\/wp\/v2\/comments?post=75601"}],"version-history":[{"count":1,"href":"https:\/\/staging.dyrsan.fr\/en\/wp-json\/wp\/v2\/product\/75601\/revisions"}],"predecessor-version":[{"id":76464,"href":"https:\/\/staging.dyrsan.fr\/en\/wp-json\/wp\/v2\/product\/75601\/revisions\/76464"}],"wp:featuredmedia":[{"embeddable":true,"href":"https:\/\/staging.dyrsan.fr\/en\/wp-json\/wp\/v2\/media\/75598"}],"wp:attachment":[{"href":"https:\/\/staging.dyrsan.fr\/en\/wp-json\/wp\/v2\/media?parent=75601"}],"wp:term":[{"taxonomy":"product_brand","embeddable":true,"href":"https:\/\/staging.dyrsan.fr\/en\/wp-json\/wp\/v2\/product_brand?post=75601"},{"taxonomy":"product_cat","embeddable":true,"href":"https:\/\/staging.dyrsan.fr\/en\/wp-json\/wp\/v2\/product_cat?post=75601"},{"taxonomy":"product_tag","embeddable":true,"href":"https:\/\/staging.dyrsan.fr\/en\/wp-json\/wp\/v2\/product_tag?post=75601"}],"curies":[{"name":"wp","href":"https:\/\/api.w.org\/{rel}","templated":true}]}}