{"id":75589,"date":"2026-04-03T13:31:30","date_gmt":"2026-04-03T13:31:30","guid":{"rendered":"https:\/\/staging.dyrsan.fr\/?post_type=product&#038;p=75589"},"modified":"2026-04-14T12:07:25","modified_gmt":"2026-04-14T12:07:25","slug":"tissu-maille-jacquard-graphique-rouge-extensible-rouleau-50m","status":"publish","type":"product","link":"https:\/\/staging.dyrsan.fr\/en\/shop\/tissu-maille-jacquard-graphique-rouge-extensible-rouleau-50m\/","title":{"rendered":"Red stretch graphic jacquard mesh - 50M roll"},"content":{"rendered":"<p>Tissu maille jacquard graphique rouge extensible, l\u00e9ger et certifi\u00e9 OEKO-TEX\u00ae. Ce tissu jacquard extensible se distingue par son motif g\u00e9om\u00e9trique dynamique et sa grande souplesse. Il est id\u00e9al pour la confection de maillots de bain, lingerie et pi\u00e8ces mode \u00e0 forte identit\u00e9 visuelle.<\/p>\n<p>&nbsp;<\/p>\n<p><strong>Technical specifications:<\/strong><br \/>\nR\u00e9f\u00e9rence : DY85229<br \/>\nComposition : 82 % nylon, 18 % spandex<br \/>\nPoids : 112 g\/m\u00b2<br \/>\nLargeur : 156 cm<br \/>\nCouleur : rouge (personnalisable selon code Pantone)<br \/>\nAspect : maille jacquard \u00e0 motif graphique g\u00e9om\u00e9trique<br \/>\nPropri\u00e9t\u00e9s : extensible, souple, l\u00e9ger<br \/>\nUtilisation : maillots de bain, lingerie, v\u00eatements mode, pi\u00e8ces cr\u00e9atives<br \/>\nOrigin: China<\/p>","protected":false},"excerpt":{"rendered":"<p>Tissu maille jacquard graphique rouge extensible, l\u00e9ger et certifi\u00e9 OEKO-TEX\u00ae. Ce tissu jacquard extensible se distingue par son motif g\u00e9om\u00e9trique dynamique et sa grande souplesse. Il est id\u00e9al pour la confection de maillots de bain, lingerie et pi\u00e8ces mode \u00e0 forte identit\u00e9 visuelle.<\/p>\n<p>&nbsp;<\/p>\n<p><strong>Technical specifications:<\/strong><br \/>\nR\u00e9f\u00e9rence : DY85229<br \/>\nComposition : 82 % nylon, 18 % spandex<br \/>\nPoids : 112 g\/m\u00b2<br \/>\nLargeur : 156 cm<br \/>\nCouleur : rouge (personnalisable selon code Pantone)<br \/>\nAspect : maille jacquard \u00e0 motif graphique g\u00e9om\u00e9trique<br \/>\nPropri\u00e9t\u00e9s : extensible, souple, l\u00e9ger<br \/>\nUtilisation : maillots de bain, lingerie, v\u00eatements mode, pi\u00e8ces cr\u00e9atives<br \/>\nOrigin: China<\/p>","protected":false},"featured_media":75587,"comment_status":"open","ping_status":"closed","template":"","meta":[],"product_brand":[],"product_cat":[495,150,209,179],"product_tag":[],"class_list":{"0":"post-75589","1":"product","2":"type-product","3":"status-publish","4":"has-post-thumbnail","6":"product_cat-rouleaux-de-tissus","7":"product_cat-tissus","8":"product_cat-tissus-dentelles","9":"product_cat-tissus-resilles","11":"first","12":"instock","13":"taxable","14":"shipping-taxable","15":"purchasable","16":"product-type-simple"},"_links":{"self":[{"href":"https:\/\/staging.dyrsan.fr\/en\/wp-json\/wp\/v2\/product\/75589","targetHints":{"allow":["GET"]}}],"collection":[{"href":"https:\/\/staging.dyrsan.fr\/en\/wp-json\/wp\/v2\/product"}],"about":[{"href":"https:\/\/staging.dyrsan.fr\/en\/wp-json\/wp\/v2\/types\/product"}],"replies":[{"embeddable":true,"href":"https:\/\/staging.dyrsan.fr\/en\/wp-json\/wp\/v2\/comments?post=75589"}],"version-history":[{"count":1,"href":"https:\/\/staging.dyrsan.fr\/en\/wp-json\/wp\/v2\/product\/75589\/revisions"}],"predecessor-version":[{"id":76467,"href":"https:\/\/staging.dyrsan.fr\/en\/wp-json\/wp\/v2\/product\/75589\/revisions\/76467"}],"wp:featuredmedia":[{"embeddable":true,"href":"https:\/\/staging.dyrsan.fr\/en\/wp-json\/wp\/v2\/media\/75587"}],"wp:attachment":[{"href":"https:\/\/staging.dyrsan.fr\/en\/wp-json\/wp\/v2\/media?parent=75589"}],"wp:term":[{"taxonomy":"product_brand","embeddable":true,"href":"https:\/\/staging.dyrsan.fr\/en\/wp-json\/wp\/v2\/product_brand?post=75589"},{"taxonomy":"product_cat","embeddable":true,"href":"https:\/\/staging.dyrsan.fr\/en\/wp-json\/wp\/v2\/product_cat?post=75589"},{"taxonomy":"product_tag","embeddable":true,"href":"https:\/\/staging.dyrsan.fr\/en\/wp-json\/wp\/v2\/product_tag?post=75589"}],"curies":[{"name":"wp","href":"https:\/\/api.w.org\/{rel}","templated":true}]}}