{"id":75564,"date":"2026-04-03T13:30:08","date_gmt":"2026-04-03T13:30:08","guid":{"rendered":"https:\/\/staging.dyrsan.fr\/?post_type=product&#038;p=75564"},"modified":"2026-04-14T12:07:45","modified_gmt":"2026-04-14T12:07:45","slug":"tissu-resille-extensible-a-rayures-bleues-rouleau-50m","status":"publish","type":"product","link":"https:\/\/staging.dyrsan.fr\/en\/shop\/tissu-resille-extensible-a-rayures-bleues-rouleau-50m\/","title":{"rendered":"Stretch fishnet fabric with blue stripes - 50M roll"},"content":{"rendered":"<p>Tissu r\u00e9sille extensible \u00e0 rayures bleues, l\u00e9ger et fluide, id\u00e9al pour la confection de lingerie et de maillots de bain modernes. Sa structure fine et extensible assure un rendu graphique tout en conservant confort et libert\u00e9 de mouvement. Personnalisable selon code Pantone pour s\u2019adapter \u00e0 toutes les collections.<\/p>\n<p>&nbsp;<\/p>\n<p><strong>Technical specifications:<\/strong><br \/>\nR\u00e9f\u00e9rence : DY85276<br \/>\nComposition: 90 % nylon, 10 % spandex<br \/>\nGrammage : 100 g\/m\u00b2<br \/>\nWidth: 152 cm<br \/>\nColor: customizable according to Pantone code<br \/>\nAspect : r\u00e9sille \u00e0 rayures<br \/>\nPropri\u00e9t\u00e9s : l\u00e9ger, extensible<br \/>\nUtilisation : lingerie, maillots de bain, d\u00e9tails et empi\u00e8cements<br \/>\nOrigin: China<\/p>","protected":false},"excerpt":{"rendered":"<p>Tissu r\u00e9sille extensible \u00e0 rayures bleues, l\u00e9ger et fluide, id\u00e9al pour la confection de lingerie et de maillots de bain modernes. Sa structure fine et extensible assure un rendu graphique tout en conservant confort et libert\u00e9 de mouvement. Personnalisable selon code Pantone pour s\u2019adapter \u00e0 toutes les collections.<\/p>\n<p>&nbsp;<\/p>\n<p><strong>Technical specifications:<\/strong><br \/>\nR\u00e9f\u00e9rence : DY85276<br \/>\nComposition: 90 % nylon, 10 % spandex<br \/>\nGrammage : 100 g\/m\u00b2<br \/>\nWidth: 152 cm<br \/>\nColor: customizable according to Pantone code<br \/>\nAspect : r\u00e9sille \u00e0 rayures<br \/>\nPropri\u00e9t\u00e9s : l\u00e9ger, extensible<br \/>\nUtilisation : lingerie, maillots de bain, d\u00e9tails et empi\u00e8cements<br \/>\nOrigin: China<\/p>","protected":false},"featured_media":75562,"comment_status":"open","ping_status":"closed","template":"","meta":[],"product_brand":[],"product_cat":[495,150,209,179,213],"product_tag":[],"class_list":{"0":"post-75564","1":"product","2":"type-product","3":"status-publish","4":"has-post-thumbnail","6":"product_cat-rouleaux-de-tissus","7":"product_cat-tissus","8":"product_cat-tissus-dentelles","9":"product_cat-tissus-resilles","10":"product_cat-tissus-textures","12":"first","13":"instock","14":"taxable","15":"shipping-taxable","16":"purchasable","17":"product-type-simple"},"_links":{"self":[{"href":"https:\/\/staging.dyrsan.fr\/en\/wp-json\/wp\/v2\/product\/75564","targetHints":{"allow":["GET"]}}],"collection":[{"href":"https:\/\/staging.dyrsan.fr\/en\/wp-json\/wp\/v2\/product"}],"about":[{"href":"https:\/\/staging.dyrsan.fr\/en\/wp-json\/wp\/v2\/types\/product"}],"replies":[{"embeddable":true,"href":"https:\/\/staging.dyrsan.fr\/en\/wp-json\/wp\/v2\/comments?post=75564"}],"version-history":[{"count":1,"href":"https:\/\/staging.dyrsan.fr\/en\/wp-json\/wp\/v2\/product\/75564\/revisions"}],"predecessor-version":[{"id":76474,"href":"https:\/\/staging.dyrsan.fr\/en\/wp-json\/wp\/v2\/product\/75564\/revisions\/76474"}],"wp:featuredmedia":[{"embeddable":true,"href":"https:\/\/staging.dyrsan.fr\/en\/wp-json\/wp\/v2\/media\/75562"}],"wp:attachment":[{"href":"https:\/\/staging.dyrsan.fr\/en\/wp-json\/wp\/v2\/media?parent=75564"}],"wp:term":[{"taxonomy":"product_brand","embeddable":true,"href":"https:\/\/staging.dyrsan.fr\/en\/wp-json\/wp\/v2\/product_brand?post=75564"},{"taxonomy":"product_cat","embeddable":true,"href":"https:\/\/staging.dyrsan.fr\/en\/wp-json\/wp\/v2\/product_cat?post=75564"},{"taxonomy":"product_tag","embeddable":true,"href":"https:\/\/staging.dyrsan.fr\/en\/wp-json\/wp\/v2\/product_tag?post=75564"}],"curies":[{"name":"wp","href":"https:\/\/api.w.org\/{rel}","templated":true}]}}