{"id":75559,"date":"2026-04-03T13:29:49","date_gmt":"2026-04-03T13:29:49","guid":{"rendered":"https:\/\/staging.dyrsan.fr\/?post_type=product&#038;p=75559"},"modified":"2026-04-14T12:07:51","modified_gmt":"2026-04-14T12:07:51","slug":"tissu-microfibre-extensible-certifie-oeko-tex-rouleau-50m","status":"publish","type":"product","link":"https:\/\/staging.dyrsan.fr\/en\/shop\/tissu-microfibre-extensible-certifie-oeko-tex-rouleau-50m\/","title":{"rendered":"Tissu microfibre extensible certifi\u00e9 OEKO-TEX\u00ae \u2014 Rouleau 50M"},"content":{"rendered":"<p>Tissu microfibre extensible certifi\u00e9 OEKO-TEX\u00ae, l\u00e9ger et fluide. Cette microfibre offre une texture douce au toucher et une bonne \u00e9lasticit\u00e9, id\u00e9ale pour la confection de lingerie, doublures et v\u00eatements confortables n\u00e9cessitant souplesse et finesse.<\/p>\n<p>&nbsp;<\/p>\n<p><strong>Technical specifications:<\/strong><br \/>\nR\u00e9f\u00e9rence : DY98609<br \/>\nComposition : 73 % polyester, 27 % spandex<br \/>\nWeight: 120 g\/m\u00b2.<br \/>\nWidth: 155 cm<br \/>\nLongueur du rouleau : 150 cm<br \/>\nColor: customizable according to Pantone code<br \/>\nOEKO-TEX\u00ae certification<br \/>\nAspect : microfibre lisse<br \/>\nPropri\u00e9t\u00e9s : douce, l\u00e9g\u00e8re, extensible<br \/>\nUtilisation : lingerie, doublure, v\u00eatements souples<\/p>","protected":false},"excerpt":{"rendered":"<p>Tissu microfibre extensible certifi\u00e9 OEKO-TEX\u00ae, l\u00e9ger et fluide. Cette microfibre offre une texture douce au toucher et une bonne \u00e9lasticit\u00e9, id\u00e9ale pour la confection de lingerie, doublures et v\u00eatements confortables n\u00e9cessitant souplesse et finesse.<\/p>\n<p>&nbsp;<\/p>\n<p><strong>Technical specifications:<\/strong><br \/>\nR\u00e9f\u00e9rence : DY98609<br \/>\nComposition : 73 % polyester, 27 % spandex<br \/>\nWeight: 120 g\/m\u00b2.<br \/>\nWidth: 155 cm<br \/>\nLongueur du rouleau : 150 cm<br \/>\nColor: customizable according to Pantone code<br \/>\nOEKO-TEX\u00ae certification<br \/>\nAspect : microfibre lisse<br \/>\nPropri\u00e9t\u00e9s : douce, l\u00e9g\u00e8re, extensible<br \/>\nUtilisation : lingerie, doublure, v\u00eatements souples<\/p>","protected":false},"featured_media":75557,"comment_status":"open","ping_status":"closed","template":"","meta":[],"product_brand":[],"product_cat":[495,150,178,253],"product_tag":[],"class_list":{"0":"post-75559","1":"product","2":"type-product","3":"status-publish","4":"has-post-thumbnail","6":"product_cat-rouleaux-de-tissus","7":"product_cat-tissus","8":"product_cat-tissus-microfibres","9":"product_cat-tissus-pour-doublures","11":"first","12":"instock","13":"taxable","14":"shipping-taxable","15":"purchasable","16":"product-type-simple"},"_links":{"self":[{"href":"https:\/\/staging.dyrsan.fr\/en\/wp-json\/wp\/v2\/product\/75559","targetHints":{"allow":["GET"]}}],"collection":[{"href":"https:\/\/staging.dyrsan.fr\/en\/wp-json\/wp\/v2\/product"}],"about":[{"href":"https:\/\/staging.dyrsan.fr\/en\/wp-json\/wp\/v2\/types\/product"}],"replies":[{"embeddable":true,"href":"https:\/\/staging.dyrsan.fr\/en\/wp-json\/wp\/v2\/comments?post=75559"}],"version-history":[{"count":1,"href":"https:\/\/staging.dyrsan.fr\/en\/wp-json\/wp\/v2\/product\/75559\/revisions"}],"predecessor-version":[{"id":76476,"href":"https:\/\/staging.dyrsan.fr\/en\/wp-json\/wp\/v2\/product\/75559\/revisions\/76476"}],"wp:featuredmedia":[{"embeddable":true,"href":"https:\/\/staging.dyrsan.fr\/en\/wp-json\/wp\/v2\/media\/75557"}],"wp:attachment":[{"href":"https:\/\/staging.dyrsan.fr\/en\/wp-json\/wp\/v2\/media?parent=75559"}],"wp:term":[{"taxonomy":"product_brand","embeddable":true,"href":"https:\/\/staging.dyrsan.fr\/en\/wp-json\/wp\/v2\/product_brand?post=75559"},{"taxonomy":"product_cat","embeddable":true,"href":"https:\/\/staging.dyrsan.fr\/en\/wp-json\/wp\/v2\/product_cat?post=75559"},{"taxonomy":"product_tag","embeddable":true,"href":"https:\/\/staging.dyrsan.fr\/en\/wp-json\/wp\/v2\/product_tag?post=75559"}],"curies":[{"name":"wp","href":"https:\/\/api.w.org\/{rel}","templated":true}]}}