{"id":75556,"date":"2026-04-03T13:29:41","date_gmt":"2026-04-03T13:29:41","guid":{"rendered":"https:\/\/staging.dyrsan.fr\/?post_type=product&#038;p=75556"},"modified":"2026-04-14T12:07:54","modified_gmt":"2026-04-14T12:07:54","slug":"maille-jacquard-extensible-rose-certifiee-oeko-tex-rouleau-50m","status":"publish","type":"product","link":"https:\/\/staging.dyrsan.fr\/en\/shop\/maille-jacquard-extensible-rose-certifiee-oeko-tex-rouleau-50m\/","title":{"rendered":"Maille jacquard extensible rose certifi\u00e9e OEKO-TEX\u00ae \u2014 Rouleau 50M"},"content":{"rendered":"<p>Maille jacquard extensible rose certifi\u00e9e OEKO-TEX\u00ae. Cette maille jacquard offre un relief ray\u00e9 d\u00e9licat et une excellente \u00e9lasticit\u00e9, id\u00e9ale pour la confection de maillots de bain, lingerie et v\u00eatements stretch. Sa structure souple et confortable assure un rendu esth\u00e9tique et technique.<\/p>\n<p>&nbsp;<\/p>\n<p><strong>Technical specifications:<\/strong><br \/>\nR\u00e9f\u00e9rence : DY96293<br \/>\nComposition: 84 % nylon, 16 % spandex<br \/>\nPoids : 156 g\/m\u00b2, 113 g\/m\u00b2<br \/>\nWidth: 155 cm<br \/>\nLongueur du rouleau : 150 cm<br \/>\nColor: pink (customizable according to Pantone code)<br \/>\nOEKO-TEX\u00ae certification<br \/>\nAspect : maille jacquard \u00e0 rayures textur\u00e9es<br \/>\nProperties: stretchable<br \/>\nUse: swimwear, lingerie, stretch garments<\/p>","protected":false},"excerpt":{"rendered":"<p>Maille jacquard extensible rose certifi\u00e9e OEKO-TEX\u00ae. Cette maille jacquard offre un relief ray\u00e9 d\u00e9licat et une excellente \u00e9lasticit\u00e9, id\u00e9ale pour la confection de maillots de bain, lingerie et v\u00eatements stretch. Sa structure souple et confortable assure un rendu esth\u00e9tique et technique.<\/p>\n<p>&nbsp;<\/p>\n<p><strong>Technical specifications:<\/strong><br \/>\nR\u00e9f\u00e9rence : DY96293<br \/>\nComposition: 84 % nylon, 16 % spandex<br \/>\nPoids : 156 g\/m\u00b2, 113 g\/m\u00b2<br \/>\nWidth: 155 cm<br \/>\nLongueur du rouleau : 150 cm<br \/>\nColor: pink (customizable according to Pantone code)<br \/>\nOEKO-TEX\u00ae certification<br \/>\nAspect : maille jacquard \u00e0 rayures textur\u00e9es<br \/>\nProperties: stretchable<br \/>\nUse: swimwear, lingerie, stretch garments<\/p>","protected":false},"featured_media":75553,"comment_status":"open","ping_status":"closed","template":"","meta":[],"product_brand":[],"product_cat":[495,150,180,455,456],"product_tag":[],"class_list":{"0":"post-75556","1":"product","2":"type-product","3":"status-publish","4":"has-post-thumbnail","6":"product_cat-rouleaux-de-tissus","7":"product_cat-tissus","8":"product_cat-tissus-mailles-jacquard","9":"product_cat-tissus-maillots-de-bain","10":"product_cat-tissus-pour-lingerie","12":"first","13":"instock","14":"taxable","15":"shipping-taxable","16":"purchasable","17":"product-type-simple"},"_links":{"self":[{"href":"https:\/\/staging.dyrsan.fr\/en\/wp-json\/wp\/v2\/product\/75556","targetHints":{"allow":["GET"]}}],"collection":[{"href":"https:\/\/staging.dyrsan.fr\/en\/wp-json\/wp\/v2\/product"}],"about":[{"href":"https:\/\/staging.dyrsan.fr\/en\/wp-json\/wp\/v2\/types\/product"}],"replies":[{"embeddable":true,"href":"https:\/\/staging.dyrsan.fr\/en\/wp-json\/wp\/v2\/comments?post=75556"}],"version-history":[{"count":1,"href":"https:\/\/staging.dyrsan.fr\/en\/wp-json\/wp\/v2\/product\/75556\/revisions"}],"predecessor-version":[{"id":76477,"href":"https:\/\/staging.dyrsan.fr\/en\/wp-json\/wp\/v2\/product\/75556\/revisions\/76477"}],"wp:featuredmedia":[{"embeddable":true,"href":"https:\/\/staging.dyrsan.fr\/en\/wp-json\/wp\/v2\/media\/75553"}],"wp:attachment":[{"href":"https:\/\/staging.dyrsan.fr\/en\/wp-json\/wp\/v2\/media?parent=75556"}],"wp:term":[{"taxonomy":"product_brand","embeddable":true,"href":"https:\/\/staging.dyrsan.fr\/en\/wp-json\/wp\/v2\/product_brand?post=75556"},{"taxonomy":"product_cat","embeddable":true,"href":"https:\/\/staging.dyrsan.fr\/en\/wp-json\/wp\/v2\/product_cat?post=75556"},{"taxonomy":"product_tag","embeddable":true,"href":"https:\/\/staging.dyrsan.fr\/en\/wp-json\/wp\/v2\/product_tag?post=75556"}],"curies":[{"name":"wp","href":"https:\/\/api.w.org\/{rel}","templated":true}]}}