{"id":75527,"date":"2026-04-03T13:28:14","date_gmt":"2026-04-03T13:28:14","guid":{"rendered":"https:\/\/staging.dyrsan.fr\/?post_type=product&#038;p=75527"},"modified":"2026-04-14T12:08:17","modified_gmt":"2026-04-14T12:08:17","slug":"tissu-mesh-elastique-rose-leger-et-respirant-rouleau-50m","status":"publish","type":"product","link":"https:\/\/staging.dyrsan.fr\/en\/shop\/tissu-mesh-elastique-rose-leger-et-respirant-rouleau-50m\/","title":{"rendered":"Lightweight, breathable pink elastic mesh - 50M roll"},"content":{"rendered":"<p>Tissu mesh \u00e9lastique rose l\u00e9ger et respirant. Cette r\u00e9sille extensible en nylon recycl\u00e9 offre transparence, souplesse et confort, id\u00e9ale pour la confection de lingerie fine, empi\u00e8cements d\u00e9licats et v\u00eatements techniques.<\/p>\n<p>&nbsp;<\/p>\n<p><strong>Technical specifications:<\/strong><br \/>\nR\u00e9f\u00e9rence : DY50107R<br \/>\nDescription : Elastic Mesh<br \/>\nComposition : 83 % nylon recycl\u00e9, 17 % spandex<br \/>\nPoids : 60 g\/m\u00b2<br \/>\nWidth: 152 cm<br \/>\nColor: pink (customizable according to Pantone code)<br \/>\nAspect : mesh fin, transparent<br \/>\nPropri\u00e9t\u00e9s : extensible, l\u00e9ger, respirant<br \/>\nUtilisation : lingerie fine, empi\u00e8cements, v\u00eatements techniques, d\u00e9tails d\u00e9coratifs<br \/>\nOrigin: China<\/p>","protected":false},"excerpt":{"rendered":"<p>Tissu mesh \u00e9lastique rose l\u00e9ger et respirant. Cette r\u00e9sille extensible en nylon recycl\u00e9 offre transparence, souplesse et confort, id\u00e9ale pour la confection de lingerie fine, empi\u00e8cements d\u00e9licats et v\u00eatements techniques.<\/p>\n<p>&nbsp;<\/p>\n<p><strong>Technical specifications:<\/strong><br \/>\nR\u00e9f\u00e9rence : DY50107R<br \/>\nDescription : Elastic Mesh<br \/>\nComposition : 83 % nylon recycl\u00e9, 17 % spandex<br \/>\nPoids : 60 g\/m\u00b2<br \/>\nWidth: 152 cm<br \/>\nColor: pink (customizable according to Pantone code)<br \/>\nAspect : mesh fin, transparent<br \/>\nPropri\u00e9t\u00e9s : extensible, l\u00e9ger, respirant<br \/>\nUtilisation : lingerie fine, empi\u00e8cements, v\u00eatements techniques, d\u00e9tails d\u00e9coratifs<br \/>\nOrigin: China<\/p>","protected":false},"featured_media":75524,"comment_status":"open","ping_status":"closed","template":"","meta":[],"product_brand":[],"product_cat":[495,150,197,179],"product_tag":[],"class_list":{"0":"post-75527","1":"product","2":"type-product","3":"status-publish","4":"has-post-thumbnail","6":"product_cat-rouleaux-de-tissus","7":"product_cat-tissus","8":"product_cat-tissus-recycles","9":"product_cat-tissus-resilles","11":"first","12":"instock","13":"taxable","14":"shipping-taxable","15":"purchasable","16":"product-type-simple"},"_links":{"self":[{"href":"https:\/\/staging.dyrsan.fr\/en\/wp-json\/wp\/v2\/product\/75527","targetHints":{"allow":["GET"]}}],"collection":[{"href":"https:\/\/staging.dyrsan.fr\/en\/wp-json\/wp\/v2\/product"}],"about":[{"href":"https:\/\/staging.dyrsan.fr\/en\/wp-json\/wp\/v2\/types\/product"}],"replies":[{"embeddable":true,"href":"https:\/\/staging.dyrsan.fr\/en\/wp-json\/wp\/v2\/comments?post=75527"}],"version-history":[{"count":1,"href":"https:\/\/staging.dyrsan.fr\/en\/wp-json\/wp\/v2\/product\/75527\/revisions"}],"predecessor-version":[{"id":76485,"href":"https:\/\/staging.dyrsan.fr\/en\/wp-json\/wp\/v2\/product\/75527\/revisions\/76485"}],"wp:featuredmedia":[{"embeddable":true,"href":"https:\/\/staging.dyrsan.fr\/en\/wp-json\/wp\/v2\/media\/75524"}],"wp:attachment":[{"href":"https:\/\/staging.dyrsan.fr\/en\/wp-json\/wp\/v2\/media?parent=75527"}],"wp:term":[{"taxonomy":"product_brand","embeddable":true,"href":"https:\/\/staging.dyrsan.fr\/en\/wp-json\/wp\/v2\/product_brand?post=75527"},{"taxonomy":"product_cat","embeddable":true,"href":"https:\/\/staging.dyrsan.fr\/en\/wp-json\/wp\/v2\/product_cat?post=75527"},{"taxonomy":"product_tag","embeddable":true,"href":"https:\/\/staging.dyrsan.fr\/en\/wp-json\/wp\/v2\/product_tag?post=75527"}],"curies":[{"name":"wp","href":"https:\/\/api.w.org\/{rel}","templated":true}]}}