{"id":75506,"date":"2026-04-03T13:27:03","date_gmt":"2026-04-03T13:27:03","guid":{"rendered":"https:\/\/staging.dyrsan.fr\/?post_type=product&#038;p=75506"},"modified":"2026-04-14T12:08:38","modified_gmt":"2026-04-14T12:08:38","slug":"tissu-jacquard-rouge-texture-extensible-rouleau-50m","status":"publish","type":"product","link":"https:\/\/staging.dyrsan.fr\/en\/shop\/tissu-jacquard-rouge-texture-extensible-rouleau-50m\/","title":{"rendered":"Tissu jacquard rouge textur\u00e9 extensible \u2014 Rouleau 50M"},"content":{"rendered":"<p>Tissu jacquard rouge textur\u00e9 extensible, compos\u00e9 majoritairement de polyamide recycl\u00e9. Ce jacquard pr\u00e9sente un relief graphique \u00e9l\u00e9gant et une belle tenue, tout en offrant une \u00e9lasticit\u00e9 confortable. Id\u00e9al pour la confection de lingerie structur\u00e9e, de maillots de bain premium et de pi\u00e8ces mode sophistiqu\u00e9es, alliant esth\u00e9tique, maintien et technicit\u00e9.<\/p>\n<p>&nbsp;<\/p>\n<p><strong>Technical specifications:<\/strong><br \/>\nR\u00e9f\u00e9rence : DY80067<br \/>\nComposition : 95 % polyamide recycl\u00e9, 5 % spandex<br \/>\nWeight: 210 g\/m\u00b2.<br \/>\nLargeur : 90 cm<br \/>\nCouleur : rouge (personnalisable selon code Pantone)<br \/>\nAspect : jacquard textur\u00e9 en relief<br \/>\nPropri\u00e9t\u00e9s : extensible, structur\u00e9, bonne tenue<br \/>\nUtilisation : lingerie structur\u00e9e, maillots de bain, pi\u00e8ces mode, empi\u00e8cements d\u00e9coratifs<br \/>\nOrigin: China<\/p>","protected":false},"excerpt":{"rendered":"<p>Tissu jacquard rouge textur\u00e9 extensible, compos\u00e9 majoritairement de polyamide recycl\u00e9. Ce jacquard pr\u00e9sente un relief graphique \u00e9l\u00e9gant et une belle tenue, tout en offrant une \u00e9lasticit\u00e9 confortable. Id\u00e9al pour la confection de lingerie structur\u00e9e, de maillots de bain premium et de pi\u00e8ces mode sophistiqu\u00e9es, alliant esth\u00e9tique, maintien et technicit\u00e9.<\/p>\n<p>&nbsp;<\/p>\n<p><strong>Technical specifications:<\/strong><br \/>\nR\u00e9f\u00e9rence : DY80067<br \/>\nComposition : 95 % polyamide recycl\u00e9, 5 % spandex<br \/>\nWeight: 210 g\/m\u00b2.<br \/>\nLargeur : 90 cm<br \/>\nCouleur : rouge (personnalisable selon code Pantone)<br \/>\nAspect : jacquard textur\u00e9 en relief<br \/>\nPropri\u00e9t\u00e9s : extensible, structur\u00e9, bonne tenue<br \/>\nUtilisation : lingerie structur\u00e9e, maillots de bain, pi\u00e8ces mode, empi\u00e8cements d\u00e9coratifs<br \/>\nOrigin: China<\/p>","protected":false},"featured_media":75503,"comment_status":"open","ping_status":"closed","template":"","meta":[],"product_brand":[],"product_cat":[495,150,251,197],"product_tag":[],"class_list":{"0":"post-75506","1":"product","2":"type-product","3":"status-publish","4":"has-post-thumbnail","6":"product_cat-rouleaux-de-tissus","7":"product_cat-tissus","8":"product_cat-tissus-jersey","9":"product_cat-tissus-recycles","11":"first","12":"instock","13":"taxable","14":"shipping-taxable","15":"purchasable","16":"product-type-simple"},"_links":{"self":[{"href":"https:\/\/staging.dyrsan.fr\/en\/wp-json\/wp\/v2\/product\/75506","targetHints":{"allow":["GET"]}}],"collection":[{"href":"https:\/\/staging.dyrsan.fr\/en\/wp-json\/wp\/v2\/product"}],"about":[{"href":"https:\/\/staging.dyrsan.fr\/en\/wp-json\/wp\/v2\/types\/product"}],"replies":[{"embeddable":true,"href":"https:\/\/staging.dyrsan.fr\/en\/wp-json\/wp\/v2\/comments?post=75506"}],"version-history":[{"count":1,"href":"https:\/\/staging.dyrsan.fr\/en\/wp-json\/wp\/v2\/product\/75506\/revisions"}],"predecessor-version":[{"id":76492,"href":"https:\/\/staging.dyrsan.fr\/en\/wp-json\/wp\/v2\/product\/75506\/revisions\/76492"}],"wp:featuredmedia":[{"embeddable":true,"href":"https:\/\/staging.dyrsan.fr\/en\/wp-json\/wp\/v2\/media\/75503"}],"wp:attachment":[{"href":"https:\/\/staging.dyrsan.fr\/en\/wp-json\/wp\/v2\/media?parent=75506"}],"wp:term":[{"taxonomy":"product_brand","embeddable":true,"href":"https:\/\/staging.dyrsan.fr\/en\/wp-json\/wp\/v2\/product_brand?post=75506"},{"taxonomy":"product_cat","embeddable":true,"href":"https:\/\/staging.dyrsan.fr\/en\/wp-json\/wp\/v2\/product_cat?post=75506"},{"taxonomy":"product_tag","embeddable":true,"href":"https:\/\/staging.dyrsan.fr\/en\/wp-json\/wp\/v2\/product_tag?post=75506"}],"curies":[{"name":"wp","href":"https:\/\/api.w.org\/{rel}","templated":true}]}}