{"id":75482,"date":"2026-04-03T13:25:48","date_gmt":"2026-04-03T13:25:48","guid":{"rendered":"https:\/\/staging.dyrsan.fr\/?post_type=product&#038;p=75482"},"modified":"2026-04-14T12:08:58","modified_gmt":"2026-04-14T12:08:58","slug":"tissu-jacquard-rose-texture-extensible-rouleau-50m","status":"publish","type":"product","link":"https:\/\/staging.dyrsan.fr\/en\/shop\/tissu-jacquard-rose-texture-extensible-rouleau-50m\/","title":{"rendered":"Pink textured stretch jacquard fabric - 50M roll"},"content":{"rendered":"<p>Tissu jacquard rose textur\u00e9 extensible. Ce jacquard \u00e9pais et structur\u00e9 offre un relief \u00e9l\u00e9gant et un excellent maintien. Id\u00e9al pour la confection de maillots de bain haut de gamme et de pi\u00e8ces lingerie sophistiqu\u00e9es, alliant confort, technicit\u00e9 et esth\u00e9tique raffin\u00e9e.<\/p>\n<p>&nbsp;<\/p>\n<p><strong>Technical specifications:<\/strong><br \/>\nR\u00e9f\u00e9rence : DY80127<br \/>\nComposition : 78 % nylon, 18 % spandex<br \/>\nPoids : 255 g\/m\u00b2<br \/>\nWidth: 125 cm<br \/>\nColor: pink (customizable according to Pantone code)<br \/>\nAspect : jacquard textur\u00e9 en relief<br \/>\nPropri\u00e9t\u00e9s : extensible, structur\u00e9, bonne tenue, toucher textur\u00e9<br \/>\nUtilisation : maillots de bain premium, lingerie structur\u00e9e, pi\u00e8ces mode<br \/>\nOrigin: China<\/p>","protected":false},"excerpt":{"rendered":"<p>Tissu jacquard rose textur\u00e9 extensible. Ce jacquard \u00e9pais et structur\u00e9 offre un relief \u00e9l\u00e9gant et un excellent maintien. Id\u00e9al pour la confection de maillots de bain haut de gamme et de pi\u00e8ces lingerie sophistiqu\u00e9es, alliant confort, technicit\u00e9 et esth\u00e9tique raffin\u00e9e.<\/p>\n<p>&nbsp;<\/p>\n<p><strong>Technical specifications:<\/strong><br \/>\nR\u00e9f\u00e9rence : DY80127<br \/>\nComposition : 78 % nylon, 18 % spandex<br \/>\nPoids : 255 g\/m\u00b2<br \/>\nWidth: 125 cm<br \/>\nColor: pink (customizable according to Pantone code)<br \/>\nAspect : jacquard textur\u00e9 en relief<br \/>\nPropri\u00e9t\u00e9s : extensible, structur\u00e9, bonne tenue, toucher textur\u00e9<br \/>\nUtilisation : maillots de bain premium, lingerie structur\u00e9e, pi\u00e8ces mode<br \/>\nOrigin: China<\/p>","protected":false},"featured_media":75478,"comment_status":"open","ping_status":"closed","template":"","meta":[],"product_brand":[],"product_cat":[495,150,180,197,179],"product_tag":[],"class_list":{"0":"post-75482","1":"product","2":"type-product","3":"status-publish","4":"has-post-thumbnail","6":"product_cat-rouleaux-de-tissus","7":"product_cat-tissus","8":"product_cat-tissus-mailles-jacquard","9":"product_cat-tissus-recycles","10":"product_cat-tissus-resilles","12":"first","13":"instock","14":"taxable","15":"shipping-taxable","16":"purchasable","17":"product-type-simple"},"_links":{"self":[{"href":"https:\/\/staging.dyrsan.fr\/en\/wp-json\/wp\/v2\/product\/75482","targetHints":{"allow":["GET"]}}],"collection":[{"href":"https:\/\/staging.dyrsan.fr\/en\/wp-json\/wp\/v2\/product"}],"about":[{"href":"https:\/\/staging.dyrsan.fr\/en\/wp-json\/wp\/v2\/types\/product"}],"replies":[{"embeddable":true,"href":"https:\/\/staging.dyrsan.fr\/en\/wp-json\/wp\/v2\/comments?post=75482"}],"version-history":[{"count":1,"href":"https:\/\/staging.dyrsan.fr\/en\/wp-json\/wp\/v2\/product\/75482\/revisions"}],"predecessor-version":[{"id":76498,"href":"https:\/\/staging.dyrsan.fr\/en\/wp-json\/wp\/v2\/product\/75482\/revisions\/76498"}],"wp:featuredmedia":[{"embeddable":true,"href":"https:\/\/staging.dyrsan.fr\/en\/wp-json\/wp\/v2\/media\/75478"}],"wp:attachment":[{"href":"https:\/\/staging.dyrsan.fr\/en\/wp-json\/wp\/v2\/media?parent=75482"}],"wp:term":[{"taxonomy":"product_brand","embeddable":true,"href":"https:\/\/staging.dyrsan.fr\/en\/wp-json\/wp\/v2\/product_brand?post=75482"},{"taxonomy":"product_cat","embeddable":true,"href":"https:\/\/staging.dyrsan.fr\/en\/wp-json\/wp\/v2\/product_cat?post=75482"},{"taxonomy":"product_tag","embeddable":true,"href":"https:\/\/staging.dyrsan.fr\/en\/wp-json\/wp\/v2\/product_tag?post=75482"}],"curies":[{"name":"wp","href":"https:\/\/api.w.org\/{rel}","templated":true}]}}