{"id":75435,"date":"2026-04-03T13:23:23","date_gmt":"2026-04-03T13:23:23","guid":{"rendered":"https:\/\/staging.dyrsan.fr\/?post_type=product&#038;p=75435"},"modified":"2026-04-14T12:09:39","modified_gmt":"2026-04-14T12:09:39","slug":"tissu-mesh-dore-metallise-extensible-rouleau-50m","status":"publish","type":"product","link":"https:\/\/staging.dyrsan.fr\/en\/shop\/tissu-mesh-dore-metallise-extensible-rouleau-50m\/","title":{"rendered":"Tissu mesh dor\u00e9 m\u00e9tallis\u00e9 extensible \u2014 Rouleau 50M"},"content":{"rendered":"<p>Tissu mesh dor\u00e9 m\u00e9tallis\u00e9 extensible. Cette r\u00e9sille sophistiqu\u00e9e int\u00e8gre un fil m\u00e9tallique subtil qui apporte \u00e9clat et modernit\u00e9 tout en conservant une bonne \u00e9lasticit\u00e9. Id\u00e9al pour la confection de lingerie audacieuse, de pi\u00e8ces mode scintillantes et de d\u00e9tails d\u00e9coratifs haut de gamme, alliant glamour, confort et technicit\u00e9.<\/p>\n<p>&nbsp;<\/p>\n<p><strong>Technical specifications:<\/strong><br \/>\nR\u00e9f\u00e9rence : DY80133<br \/>\nComposition : 79 % nylon, 10 % fil m\u00e9tallique, 11 % spandex<br \/>\nWeight: 190 g\/m\u00b2.<br \/>\nWidth: 152 cm<br \/>\nCouleur : dor\u00e9 (personnalisable selon code Pantone)<br \/>\nAspect : mesh m\u00e9tallis\u00e9, l\u00e9g\u00e8rement brillant<br \/>\nPropri\u00e9t\u00e9s : extensible, souple, effet scintillant<br \/>\nUtilisation : lingerie mode, empi\u00e8cements d\u00e9coratifs, pi\u00e8ces fashion, costumes, d\u00e9tails cr\u00e9atifs<br \/>\nOrigin: China<\/p>","protected":false},"excerpt":{"rendered":"<p>Tissu mesh dor\u00e9 m\u00e9tallis\u00e9 extensible. Cette r\u00e9sille sophistiqu\u00e9e int\u00e8gre un fil m\u00e9tallique subtil qui apporte \u00e9clat et modernit\u00e9 tout en conservant une bonne \u00e9lasticit\u00e9. Id\u00e9al pour la confection de lingerie audacieuse, de pi\u00e8ces mode scintillantes et de d\u00e9tails d\u00e9coratifs haut de gamme, alliant glamour, confort et technicit\u00e9.<\/p>\n<p><strong>Technical specifications:<\/strong><br \/>\nR\u00e9f\u00e9rence : DY80133<br \/>\nComposition : 79 % nylon, 10 % fil m\u00e9tallique, 11 % spandex<br \/>\nWeight: 190 g\/m\u00b2.<br \/>\nWidth: 152 cm<br \/>\nCouleur : dor\u00e9 (personnalisable selon code Pantone)<br \/>\nAspect : mesh m\u00e9tallis\u00e9, l\u00e9g\u00e8rement brillant<br \/>\nPropri\u00e9t\u00e9s : extensible, souple, effet scintillant<br \/>\nUtilisation : lingerie mode, empi\u00e8cements d\u00e9coratifs, pi\u00e8ces fashion, costumes, d\u00e9tails cr\u00e9atifs<br \/>\nOrigin: China<\/p>","protected":false},"featured_media":75431,"comment_status":"open","ping_status":"closed","template":"","meta":[],"product_brand":[],"product_cat":[495,150,180,197],"product_tag":[],"class_list":{"0":"post-75435","1":"product","2":"type-product","3":"status-publish","4":"has-post-thumbnail","6":"product_cat-rouleaux-de-tissus","7":"product_cat-tissus","8":"product_cat-tissus-mailles-jacquard","9":"product_cat-tissus-recycles","11":"first","12":"instock","13":"taxable","14":"shipping-taxable","15":"purchasable","16":"product-type-simple"},"_links":{"self":[{"href":"https:\/\/staging.dyrsan.fr\/en\/wp-json\/wp\/v2\/product\/75435","targetHints":{"allow":["GET"]}}],"collection":[{"href":"https:\/\/staging.dyrsan.fr\/en\/wp-json\/wp\/v2\/product"}],"about":[{"href":"https:\/\/staging.dyrsan.fr\/en\/wp-json\/wp\/v2\/types\/product"}],"replies":[{"embeddable":true,"href":"https:\/\/staging.dyrsan.fr\/en\/wp-json\/wp\/v2\/comments?post=75435"}],"version-history":[{"count":1,"href":"https:\/\/staging.dyrsan.fr\/en\/wp-json\/wp\/v2\/product\/75435\/revisions"}],"predecessor-version":[{"id":76512,"href":"https:\/\/staging.dyrsan.fr\/en\/wp-json\/wp\/v2\/product\/75435\/revisions\/76512"}],"wp:featuredmedia":[{"embeddable":true,"href":"https:\/\/staging.dyrsan.fr\/en\/wp-json\/wp\/v2\/media\/75431"}],"wp:attachment":[{"href":"https:\/\/staging.dyrsan.fr\/en\/wp-json\/wp\/v2\/media?parent=75435"}],"wp:term":[{"taxonomy":"product_brand","embeddable":true,"href":"https:\/\/staging.dyrsan.fr\/en\/wp-json\/wp\/v2\/product_brand?post=75435"},{"taxonomy":"product_cat","embeddable":true,"href":"https:\/\/staging.dyrsan.fr\/en\/wp-json\/wp\/v2\/product_cat?post=75435"},{"taxonomy":"product_tag","embeddable":true,"href":"https:\/\/staging.dyrsan.fr\/en\/wp-json\/wp\/v2\/product_tag?post=75435"}],"curies":[{"name":"wp","href":"https:\/\/api.w.org\/{rel}","templated":true}]}}