{"id":74191,"date":"2026-03-18T10:25:23","date_gmt":"2026-03-18T10:25:23","guid":{"rendered":"https:\/\/staging.dyrsan.fr\/?post_type=product&#038;p=74191"},"modified":"2026-04-14T10:13:38","modified_gmt":"2026-04-14T10:13:38","slug":"tissu-microfibre-vert-extensible-en-nylon-recycle","status":"publish","type":"product","link":"https:\/\/staging.dyrsan.fr\/en\/shop\/tissu-microfibre-vert-extensible-en-nylon-recycle\/","title":{"rendered":"Green stretch microfiber fabric in recycled nylon"},"content":{"rendered":"<p>Tissu microfibre vert extensible en nylon recycl\u00e9, doux et r\u00e9sistant. Gr\u00e2ce \u00e0 sa forte \u00e9lasticit\u00e9 et \u00e0 son toucher lisse, ce tissu est id\u00e9al pour la confection de maillots de bain, v\u00eatements techniques et pi\u00e8ces actives, offrant confort, maintien et durabilit\u00e9 dans une approche plus responsable.<\/p>\n<p>&nbsp;<\/p>\n<p><strong>Technical specifications:<\/strong><br \/>\nR\u00e9f\u00e9rence : DY72393<br \/>\nComposition : 74 % nylon recycl\u00e9, 26 % spandex<br \/>\nPoids : 165\u2013180 g\/m\u00b2<br \/>\nLargeur : 177 cm<br \/>\nCouleur : vert (personnalisable selon code Pantone)<br \/>\nAspect : microfibre lisse, mat<br \/>\nPropri\u00e9t\u00e9s : extensible, doux, r\u00e9sistant, confortable<br \/>\nUtilisation : swimwear, activewear, leggings, v\u00eatements techniques<\/p>","protected":false},"excerpt":{"rendered":"<p>Tissu microfibre vert extensible en nylon recycl\u00e9, doux et r\u00e9sistant. Gr\u00e2ce \u00e0 sa forte \u00e9lasticit\u00e9 et \u00e0 son toucher lisse, ce tissu est id\u00e9al pour la confection de maillots de bain, v\u00eatements techniques et pi\u00e8ces actives, offrant confort, maintien et durabilit\u00e9 dans une approche plus responsable.<\/p>\n<p>&nbsp;<\/p>\n<p><strong>Technical specifications:<\/strong><br \/>\nR\u00e9f\u00e9rence : DY72393<br \/>\nComposition : 74 % nylon recycl\u00e9, 26 % spandex<br \/>\nPoids : 165\u2013180 g\/m\u00b2<br \/>\nLargeur : 177 cm<br \/>\nCouleur : vert (personnalisable selon code Pantone)<br \/>\nAspect : microfibre lisse, mat<br \/>\nPropri\u00e9t\u00e9s : extensible, doux, r\u00e9sistant, confortable<br \/>\nUtilisation : swimwear, activewear, leggings, v\u00eatements techniques<\/p>","protected":false},"featured_media":74268,"comment_status":"open","ping_status":"closed","template":"","meta":[],"product_brand":[370],"product_cat":[150,184,455,178,197],"product_tag":[],"class_list":{"0":"post-74191","1":"product","2":"type-product","3":"status-publish","4":"has-post-thumbnail","6":"product_brand-dyrsan","7":"product_cat-tissus","8":"product_cat-tissus-eco-responsables","9":"product_cat-tissus-maillots-de-bain","10":"product_cat-tissus-microfibres","11":"product_cat-tissus-recycles","13":"first","14":"instock","15":"taxable","16":"shipping-taxable","17":"purchasable","18":"product-type-simple"},"_links":{"self":[{"href":"https:\/\/staging.dyrsan.fr\/en\/wp-json\/wp\/v2\/product\/74191","targetHints":{"allow":["GET"]}}],"collection":[{"href":"https:\/\/staging.dyrsan.fr\/en\/wp-json\/wp\/v2\/product"}],"about":[{"href":"https:\/\/staging.dyrsan.fr\/en\/wp-json\/wp\/v2\/types\/product"}],"replies":[{"embeddable":true,"href":"https:\/\/staging.dyrsan.fr\/en\/wp-json\/wp\/v2\/comments?post=74191"}],"version-history":[{"count":4,"href":"https:\/\/staging.dyrsan.fr\/en\/wp-json\/wp\/v2\/product\/74191\/revisions"}],"predecessor-version":[{"id":74950,"href":"https:\/\/staging.dyrsan.fr\/en\/wp-json\/wp\/v2\/product\/74191\/revisions\/74950"}],"wp:featuredmedia":[{"embeddable":true,"href":"https:\/\/staging.dyrsan.fr\/en\/wp-json\/wp\/v2\/media\/74268"}],"wp:attachment":[{"href":"https:\/\/staging.dyrsan.fr\/en\/wp-json\/wp\/v2\/media?parent=74191"}],"wp:term":[{"taxonomy":"product_brand","embeddable":true,"href":"https:\/\/staging.dyrsan.fr\/en\/wp-json\/wp\/v2\/product_brand?post=74191"},{"taxonomy":"product_cat","embeddable":true,"href":"https:\/\/staging.dyrsan.fr\/en\/wp-json\/wp\/v2\/product_cat?post=74191"},{"taxonomy":"product_tag","embeddable":true,"href":"https:\/\/staging.dyrsan.fr\/en\/wp-json\/wp\/v2\/product_tag?post=74191"}],"curies":[{"name":"wp","href":"https:\/\/api.w.org\/{rel}","templated":true}]}}