{"id":74188,"date":"2026-03-18T10:28:11","date_gmt":"2026-03-18T10:28:11","guid":{"rendered":"https:\/\/staging.dyrsan.fr\/?post_type=product&#038;p=74188"},"modified":"2026-04-14T10:10:28","modified_gmt":"2026-04-14T10:10:28","slug":"tissu-jacquard-vert-a-motif-en-relief","status":"publish","type":"product","link":"https:\/\/staging.dyrsan.fr\/en\/shop\/tissu-jacquard-vert-a-motif-en-relief\/","title":{"rendered":"Green jacquard fabric with embossed pattern"},"content":{"rendered":"<p>Tissu jacquard vert \u00e0 motif en relief, offrant une main structur\u00e9e et un rendu graphique subtil.<\/p>\n<p><strong>Technical specifications:<\/strong><br \/>\nR\u00e9f\u00e9rence : DY80132<br \/>\nComposition : 91 % polyester, 9 % spandex<br \/>\nWeight: 260 g\/m\u00b2.<br \/>\nWidth: 135 cm<br \/>\nCouleur : vert (personnalisable selon le code Pantone)<br \/>\nArmure : jacquard<br \/>\nAspect : motif zebre en relief, surface textur\u00e9e<br \/>\nPropri\u00e9t\u00e9s : extensible, bonne tenue, structure marqu\u00e9e<\/p>","protected":false},"excerpt":{"rendered":"<p>Tissu jacquard vert \u00e0 motif en relief, offrant une main structur\u00e9e et un rendu graphique subtil.<\/p>\n<p><strong>Technical specifications:<\/strong><br \/>\nR\u00e9f\u00e9rence : DY80132<br \/>\nComposition : 91 % polyester, 9 % spandex<br \/>\nWeight: 260 g\/m\u00b2.<br \/>\nWidth: 135 cm<br \/>\nCouleur : vert (personnalisable selon le code Pantone)<br \/>\nArmure : jacquard<br \/>\nAspect : motif zebre en relief, surface textur\u00e9e<br \/>\nPropri\u00e9t\u00e9s : extensible, bonne tenue, structure marqu\u00e9e<\/p>","protected":false},"featured_media":74265,"comment_status":"open","ping_status":"closed","template":"","meta":[],"product_brand":[370],"product_cat":[150,210,251,455,213],"product_tag":[],"class_list":{"0":"post-74188","1":"product","2":"type-product","3":"status-publish","4":"has-post-thumbnail","6":"product_brand-dyrsan","7":"product_cat-tissus","8":"product_cat-tissus-imprimes-motifs-animaux","9":"product_cat-tissus-jersey","10":"product_cat-tissus-maillots-de-bain","11":"product_cat-tissus-textures","13":"first","14":"instock","15":"taxable","16":"shipping-taxable","17":"purchasable","18":"product-type-simple"},"_links":{"self":[{"href":"https:\/\/staging.dyrsan.fr\/en\/wp-json\/wp\/v2\/product\/74188","targetHints":{"allow":["GET"]}}],"collection":[{"href":"https:\/\/staging.dyrsan.fr\/en\/wp-json\/wp\/v2\/product"}],"about":[{"href":"https:\/\/staging.dyrsan.fr\/en\/wp-json\/wp\/v2\/types\/product"}],"replies":[{"embeddable":true,"href":"https:\/\/staging.dyrsan.fr\/en\/wp-json\/wp\/v2\/comments?post=74188"}],"version-history":[{"count":4,"href":"https:\/\/staging.dyrsan.fr\/en\/wp-json\/wp\/v2\/product\/74188\/revisions"}],"predecessor-version":[{"id":74952,"href":"https:\/\/staging.dyrsan.fr\/en\/wp-json\/wp\/v2\/product\/74188\/revisions\/74952"}],"wp:featuredmedia":[{"embeddable":true,"href":"https:\/\/staging.dyrsan.fr\/en\/wp-json\/wp\/v2\/media\/74265"}],"wp:attachment":[{"href":"https:\/\/staging.dyrsan.fr\/en\/wp-json\/wp\/v2\/media?parent=74188"}],"wp:term":[{"taxonomy":"product_brand","embeddable":true,"href":"https:\/\/staging.dyrsan.fr\/en\/wp-json\/wp\/v2\/product_brand?post=74188"},{"taxonomy":"product_cat","embeddable":true,"href":"https:\/\/staging.dyrsan.fr\/en\/wp-json\/wp\/v2\/product_cat?post=74188"},{"taxonomy":"product_tag","embeddable":true,"href":"https:\/\/staging.dyrsan.fr\/en\/wp-json\/wp\/v2\/product_tag?post=74188"}],"curies":[{"name":"wp","href":"https:\/\/api.w.org\/{rel}","templated":true}]}}