{"id":74185,"date":"2026-03-18T10:29:54","date_gmt":"2026-03-18T10:29:54","guid":{"rendered":"https:\/\/staging.dyrsan.fr\/?post_type=product&#038;p=74185"},"modified":"2026-04-14T10:10:12","modified_gmt":"2026-04-14T10:10:12","slug":"tissu-microfibre-vert-extensible-et-doux","status":"publish","type":"product","link":"https:\/\/staging.dyrsan.fr\/en\/shop\/tissu-microfibre-vert-extensible-et-doux\/","title":{"rendered":"Soft, stretchy green microfiber fabric"},"content":{"rendered":"<p>Tissu microfibre vert extensible et doux, compos\u00e9 majoritairement de nylon recycl\u00e9. Cette microfibre l\u00e9g\u00e8re et lisse offre un excellent confort, une \u00e9lasticit\u00e9 \u00e9lev\u00e9e et un toucher soyeux, id\u00e9ale pour la confection de maillots de bain, de lingerie confortable et de pi\u00e8ces seconde peau, alliant performance, durabilit\u00e9 et \u00e9l\u00e9gance.<\/p>\n<p>&nbsp;<\/p>\n<p><strong>Technical specifications:<\/strong><br \/>\nR\u00e9f\u00e9rence : DY50204R<br \/>\nComposition : 68 % nylon recycl\u00e9, 32 % spandex<br \/>\nPoids : 145 g\/m\u00b2<br \/>\nWidth: 145 cm<br \/>\nCouleur : vert (personnalisable selon code Pantone)<br \/>\nAspect : microfibre lisse, mat \u00e0 l\u00e9g\u00e8rement satin\u00e9<br \/>\nPropri\u00e9t\u00e9s : extensible, souple, doux, confortable<br \/>\nUtilisation : maillots de bain, lingerie, v\u00eatements seconde peau, activewear l\u00e9ger<\/p>","protected":false},"excerpt":{"rendered":"<p>Tissu microfibre vert extensible et doux, compos\u00e9 majoritairement de nylon recycl\u00e9. Cette microfibre l\u00e9g\u00e8re et lisse offre un excellent confort, une \u00e9lasticit\u00e9 \u00e9lev\u00e9e et un toucher soyeux, id\u00e9ale pour la confection de maillots de bain, de lingerie confortable et de pi\u00e8ces seconde peau, alliant performance, durabilit\u00e9 et \u00e9l\u00e9gance.<\/p>\n<p>&nbsp;<\/p>\n<p><strong>Technical specifications:<\/strong><br \/>\nR\u00e9f\u00e9rence : DY50204R<br \/>\nComposition : 68 % nylon recycl\u00e9, 32 % spandex<br \/>\nPoids : 145 g\/m\u00b2<br \/>\nWidth: 145 cm<br \/>\nCouleur : vert (personnalisable selon code Pantone)<br \/>\nAspect : microfibre lisse, mat \u00e0 l\u00e9g\u00e8rement satin\u00e9<br \/>\nPropri\u00e9t\u00e9s : extensible, souple, doux, confortable<br \/>\nUtilisation : maillots de bain, lingerie, v\u00eatements seconde peau, activewear l\u00e9ger<\/p>","protected":false},"featured_media":74261,"comment_status":"open","ping_status":"closed","template":"","meta":[],"product_brand":[370],"product_cat":[150,151,455,178,253,197],"product_tag":[],"class_list":{"0":"post-74185","1":"product","2":"type-product","3":"status-publish","4":"has-post-thumbnail","6":"product_brand-dyrsan","7":"product_cat-tissus","8":"product_cat-tissus-lycra-extensibles","9":"product_cat-tissus-maillots-de-bain","10":"product_cat-tissus-microfibres","11":"product_cat-tissus-pour-doublures","12":"product_cat-tissus-recycles","14":"first","15":"instock","16":"taxable","17":"shipping-taxable","18":"purchasable","19":"product-type-simple"},"_links":{"self":[{"href":"https:\/\/staging.dyrsan.fr\/en\/wp-json\/wp\/v2\/product\/74185","targetHints":{"allow":["GET"]}}],"collection":[{"href":"https:\/\/staging.dyrsan.fr\/en\/wp-json\/wp\/v2\/product"}],"about":[{"href":"https:\/\/staging.dyrsan.fr\/en\/wp-json\/wp\/v2\/types\/product"}],"replies":[{"embeddable":true,"href":"https:\/\/staging.dyrsan.fr\/en\/wp-json\/wp\/v2\/comments?post=74185"}],"version-history":[{"count":4,"href":"https:\/\/staging.dyrsan.fr\/en\/wp-json\/wp\/v2\/product\/74185\/revisions"}],"predecessor-version":[{"id":74954,"href":"https:\/\/staging.dyrsan.fr\/en\/wp-json\/wp\/v2\/product\/74185\/revisions\/74954"}],"wp:featuredmedia":[{"embeddable":true,"href":"https:\/\/staging.dyrsan.fr\/en\/wp-json\/wp\/v2\/media\/74261"}],"wp:attachment":[{"href":"https:\/\/staging.dyrsan.fr\/en\/wp-json\/wp\/v2\/media?parent=74185"}],"wp:term":[{"taxonomy":"product_brand","embeddable":true,"href":"https:\/\/staging.dyrsan.fr\/en\/wp-json\/wp\/v2\/product_brand?post=74185"},{"taxonomy":"product_cat","embeddable":true,"href":"https:\/\/staging.dyrsan.fr\/en\/wp-json\/wp\/v2\/product_cat?post=74185"},{"taxonomy":"product_tag","embeddable":true,"href":"https:\/\/staging.dyrsan.fr\/en\/wp-json\/wp\/v2\/product_tag?post=74185"}],"curies":[{"name":"wp","href":"https:\/\/api.w.org\/{rel}","templated":true}]}}