{"id":74006,"date":"2026-04-03T14:56:08","date_gmt":"2026-04-03T14:56:08","guid":{"rendered":"https:\/\/staging.dyrsan.fr\/?post_type=product&#038;p=74006"},"modified":"2026-04-14T10:11:05","modified_gmt":"2026-04-14T10:11:05","slug":"tissu-jacquard-jaune-texture","status":"publish","type":"product","link":"https:\/\/staging.dyrsan.fr\/en\/shop\/tissu-jacquard-jaune-texture\/","title":{"rendered":"Textured yellow jacquard fabric"},"content":{"rendered":"<p>Tissu jacquard jaune textur\u00e9, au relief discret et r\u00e9gulier. Ce jacquard l\u00e9ger \u00e0 moyen grammage offre une belle \u00e9lasticit\u00e9 et un toucher souple, id\u00e9al pour la confection de maillots de bain modernes, de lingerie confortable et de pi\u00e8ces mode estivales alliant style, confort et technicit\u00e9.<\/p>\n<p>&nbsp;<\/p>\n<p><strong>Technical specifications:<\/strong><br \/>\nR\u00e9f\u00e9rence : DY98591<br \/>\nComposition : 86 % nylon, 14 % spandex<br \/>\nPoids : 165 g\/m\u00b2<br \/>\nWidth: 130 cm<br \/>\nCouleur : jaune (personnalisable selon code Pantone)<br \/>\nAspect : jacquard fin \u00e0 motif g\u00e9om\u00e9trique discret<br \/>\nPropri\u00e9t\u00e9s : extensible, l\u00e9ger, souple, bonne \u00e9lasticit\u00e9<br \/>\nUtilisation : maillots de bain, lingerie, v\u00eatements stretch, pi\u00e8ces mode<\/p>","protected":false},"excerpt":{"rendered":"<p>Tissu jacquard jaune textur\u00e9, au relief discret et r\u00e9gulier. Ce jacquard l\u00e9ger \u00e0 moyen grammage offre une belle \u00e9lasticit\u00e9 et un toucher souple, id\u00e9al pour la confection de maillots de bain modernes, de lingerie confortable et de pi\u00e8ces mode estivales alliant style, confort et technicit\u00e9.<\/p>\n<p>&nbsp;<\/p>\n<p><strong>Technical specifications:<\/strong><br \/>\nR\u00e9f\u00e9rence : DY98591<br \/>\nComposition : 86 % nylon, 14 % spandex<br \/>\nPoids : 165 g\/m\u00b2<br \/>\nWidth: 130 cm<br \/>\nCouleur : jaune (personnalisable selon code Pantone)<br \/>\nAspect : jacquard fin \u00e0 motif g\u00e9om\u00e9trique discret<br \/>\nPropri\u00e9t\u00e9s : extensible, l\u00e9ger, souple, bonne \u00e9lasticit\u00e9<br \/>\nUtilisation : maillots de bain, lingerie, v\u00eatements stretch, pi\u00e8ces mode<\/p>","protected":false},"featured_media":74082,"comment_status":"open","ping_status":"closed","template":"","meta":[],"product_brand":[370],"product_cat":[150,180,455,197],"product_tag":[],"class_list":{"0":"post-74006","1":"product","2":"type-product","3":"status-publish","4":"has-post-thumbnail","6":"product_brand-dyrsan","7":"product_cat-tissus","8":"product_cat-tissus-mailles-jacquard","9":"product_cat-tissus-maillots-de-bain","10":"product_cat-tissus-recycles","12":"first","13":"instock","14":"taxable","15":"shipping-taxable","16":"purchasable","17":"product-type-simple"},"_links":{"self":[{"href":"https:\/\/staging.dyrsan.fr\/en\/wp-json\/wp\/v2\/product\/74006","targetHints":{"allow":["GET"]}}],"collection":[{"href":"https:\/\/staging.dyrsan.fr\/en\/wp-json\/wp\/v2\/product"}],"about":[{"href":"https:\/\/staging.dyrsan.fr\/en\/wp-json\/wp\/v2\/types\/product"}],"replies":[{"embeddable":true,"href":"https:\/\/staging.dyrsan.fr\/en\/wp-json\/wp\/v2\/comments?post=74006"}],"version-history":[{"count":5,"href":"https:\/\/staging.dyrsan.fr\/en\/wp-json\/wp\/v2\/product\/74006\/revisions"}],"predecessor-version":[{"id":75877,"href":"https:\/\/staging.dyrsan.fr\/en\/wp-json\/wp\/v2\/product\/74006\/revisions\/75877"}],"wp:featuredmedia":[{"embeddable":true,"href":"https:\/\/staging.dyrsan.fr\/en\/wp-json\/wp\/v2\/media\/74082"}],"wp:attachment":[{"href":"https:\/\/staging.dyrsan.fr\/en\/wp-json\/wp\/v2\/media?parent=74006"}],"wp:term":[{"taxonomy":"product_brand","embeddable":true,"href":"https:\/\/staging.dyrsan.fr\/en\/wp-json\/wp\/v2\/product_brand?post=74006"},{"taxonomy":"product_cat","embeddable":true,"href":"https:\/\/staging.dyrsan.fr\/en\/wp-json\/wp\/v2\/product_cat?post=74006"},{"taxonomy":"product_tag","embeddable":true,"href":"https:\/\/staging.dyrsan.fr\/en\/wp-json\/wp\/v2\/product_tag?post=74006"}],"curies":[{"name":"wp","href":"https:\/\/api.w.org\/{rel}","templated":true}]}}