{"id":73998,"date":"2026-03-18T10:11:59","date_gmt":"2026-03-18T10:11:59","guid":{"rendered":"https:\/\/staging.dyrsan.fr\/?post_type=product&#038;p=73998"},"modified":"2026-04-14T10:11:22","modified_gmt":"2026-04-14T10:11:22","slug":"tissu-microfibre-rose-fuchsia-extensible","status":"publish","type":"product","link":"https:\/\/staging.dyrsan.fr\/en\/shop\/tissu-microfibre-rose-fuchsia-extensible\/","title":{"rendered":"Fuchsia pink stretch microfiber fabric"},"content":{"rendered":"<p>Tissu microfibre rose fuchsia extensible. Cette microfibre lisse et r\u00e9sistante offre un excellent confort, une belle \u00e9lasticit\u00e9 et une tenue optimale. Id\u00e9ale pour la confection de maillots de bain performants, de lingerie confortable et de v\u00eatements pr\u00e8s du corps, alliant technicit\u00e9, douceur et durabilit\u00e9.<\/p>\n<p>&nbsp;<\/p>\n<p><strong>Technical specifications:<\/strong><br \/>\nR\u00e9f\u00e9rence : DY98083<br \/>\nComposition : 90% nylon, 10% spandex<br \/>\nWeight: 210 g\/m\u00b2.<br \/>\nWidth: 160 cm<br \/>\nColor: pink (customizable according to Pantone code)<br \/>\nAspect : microfibre lisse et uniforme<br \/>\nPropri\u00e9t\u00e9s : extensible, r\u00e9sistante, douce au toucher, bonne opacit\u00e9<br \/>\nUtilisation : maillots de bain, lingerie, v\u00eatements stretch, pi\u00e8ces sport &amp; beachwear<\/p>","protected":false},"excerpt":{"rendered":"<p>Tissu microfibre rose fuchsia extensible. Cette microfibre lisse et r\u00e9sistante offre un excellent confort, une belle \u00e9lasticit\u00e9 et une tenue optimale. Id\u00e9ale pour la confection de maillots de bain performants, de lingerie confortable et de v\u00eatements pr\u00e8s du corps, alliant technicit\u00e9, douceur et durabilit\u00e9.<\/p>\n<p>&nbsp;<\/p>\n<p><strong>Technical specifications:<\/strong><br \/>\nR\u00e9f\u00e9rence : DY98083<br \/>\nComposition : 90% nylon, 10% spandex<br \/>\nWeight: 210 g\/m\u00b2.<br \/>\nWidth: 160 cm<br \/>\nColor: pink (customizable according to Pantone code)<br \/>\nAspect : microfibre lisse et uniforme<br \/>\nPropri\u00e9t\u00e9s : extensible, r\u00e9sistante, douce au toucher, bonne opacit\u00e9<br \/>\nUtilisation : maillots de bain, lingerie, v\u00eatements stretch, pi\u00e8ces sport &amp; beachwear<\/p>","protected":false},"featured_media":74054,"comment_status":"open","ping_status":"closed","template":"","meta":[],"product_brand":[370],"product_cat":[150,151,455],"product_tag":[],"class_list":{"0":"post-73998","1":"product","2":"type-product","3":"status-publish","4":"has-post-thumbnail","6":"product_brand-dyrsan","7":"product_cat-tissus","8":"product_cat-tissus-lycra-extensibles","9":"product_cat-tissus-maillots-de-bain","11":"first","12":"instock","13":"taxable","14":"shipping-taxable","15":"purchasable","16":"product-type-simple"},"_links":{"self":[{"href":"https:\/\/staging.dyrsan.fr\/en\/wp-json\/wp\/v2\/product\/73998","targetHints":{"allow":["GET"]}}],"collection":[{"href":"https:\/\/staging.dyrsan.fr\/en\/wp-json\/wp\/v2\/product"}],"about":[{"href":"https:\/\/staging.dyrsan.fr\/en\/wp-json\/wp\/v2\/types\/product"}],"replies":[{"embeddable":true,"href":"https:\/\/staging.dyrsan.fr\/en\/wp-json\/wp\/v2\/comments?post=73998"}],"version-history":[{"count":4,"href":"https:\/\/staging.dyrsan.fr\/en\/wp-json\/wp\/v2\/product\/73998\/revisions"}],"predecessor-version":[{"id":74936,"href":"https:\/\/staging.dyrsan.fr\/en\/wp-json\/wp\/v2\/product\/73998\/revisions\/74936"}],"wp:featuredmedia":[{"embeddable":true,"href":"https:\/\/staging.dyrsan.fr\/en\/wp-json\/wp\/v2\/media\/74054"}],"wp:attachment":[{"href":"https:\/\/staging.dyrsan.fr\/en\/wp-json\/wp\/v2\/media?parent=73998"}],"wp:term":[{"taxonomy":"product_brand","embeddable":true,"href":"https:\/\/staging.dyrsan.fr\/en\/wp-json\/wp\/v2\/product_brand?post=73998"},{"taxonomy":"product_cat","embeddable":true,"href":"https:\/\/staging.dyrsan.fr\/en\/wp-json\/wp\/v2\/product_cat?post=73998"},{"taxonomy":"product_tag","embeddable":true,"href":"https:\/\/staging.dyrsan.fr\/en\/wp-json\/wp\/v2\/product_tag?post=73998"}],"curies":[{"name":"wp","href":"https:\/\/api.w.org\/{rel}","templated":true}]}}