{"id":73985,"date":"2026-03-18T10:14:45","date_gmt":"2026-03-18T10:14:45","guid":{"rendered":"https:\/\/staging.dyrsan.fr\/?post_type=product&#038;p=73985"},"modified":"2026-04-14T10:13:32","modified_gmt":"2026-04-14T10:13:32","slug":"tissu-plain-tricot-rose-leger-et-fluide","status":"publish","type":"product","link":"https:\/\/staging.dyrsan.fr\/en\/shop\/tissu-plain-tricot-rose-leger-et-fluide\/","title":{"rendered":"Light, flowing pink plain-knit fabric"},"content":{"rendered":"<p>Tissu plain tricot rose l\u00e9ger et fluide.\u00a0 Ce tissu fin offre un toucher doux, un tomb\u00e9 souple et une bonne respirabilit\u00e9. Id\u00e9al pour la confection de lingerie l\u00e9g\u00e8re, doublures, pi\u00e8ces d\u00e9licates ou applications textiles n\u00e9cessitant finesse et confort.<\/p>\n<p>&nbsp;<\/p>\n<p><strong>Technical specifications:<\/strong><br \/>\nR\u00e9f\u00e9rence : DY97995<br \/>\nComposition : 100 % polyester<br \/>\nPoids : 86 g\/m\u00b2<br \/>\nWidth: 152 cm<br \/>\nColor: pink (customizable according to Pantone code)<br \/>\nAspect : plain tricot, fin et lisse<br \/>\nPropri\u00e9t\u00e9s : l\u00e9ger, fluide, doux au toucher<br \/>\nUtilisation : lingerie l\u00e9g\u00e8re, doublure, v\u00eatements d\u00e9licats<\/p>","protected":false},"excerpt":{"rendered":"<p>Tissu plain tricot rose l\u00e9ger et fluide.\u00a0 Ce tissu fin offre un toucher doux, un tomb\u00e9 souple et une bonne respirabilit\u00e9. Id\u00e9al pour la confection de lingerie l\u00e9g\u00e8re, doublures, pi\u00e8ces d\u00e9licates ou applications textiles n\u00e9cessitant finesse et confort.<\/p>\n<p>&nbsp;<\/p>\n<p><strong>Technical specifications:<\/strong><br \/>\nR\u00e9f\u00e9rence : DY97995<br \/>\nComposition : 100 % polyester<br \/>\nPoids : 86 g\/m\u00b2<br \/>\nWidth: 152 cm<br \/>\nColor: pink (customizable according to Pantone code)<br \/>\nAspect : plain tricot, fin et lisse<br \/>\nPropri\u00e9t\u00e9s : l\u00e9ger, fluide, doux au toucher<br \/>\nUtilisation : lingerie l\u00e9g\u00e8re, doublure, v\u00eatements d\u00e9licats<\/p>","protected":false},"featured_media":74073,"comment_status":"open","ping_status":"closed","template":"","meta":[],"product_brand":[370],"product_cat":[150,253,456,179],"product_tag":[],"class_list":{"0":"post-73985","1":"product","2":"type-product","3":"status-publish","4":"has-post-thumbnail","6":"product_brand-dyrsan","7":"product_cat-tissus","8":"product_cat-tissus-pour-doublures","9":"product_cat-tissus-pour-lingerie","10":"product_cat-tissus-resilles","12":"first","13":"instock","14":"taxable","15":"shipping-taxable","16":"purchasable","17":"product-type-simple"},"_links":{"self":[{"href":"https:\/\/staging.dyrsan.fr\/en\/wp-json\/wp\/v2\/product\/73985","targetHints":{"allow":["GET"]}}],"collection":[{"href":"https:\/\/staging.dyrsan.fr\/en\/wp-json\/wp\/v2\/product"}],"about":[{"href":"https:\/\/staging.dyrsan.fr\/en\/wp-json\/wp\/v2\/types\/product"}],"replies":[{"embeddable":true,"href":"https:\/\/staging.dyrsan.fr\/en\/wp-json\/wp\/v2\/comments?post=73985"}],"version-history":[{"count":4,"href":"https:\/\/staging.dyrsan.fr\/en\/wp-json\/wp\/v2\/product\/73985\/revisions"}],"predecessor-version":[{"id":74941,"href":"https:\/\/staging.dyrsan.fr\/en\/wp-json\/wp\/v2\/product\/73985\/revisions\/74941"}],"wp:featuredmedia":[{"embeddable":true,"href":"https:\/\/staging.dyrsan.fr\/en\/wp-json\/wp\/v2\/media\/74073"}],"wp:attachment":[{"href":"https:\/\/staging.dyrsan.fr\/en\/wp-json\/wp\/v2\/media?parent=73985"}],"wp:term":[{"taxonomy":"product_brand","embeddable":true,"href":"https:\/\/staging.dyrsan.fr\/en\/wp-json\/wp\/v2\/product_brand?post=73985"},{"taxonomy":"product_cat","embeddable":true,"href":"https:\/\/staging.dyrsan.fr\/en\/wp-json\/wp\/v2\/product_cat?post=73985"},{"taxonomy":"product_tag","embeddable":true,"href":"https:\/\/staging.dyrsan.fr\/en\/wp-json\/wp\/v2\/product_tag?post=73985"}],"curies":[{"name":"wp","href":"https:\/\/api.w.org\/{rel}","templated":true}]}}