{"id":73769,"date":"2026-01-24T07:26:59","date_gmt":"2026-01-24T07:26:59","guid":{"rendered":"https:\/\/staging.dyrsan.fr\/?post_type=product&#038;p=73769"},"modified":"2026-04-03T17:50:06","modified_gmt":"2026-04-03T17:50:06","slug":"boucle-connecteur-en-metal-dore-a-design-fluide","status":"publish","type":"product","link":"https:\/\/staging.dyrsan.fr\/en\/shop\/boucle-connecteur-en-metal-dore-a-design-fluide\/","title":{"rendered":"Gold-plated connector buckle with flowing design"},"content":{"rendered":"<p>Cette boucle connecteur en m\u00e9tal dor\u00e9 fluide est id\u00e9ale pour sublimer les cr\u00e9ations de maillots de bain et bikinis. Elle apporte une touche moderne, \u00e9l\u00e9gante et haut de gamme aux collections swimwear et beachwear.<\/p>\n<p>&nbsp;<\/p>\n<p><strong>Technical specifications:<\/strong><br \/>\nR\u00e9f\u00e9rence : DY2577<br \/>\nDimensions : 7 cm \u00d7 4 cm<br \/>\nPoids : 0,022 kg<\/p>\n<div id=\"simple-translate\" class=\"simple-translate-system-theme\">\n<div>\n<div class=\"simple-translate-button\" style=\"background-image: url('chrome-extension:\/\/cllnohpbfenopiakdcjmjcbaeapmkcdl\/icons\/512.png'); height: 22px; width: 22px; top: 10px; left: 10px;\"><\/div>\n<div class=\"simple-translate-panel\" style=\"width: 300px; height: 200px; top: 0px; left: 0px; font-size: 13px;\">\n<div class=\"simple-translate-result-wrapper\" style=\"overflow: hidden;\">\n<div class=\"simple-translate-move\" draggable=\"true\"><\/div>\n<div class=\"simple-translate-result-contents\">\n<p class=\"simple-translate-candidate\" dir=\"auto\">\n<\/div>\n<\/div>\n<\/div>\n<\/div>\n<\/div>","protected":false},"excerpt":{"rendered":"<p>Cette boucle d\u00e9corative au design fluide est id\u00e9ale pour sublimer les cr\u00e9ations de maillots de bain et bikinis. Elle apporte une touche moderne, \u00e9l\u00e9gante et haut de gamme aux collections swimwear et beachwear.<\/p>\n<p>&nbsp;<\/p>\n<p><strong>Technical specifications:<\/strong><br \/>\nR\u00e9f\u00e9rence : DY2577<br \/>\nDimensions : 7 cm \u00d7 4 cm<br \/>\nPoids : 0,022 kg<\/p>\n<div id=\"simple-translate\" class=\"simple-translate-system-theme\">\n<div>\n<div class=\"simple-translate-button\" style=\"background-image: url('chrome-extension:\/\/cllnohpbfenopiakdcjmjcbaeapmkcdl\/icons\/512.png'); height: 22px; width: 22px; top: 10px; left: 10px;\"><\/div>\n<div class=\"simple-translate-panel\" style=\"width: 300px; height: 200px; top: 0px; left: 0px; font-size: 13px;\">\n<div class=\"simple-translate-result-wrapper\" style=\"overflow: hidden;\">\n<div class=\"simple-translate-move\" draggable=\"true\"><\/div>\n<div class=\"simple-translate-result-contents\">\n<p class=\"simple-translate-candidate\" dir=\"auto\">\n<\/div>\n<\/div>\n<\/div>\n<\/div>\n<\/div>","protected":false},"featured_media":72799,"comment_status":"open","ping_status":"closed","template":"","meta":[],"product_brand":[370],"product_cat":[140,148,149],"product_tag":[],"class_list":{"0":"post-73769","1":"product","2":"type-product","3":"status-publish","4":"has-post-thumbnail","6":"product_brand-dyrsan","7":"product_cat-accessoires","8":"product_cat-boucles","9":"product_cat-connecteurs","11":"first","12":"instock","13":"sold-individually","14":"taxable","15":"shipping-taxable","16":"purchasable","17":"product-type-simple"},"_links":{"self":[{"href":"https:\/\/staging.dyrsan.fr\/en\/wp-json\/wp\/v2\/product\/73769","targetHints":{"allow":["GET"]}}],"collection":[{"href":"https:\/\/staging.dyrsan.fr\/en\/wp-json\/wp\/v2\/product"}],"about":[{"href":"https:\/\/staging.dyrsan.fr\/en\/wp-json\/wp\/v2\/types\/product"}],"replies":[{"embeddable":true,"href":"https:\/\/staging.dyrsan.fr\/en\/wp-json\/wp\/v2\/comments?post=73769"}],"version-history":[{"count":5,"href":"https:\/\/staging.dyrsan.fr\/en\/wp-json\/wp\/v2\/product\/73769\/revisions"}],"predecessor-version":[{"id":73812,"href":"https:\/\/staging.dyrsan.fr\/en\/wp-json\/wp\/v2\/product\/73769\/revisions\/73812"}],"wp:featuredmedia":[{"embeddable":true,"href":"https:\/\/staging.dyrsan.fr\/en\/wp-json\/wp\/v2\/media\/72799"}],"wp:attachment":[{"href":"https:\/\/staging.dyrsan.fr\/en\/wp-json\/wp\/v2\/media?parent=73769"}],"wp:term":[{"taxonomy":"product_brand","embeddable":true,"href":"https:\/\/staging.dyrsan.fr\/en\/wp-json\/wp\/v2\/product_brand?post=73769"},{"taxonomy":"product_cat","embeddable":true,"href":"https:\/\/staging.dyrsan.fr\/en\/wp-json\/wp\/v2\/product_cat?post=73769"},{"taxonomy":"product_tag","embeddable":true,"href":"https:\/\/staging.dyrsan.fr\/en\/wp-json\/wp\/v2\/product_tag?post=73769"}],"curies":[{"name":"wp","href":"https:\/\/api.w.org\/{rel}","templated":true}]}}