{"id":73765,"date":"2026-01-31T16:58:35","date_gmt":"2026-01-31T16:58:35","guid":{"rendered":"https:\/\/staging.dyrsan.fr\/?post_type=product&#038;p=73765"},"modified":"2026-04-03T17:49:34","modified_gmt":"2026-04-03T17:49:34","slug":"anneau-connecteur-en-forme-de-chaine-45mm","status":"publish","type":"product","link":"https:\/\/staging.dyrsan.fr\/en\/shop\/anneau-connecteur-en-forme-de-chaine-45mm\/","title":{"rendered":"45mm chain connector ring"},"content":{"rendered":"<p>Cet anneau connecteur en forme de cha\u00eene est con\u00e7u pour apporter une touche moderne et \u00e9l\u00e9gante aux cr\u00e9ations de maillots de bain. R\u00e9alis\u00e9 en m\u00e9tam dor\u00e9, il s\u2019int\u00e8gre parfaitement aux collections swimwear et beachwear, pour un rendu \u00e0 la fois tendance et raffin\u00e9.<\/p>\n<p>&nbsp;<\/p>\n<p><strong>Technical specifications:<\/strong><br \/>\nR\u00e9f\u00e9rence : DY0487<br \/>\nColor: Gold<br \/>\nDimensions : 4,5 cm \u00d7 4,5 cm<br \/>\nWeight: 0.006 kg<\/p>","protected":false},"excerpt":{"rendered":"<p>Cet anneau connecteur en forme de cha\u00eene est con\u00e7u pour apporter une touche moderne et \u00e9l\u00e9gante aux cr\u00e9ations de maillots de bain. R\u00e9alis\u00e9 en m\u00e9tam dor\u00e9, il s\u2019int\u00e8gre parfaitement aux collections swimwear et beachwear, pour un rendu \u00e0 la fois tendance et raffin\u00e9.<\/p>\n<p>&nbsp;<\/p>\n<p><strong>Technical specifications:<\/strong><br \/>\nR\u00e9f\u00e9rence : DY0487<br \/>\nColor: Gold<br \/>\nDimensions : 4,5 cm \u00d7 4,5 cm<br \/>\nWeight: 0.006 kg<\/p>","protected":false},"featured_media":72802,"comment_status":"open","ping_status":"closed","template":"","meta":[],"product_brand":[370],"product_cat":[140,148,149],"product_tag":[],"class_list":{"0":"post-73765","1":"product","2":"type-product","3":"status-publish","4":"has-post-thumbnail","6":"product_brand-dyrsan","7":"product_cat-accessoires","8":"product_cat-boucles","9":"product_cat-connecteurs","11":"first","12":"instock","13":"taxable","14":"shipping-taxable","15":"purchasable","16":"product-type-simple"},"_links":{"self":[{"href":"https:\/\/staging.dyrsan.fr\/en\/wp-json\/wp\/v2\/product\/73765","targetHints":{"allow":["GET"]}}],"collection":[{"href":"https:\/\/staging.dyrsan.fr\/en\/wp-json\/wp\/v2\/product"}],"about":[{"href":"https:\/\/staging.dyrsan.fr\/en\/wp-json\/wp\/v2\/types\/product"}],"replies":[{"embeddable":true,"href":"https:\/\/staging.dyrsan.fr\/en\/wp-json\/wp\/v2\/comments?post=73765"}],"version-history":[{"count":4,"href":"https:\/\/staging.dyrsan.fr\/en\/wp-json\/wp\/v2\/product\/73765\/revisions"}],"predecessor-version":[{"id":74101,"href":"https:\/\/staging.dyrsan.fr\/en\/wp-json\/wp\/v2\/product\/73765\/revisions\/74101"}],"wp:featuredmedia":[{"embeddable":true,"href":"https:\/\/staging.dyrsan.fr\/en\/wp-json\/wp\/v2\/media\/72802"}],"wp:attachment":[{"href":"https:\/\/staging.dyrsan.fr\/en\/wp-json\/wp\/v2\/media?parent=73765"}],"wp:term":[{"taxonomy":"product_brand","embeddable":true,"href":"https:\/\/staging.dyrsan.fr\/en\/wp-json\/wp\/v2\/product_brand?post=73765"},{"taxonomy":"product_cat","embeddable":true,"href":"https:\/\/staging.dyrsan.fr\/en\/wp-json\/wp\/v2\/product_cat?post=73765"},{"taxonomy":"product_tag","embeddable":true,"href":"https:\/\/staging.dyrsan.fr\/en\/wp-json\/wp\/v2\/product_tag?post=73765"}],"curies":[{"name":"wp","href":"https:\/\/api.w.org\/{rel}","templated":true}]}}