{"id":73751,"date":"2026-03-04T10:55:21","date_gmt":"2026-03-04T10:55:21","guid":{"rendered":"https:\/\/staging.dyrsan.fr\/?post_type=product&#038;p=73751"},"modified":"2026-04-03T17:49:20","modified_gmt":"2026-04-03T17:49:20","slug":"anneau-connecteur-rond-texture-en-metal-dore","status":"publish","type":"product","link":"https:\/\/staging.dyrsan.fr\/en\/shop\/anneau-connecteur-rond-texture-en-metal-dore\/","title":{"rendered":"Textured round connector ring in gold-plated metal"},"content":{"rendered":"<p>Anneau connecteur rond textur\u00e9 en m\u00e9tal dor\u00e9 con\u00e7u pour la confection de maillots de bain, bikinis et accessoires swimwear.<\/p>\n<p><strong>Technical specifications:<\/strong><br \/>\nR\u00e9f\u00e9rence : DY0408<br \/>\nType : Anneau d\u00e9coratif pour maillot de bain<br \/>\nMaterial(s): Metal<br \/>\nColor: Gold<br \/>\nForme : Ronde<br \/>\nAspect : Texture relief grain\u00e9e<br \/>\nDimensions : 3 cm \u00d7 3 cm<br \/>\nWeight: 0.004 kg<\/p>","protected":false},"excerpt":{"rendered":"<p>Cet anneau rond textur\u00e9 en m\u00e9tal dor\u00e9 est con\u00e7u pour la confection de maillots de bain, bikinis et accessoires swimwear. \u00c0 la fois d\u00e9coratif et fonctionnel, il permet le passage et l\u2019assemblage des liens ou bandes tout en apportant une finition \u00e9l\u00e9gante et raffin\u00e9e aux cr\u00e9ations baln\u00e9aires haut de gamme.<\/p>\n<p>&nbsp;<\/p>\n<p><strong>Technical specifications:<\/strong><br \/>\nR\u00e9f\u00e9rence : DY0408<br \/>\nType : Anneau d\u00e9coratif pour maillot de bain<br \/>\nMaterial(s): Metal<br \/>\nColor: Gold<br \/>\nForme : Ronde<br \/>\nAspect : Texture relief grain\u00e9e<br \/>\nDimensions : 3 cm \u00d7 3 cm<br \/>\nWeight: 0.004 kg<\/p>","protected":false},"featured_media":72806,"comment_status":"open","ping_status":"closed","template":"","meta":[],"product_brand":[370],"product_cat":[140,148,149],"product_tag":[],"class_list":{"0":"post-73751","1":"product","2":"type-product","3":"status-publish","4":"has-post-thumbnail","6":"product_brand-dyrsan","7":"product_cat-accessoires","8":"product_cat-boucles","9":"product_cat-connecteurs","11":"first","12":"instock","13":"taxable","14":"shipping-taxable","15":"purchasable","16":"product-type-simple"},"_links":{"self":[{"href":"https:\/\/staging.dyrsan.fr\/en\/wp-json\/wp\/v2\/product\/73751","targetHints":{"allow":["GET"]}}],"collection":[{"href":"https:\/\/staging.dyrsan.fr\/en\/wp-json\/wp\/v2\/product"}],"about":[{"href":"https:\/\/staging.dyrsan.fr\/en\/wp-json\/wp\/v2\/types\/product"}],"replies":[{"embeddable":true,"href":"https:\/\/staging.dyrsan.fr\/en\/wp-json\/wp\/v2\/comments?post=73751"}],"version-history":[{"count":5,"href":"https:\/\/staging.dyrsan.fr\/en\/wp-json\/wp\/v2\/product\/73751\/revisions"}],"predecessor-version":[{"id":74531,"href":"https:\/\/staging.dyrsan.fr\/en\/wp-json\/wp\/v2\/product\/73751\/revisions\/74531"}],"wp:featuredmedia":[{"embeddable":true,"href":"https:\/\/staging.dyrsan.fr\/en\/wp-json\/wp\/v2\/media\/72806"}],"wp:attachment":[{"href":"https:\/\/staging.dyrsan.fr\/en\/wp-json\/wp\/v2\/media?parent=73751"}],"wp:term":[{"taxonomy":"product_brand","embeddable":true,"href":"https:\/\/staging.dyrsan.fr\/en\/wp-json\/wp\/v2\/product_brand?post=73751"},{"taxonomy":"product_cat","embeddable":true,"href":"https:\/\/staging.dyrsan.fr\/en\/wp-json\/wp\/v2\/product_cat?post=73751"},{"taxonomy":"product_tag","embeddable":true,"href":"https:\/\/staging.dyrsan.fr\/en\/wp-json\/wp\/v2\/product_tag?post=73751"}],"curies":[{"name":"wp","href":"https:\/\/api.w.org\/{rel}","templated":true}]}}