{"id":73725,"date":"2026-01-24T07:03:22","date_gmt":"2026-01-24T07:03:22","guid":{"rendered":"https:\/\/staging.dyrsan.fr\/?post_type=product&#038;p=73725"},"modified":"2026-04-03T17:50:14","modified_gmt":"2026-04-03T17:50:14","slug":"fermoir-rectangulaire-en-metal-dore","status":"publish","type":"product","link":"https:\/\/staging.dyrsan.fr\/en\/shop\/fermoir-rectangulaire-en-metal-dore\/","title":{"rendered":"Rectangular clasp in gold-plated metal"},"content":{"rendered":"<p>Fermoir rectangulaire en m\u00e9tal dor\u00e9, dot\u00e9 d\u2019un insert central color\u00e9 textur\u00e9, est con\u00e7u pour la confection de maillots de bain et bikinis haut de gamme.<\/p>\n<p><strong>Technical specifications:<\/strong><br \/>\nR\u00e9f\u00e9rence : DY2626G<br \/>\nType : Fermoir d\u00e9coratif pour maillot de bain<br \/>\nMaterial(s): Metal<br \/>\nCouleur : Dor\u00e9 avec insert color\u00e9<br \/>\nForme : Rectangulaire<br \/>\nDimensions : 3 cm \u00d7 2 cm<br \/>\nWeight: 0.006 kg<\/p>","protected":false},"excerpt":{"rendered":"<p>Fermoir rectangulaire en m\u00e9tal dor\u00e9, dot\u00e9 d\u2019un insert central color\u00e9 textur\u00e9, est con\u00e7u pour la confection de maillots de bain et bikinis haut de gamme.<\/p>\n<p><strong>Technical specifications:<\/strong><br \/>\nR\u00e9f\u00e9rence : DY2626G<br \/>\nType : Fermoir d\u00e9coratif pour maillot de bain<br \/>\nMaterial(s): Metal<br \/>\nCouleur : Dor\u00e9 avec insert color\u00e9<br \/>\nForme : Rectangulaire<br \/>\nDimensions : 3 cm \u00d7 2 cm<br \/>\nWeight: 0.006 kg<\/p>","protected":false},"featured_media":72810,"comment_status":"open","ping_status":"closed","template":"","meta":[],"product_brand":[370],"product_cat":[140,149,160],"product_tag":[],"class_list":{"0":"post-73725","1":"product","2":"type-product","3":"status-publish","4":"has-post-thumbnail","6":"product_brand-dyrsan","7":"product_cat-accessoires","8":"product_cat-connecteurs","9":"product_cat-crochets","11":"first","12":"instock","13":"sold-individually","14":"taxable","15":"shipping-taxable","16":"purchasable","17":"product-type-simple"},"_links":{"self":[{"href":"https:\/\/staging.dyrsan.fr\/en\/wp-json\/wp\/v2\/product\/73725","targetHints":{"allow":["GET"]}}],"collection":[{"href":"https:\/\/staging.dyrsan.fr\/en\/wp-json\/wp\/v2\/product"}],"about":[{"href":"https:\/\/staging.dyrsan.fr\/en\/wp-json\/wp\/v2\/types\/product"}],"replies":[{"embeddable":true,"href":"https:\/\/staging.dyrsan.fr\/en\/wp-json\/wp\/v2\/comments?post=73725"}],"version-history":[{"count":3,"href":"https:\/\/staging.dyrsan.fr\/en\/wp-json\/wp\/v2\/product\/73725\/revisions"}],"predecessor-version":[{"id":73797,"href":"https:\/\/staging.dyrsan.fr\/en\/wp-json\/wp\/v2\/product\/73725\/revisions\/73797"}],"wp:featuredmedia":[{"embeddable":true,"href":"https:\/\/staging.dyrsan.fr\/en\/wp-json\/wp\/v2\/media\/72810"}],"wp:attachment":[{"href":"https:\/\/staging.dyrsan.fr\/en\/wp-json\/wp\/v2\/media?parent=73725"}],"wp:term":[{"taxonomy":"product_brand","embeddable":true,"href":"https:\/\/staging.dyrsan.fr\/en\/wp-json\/wp\/v2\/product_brand?post=73725"},{"taxonomy":"product_cat","embeddable":true,"href":"https:\/\/staging.dyrsan.fr\/en\/wp-json\/wp\/v2\/product_cat?post=73725"},{"taxonomy":"product_tag","embeddable":true,"href":"https:\/\/staging.dyrsan.fr\/en\/wp-json\/wp\/v2\/product_tag?post=73725"}],"curies":[{"name":"wp","href":"https:\/\/api.w.org\/{rel}","templated":true}]}}