{"id":73720,"date":"2026-01-31T15:58:13","date_gmt":"2026-01-31T15:58:13","guid":{"rendered":"https:\/\/staging.dyrsan.fr\/?post_type=product&#038;p=73720"},"modified":"2026-04-03T17:49:40","modified_gmt":"2026-04-03T17:49:40","slug":"embout-pour-cordon-facettee-en-metal-dore","status":"publish","type":"product","link":"https:\/\/staging.dyrsan.fr\/en\/shop\/embout-pour-cordon-facettee-en-metal-dore\/","title":{"rendered":"Faceted cord end in gold-plated metal"},"content":{"rendered":"<p>Embout pour cordon facett\u00e9e en m\u00e9tal dor\u00e9 raffin\u00e9 destin\u00e9 aux cr\u00e9ations de maillots de bain, lingerie et accessoires textiles. Son design g\u00e9om\u00e9trique apporte une touche moderne et \u00e9l\u00e9gante, id\u00e9ale pour sublimer les collections swimwear et beachwear haut de gamme.<\/p>\n<p>&nbsp;<\/p>\n<p><strong>Technical specifications:<\/strong><br \/>\nR\u00e9f\u00e9rence : DY0142<br \/>\nType : Embout cordon<br \/>\nMaterial(s): Metal<br \/>\nColor: Gold<br \/>\nForme : Tube facett\u00e9<br \/>\nDimensions : 1,5 cm \u00d7 1 cm<br \/>\nWeight: 0.004 kg<\/p>","protected":false},"excerpt":{"rendered":"<p>Embout pour cordon facett\u00e9e en m\u00e9tal dor\u00e9 raffin\u00e9 destin\u00e9 aux cr\u00e9ations de maillots de bain, lingerie et accessoires textiles. Son design g\u00e9om\u00e9trique apporte une touche moderne et \u00e9l\u00e9gante, id\u00e9ale pour sublimer les collections swimwear et beachwear haut de gamme.<\/p>\n<p>&nbsp;<\/p>\n<p><strong>Technical specifications:<\/strong><br \/>\nR\u00e9f\u00e9rence : DY0142<br \/>\nType : Embout cordon<br \/>\nMaterial(s): Metal<br \/>\nColor: Gold<br \/>\nForme : Tube facett\u00e9<br \/>\nDimensions : 1,5 cm \u00d7 1 cm<br \/>\nWeight: 0.004 kg<\/p>","protected":false},"featured_media":72816,"comment_status":"open","ping_status":"closed","template":"","meta":[],"product_brand":[370],"product_cat":[140,211,212],"product_tag":[],"class_list":{"0":"post-73720","1":"product","2":"type-product","3":"status-publish","4":"has-post-thumbnail","6":"product_brand-dyrsan","7":"product_cat-accessoires","8":"product_cat-embouts","9":"product_cat-passants","11":"first","12":"instock","13":"taxable","14":"shipping-taxable","15":"purchasable","16":"product-type-simple"},"_links":{"self":[{"href":"https:\/\/staging.dyrsan.fr\/en\/wp-json\/wp\/v2\/product\/73720","targetHints":{"allow":["GET"]}}],"collection":[{"href":"https:\/\/staging.dyrsan.fr\/en\/wp-json\/wp\/v2\/product"}],"about":[{"href":"https:\/\/staging.dyrsan.fr\/en\/wp-json\/wp\/v2\/types\/product"}],"replies":[{"embeddable":true,"href":"https:\/\/staging.dyrsan.fr\/en\/wp-json\/wp\/v2\/comments?post=73720"}],"version-history":[{"count":6,"href":"https:\/\/staging.dyrsan.fr\/en\/wp-json\/wp\/v2\/product\/73720\/revisions"}],"predecessor-version":[{"id":74095,"href":"https:\/\/staging.dyrsan.fr\/en\/wp-json\/wp\/v2\/product\/73720\/revisions\/74095"}],"wp:featuredmedia":[{"embeddable":true,"href":"https:\/\/staging.dyrsan.fr\/en\/wp-json\/wp\/v2\/media\/72816"}],"wp:attachment":[{"href":"https:\/\/staging.dyrsan.fr\/en\/wp-json\/wp\/v2\/media?parent=73720"}],"wp:term":[{"taxonomy":"product_brand","embeddable":true,"href":"https:\/\/staging.dyrsan.fr\/en\/wp-json\/wp\/v2\/product_brand?post=73720"},{"taxonomy":"product_cat","embeddable":true,"href":"https:\/\/staging.dyrsan.fr\/en\/wp-json\/wp\/v2\/product_cat?post=73720"},{"taxonomy":"product_tag","embeddable":true,"href":"https:\/\/staging.dyrsan.fr\/en\/wp-json\/wp\/v2\/product_tag?post=73720"}],"curies":[{"name":"wp","href":"https:\/\/api.w.org\/{rel}","templated":true}]}}