{"id":73697,"date":"2026-03-04T10:38:16","date_gmt":"2026-03-04T10:38:16","guid":{"rendered":"https:\/\/staging.dyrsan.fr\/?post_type=product&#038;p=73697"},"modified":"2026-04-03T17:49:29","modified_gmt":"2026-04-03T17:49:29","slug":"pendentif-decoratif-en-forme-de-coquillage","status":"publish","type":"product","link":"https:\/\/staging.dyrsan.fr\/en\/shop\/pendentif-decoratif-en-forme-de-coquillage\/","title":{"rendered":"Decorative shell pendant"},"content":{"rendered":"<p>Ce pendentif d\u00e9coratif en forme de coquillage, associ\u00e9 \u00e0 des perles et une finition en m\u00e9tal dor\u00e9, est con\u00e7u pour sublimer les cr\u00e9ations de maillots de bain et accessoires baln\u00e9aires. \u00c9l\u00e9gant et raffin\u00e9, il apporte une touche bijou premium tout en assurant une excellente tenue dans le temps.<\/p>\n<p>&nbsp;<\/p>\n<p><strong>Technical specifications:<\/strong><br \/>\nR\u00e9f\u00e9rence : DY9566<br \/>\nType : Decorative swimsuit pendant<br \/>\nMat\u00e9riau(x) : M\u00e9tal &amp; perles<br \/>\nColor: Gold<br \/>\nShape: Shell<br \/>\nFinish: Bright gold<br \/>\nTaille : 7 cm \u00d7 2,5 cm<br \/>\nWeight: 0.005 kg<\/p>","protected":false},"excerpt":{"rendered":"<p>Ce pendentif d\u00e9coratif en forme de coquillage, associ\u00e9 \u00e0 des perles et une finition en m\u00e9tal dor\u00e9, est con\u00e7u pour sublimer les cr\u00e9ations de maillots de bain et accessoires baln\u00e9aires. \u00c9l\u00e9gant et raffin\u00e9, il apporte une touche bijou premium tout en assurant une excellente tenue dans le temps.<\/p>\n<p>&nbsp;<\/p>\n<p><strong>Technical specifications:<\/strong><br \/>\nR\u00e9f\u00e9rence : DY9566<br \/>\nType : Decorative swimsuit pendant<br \/>\nMat\u00e9riau(x) : M\u00e9tal &amp; perles<br \/>\nColor: Gold<br \/>\nShape: Shell<br \/>\nFinish: Bright gold<br \/>\nTaille : 7 cm \u00d7 2,5 cm<br \/>\nWeight: 0.005 kg<\/p>","protected":false},"featured_media":72888,"comment_status":"open","ping_status":"closed","template":"","meta":[],"product_brand":[370],"product_cat":[140,434,467],"product_tag":[],"class_list":{"0":"post-73697","1":"product","2":"type-product","3":"status-publish","4":"has-post-thumbnail","6":"product_brand-dyrsan","7":"product_cat-accessoires","8":"product_cat-chaines","9":"product_cat-charms","10":"prix-sur-demande-enabled","12":"first","13":"instock","14":"taxable","15":"shipping-taxable","16":"product-type-simple"},"_links":{"self":[{"href":"https:\/\/staging.dyrsan.fr\/en\/wp-json\/wp\/v2\/product\/73697","targetHints":{"allow":["GET"]}}],"collection":[{"href":"https:\/\/staging.dyrsan.fr\/en\/wp-json\/wp\/v2\/product"}],"about":[{"href":"https:\/\/staging.dyrsan.fr\/en\/wp-json\/wp\/v2\/types\/product"}],"replies":[{"embeddable":true,"href":"https:\/\/staging.dyrsan.fr\/en\/wp-json\/wp\/v2\/comments?post=73697"}],"version-history":[{"count":1,"href":"https:\/\/staging.dyrsan.fr\/en\/wp-json\/wp\/v2\/product\/73697\/revisions"}],"predecessor-version":[{"id":73698,"href":"https:\/\/staging.dyrsan.fr\/en\/wp-json\/wp\/v2\/product\/73697\/revisions\/73698"}],"wp:featuredmedia":[{"embeddable":true,"href":"https:\/\/staging.dyrsan.fr\/en\/wp-json\/wp\/v2\/media\/72888"}],"wp:attachment":[{"href":"https:\/\/staging.dyrsan.fr\/en\/wp-json\/wp\/v2\/media?parent=73697"}],"wp:term":[{"taxonomy":"product_brand","embeddable":true,"href":"https:\/\/staging.dyrsan.fr\/en\/wp-json\/wp\/v2\/product_brand?post=73697"},{"taxonomy":"product_cat","embeddable":true,"href":"https:\/\/staging.dyrsan.fr\/en\/wp-json\/wp\/v2\/product_cat?post=73697"},{"taxonomy":"product_tag","embeddable":true,"href":"https:\/\/staging.dyrsan.fr\/en\/wp-json\/wp\/v2\/product_tag?post=73697"}],"curies":[{"name":"wp","href":"https:\/\/api.w.org\/{rel}","templated":true}]}}