{"id":73649,"date":"2026-03-04T10:53:28","date_gmt":"2026-03-04T10:53:28","guid":{"rendered":"https:\/\/staging.dyrsan.fr\/?post_type=product&#038;p=73649"},"modified":"2026-04-03T17:49:22","modified_gmt":"2026-04-03T17:49:22","slug":"connecteur-en-metal-dore-orne-de-perles","status":"publish","type":"product","link":"https:\/\/staging.dyrsan.fr\/en\/shop\/connecteur-en-metal-dore-orne-de-perles\/","title":{"rendered":"Gold-plated metal connector adorned with pearls"},"content":{"rendered":"<p>Connecteur en m\u00e9tal dor\u00e9 orn\u00e9 de perles est id\u00e9al pour la confection de maillots de bain, lingerie et v\u00eatements haut de gamme.<\/p>\n<p>&nbsp;<\/p>\n<p><strong>Technical specifications:<\/strong><br \/>\nR\u00e9f\u00e9rence : DY2629P<br \/>\nType : Connecteur<br \/>\nMaterial(s): Metal<br \/>\nColor: Gold<br \/>\nOrnement : Perles d\u00e9coratives<br \/>\nTaille : 2,5 cm \u00d7 1,5 cm<br \/>\nWeight: 0.003 kg<\/p>","protected":false},"excerpt":{"rendered":"<p>Connecteur en m\u00e9tal dor\u00e9 orn\u00e9 de perles est id\u00e9al pour la confection de maillots de bain, lingerie et v\u00eatements haut de gamme.<\/p>\n<p>&nbsp;<\/p>\n<p><strong>Technical specifications:<\/strong><br \/>\nR\u00e9f\u00e9rence : DY2629P<br \/>\nType : Connecteur<br \/>\nMaterial(s): Metal<br \/>\nColor: Gold<br \/>\nOrnement : Perles d\u00e9coratives<br \/>\nTaille : 2,5 cm \u00d7 1,5 cm<br \/>\nWeight: 0.003 kg<\/p>","protected":false},"featured_media":72787,"comment_status":"open","ping_status":"closed","template":"","meta":[],"product_brand":[370],"product_cat":[140,149],"product_tag":[],"class_list":{"0":"post-73649","1":"product","2":"type-product","3":"status-publish","4":"has-post-thumbnail","6":"product_brand-dyrsan","7":"product_cat-accessoires","8":"product_cat-connecteurs","10":"first","11":"instock","12":"taxable","13":"shipping-taxable","14":"purchasable","15":"product-type-simple"},"_links":{"self":[{"href":"https:\/\/staging.dyrsan.fr\/en\/wp-json\/wp\/v2\/product\/73649","targetHints":{"allow":["GET"]}}],"collection":[{"href":"https:\/\/staging.dyrsan.fr\/en\/wp-json\/wp\/v2\/product"}],"about":[{"href":"https:\/\/staging.dyrsan.fr\/en\/wp-json\/wp\/v2\/types\/product"}],"replies":[{"embeddable":true,"href":"https:\/\/staging.dyrsan.fr\/en\/wp-json\/wp\/v2\/comments?post=73649"}],"version-history":[{"count":4,"href":"https:\/\/staging.dyrsan.fr\/en\/wp-json\/wp\/v2\/product\/73649\/revisions"}],"predecessor-version":[{"id":74530,"href":"https:\/\/staging.dyrsan.fr\/en\/wp-json\/wp\/v2\/product\/73649\/revisions\/74530"}],"wp:featuredmedia":[{"embeddable":true,"href":"https:\/\/staging.dyrsan.fr\/en\/wp-json\/wp\/v2\/media\/72787"}],"wp:attachment":[{"href":"https:\/\/staging.dyrsan.fr\/en\/wp-json\/wp\/v2\/media?parent=73649"}],"wp:term":[{"taxonomy":"product_brand","embeddable":true,"href":"https:\/\/staging.dyrsan.fr\/en\/wp-json\/wp\/v2\/product_brand?post=73649"},{"taxonomy":"product_cat","embeddable":true,"href":"https:\/\/staging.dyrsan.fr\/en\/wp-json\/wp\/v2\/product_cat?post=73649"},{"taxonomy":"product_tag","embeddable":true,"href":"https:\/\/staging.dyrsan.fr\/en\/wp-json\/wp\/v2\/product_tag?post=73649"}],"curies":[{"name":"wp","href":"https:\/\/api.w.org\/{rel}","templated":true}]}}