{"id":73643,"date":"2026-03-04T10:48:21","date_gmt":"2026-03-04T10:48:21","guid":{"rendered":"https:\/\/staging.dyrsan.fr\/?post_type=product&#038;p=73643"},"modified":"2026-04-03T17:49:27","modified_gmt":"2026-04-03T17:49:27","slug":"petit-fermoir-en-metal-dore-20mm-en-forme-de-noeud","status":"publish","type":"product","link":"https:\/\/staging.dyrsan.fr\/en\/shop\/petit-fermoir-en-metal-dore-20mm-en-forme-de-noeud\/","title":{"rendered":"Small 20mm bow-shaped clasp in gold-plated metal"},"content":{"rendered":"<p>Petit fermoir en m\u00e9tal dor\u00e9 20mm en forme de n\u0153ud est con\u00e7ue pour la confection de maillots de bain, lingerie et cr\u00e9ations textiles raffin\u00e9es. \u00c0 la fois d\u00e9corative et fonctionnelle, elle permet d\u2019assembler et de maintenir les bretelles ou liens tout en apportant une finition \u00e9l\u00e9gante et bijou aux cr\u00e9ations.<\/p>\n<p>&nbsp;<\/p>\n<p><strong>Technical specifications:<\/strong><br \/>\nR\u00e9f\u00e9rence : DY459214<br \/>\nType : Fermoir<br \/>\nMaterial(s): Metal<br \/>\nColor: Gold<br \/>\nDimensions : 2 cm \u00d7 1,5 cm<br \/>\nPoids : 0,002 kg<\/p>","protected":false},"excerpt":{"rendered":"<p>Petit fermoir en m\u00e9tal dor\u00e9 20mm en forme de n\u0153ud est con\u00e7ue pour la confection de maillots de bain, lingerie et cr\u00e9ations textiles raffin\u00e9es. \u00c0 la fois d\u00e9corative et fonctionnelle, elle permet d\u2019assembler et de maintenir les bretelles ou liens tout en apportant une finition \u00e9l\u00e9gante et bijou aux cr\u00e9ations.<\/p>\n<p>&nbsp;<\/p>\n<p><strong>Technical specifications:<\/strong><br \/>\nR\u00e9f\u00e9rence : DY459214<br \/>\nType : Fermoir<br \/>\nMaterial(s): Metal<br \/>\nColor: Gold<br \/>\nDimensions : 2 cm \u00d7 1,5 cm<br \/>\nPoids : 0,002 kg<\/p>","protected":false},"featured_media":72867,"comment_status":"open","ping_status":"closed","template":"","meta":[],"product_brand":[370],"product_cat":[140,147],"product_tag":[],"class_list":{"0":"post-73643","1":"product","2":"type-product","3":"status-publish","4":"has-post-thumbnail","6":"product_brand-dyrsan","7":"product_cat-accessoires","8":"product_cat-fermoirs","10":"first","11":"instock","12":"taxable","13":"shipping-taxable","14":"purchasable","15":"product-type-simple"},"_links":{"self":[{"href":"https:\/\/staging.dyrsan.fr\/en\/wp-json\/wp\/v2\/product\/73643","targetHints":{"allow":["GET"]}}],"collection":[{"href":"https:\/\/staging.dyrsan.fr\/en\/wp-json\/wp\/v2\/product"}],"about":[{"href":"https:\/\/staging.dyrsan.fr\/en\/wp-json\/wp\/v2\/types\/product"}],"replies":[{"embeddable":true,"href":"https:\/\/staging.dyrsan.fr\/en\/wp-json\/wp\/v2\/comments?post=73643"}],"version-history":[{"count":4,"href":"https:\/\/staging.dyrsan.fr\/en\/wp-json\/wp\/v2\/product\/73643\/revisions"}],"predecessor-version":[{"id":74528,"href":"https:\/\/staging.dyrsan.fr\/en\/wp-json\/wp\/v2\/product\/73643\/revisions\/74528"}],"wp:featuredmedia":[{"embeddable":true,"href":"https:\/\/staging.dyrsan.fr\/en\/wp-json\/wp\/v2\/media\/72867"}],"wp:attachment":[{"href":"https:\/\/staging.dyrsan.fr\/en\/wp-json\/wp\/v2\/media?parent=73643"}],"wp:term":[{"taxonomy":"product_brand","embeddable":true,"href":"https:\/\/staging.dyrsan.fr\/en\/wp-json\/wp\/v2\/product_brand?post=73643"},{"taxonomy":"product_cat","embeddable":true,"href":"https:\/\/staging.dyrsan.fr\/en\/wp-json\/wp\/v2\/product_cat?post=73643"},{"taxonomy":"product_tag","embeddable":true,"href":"https:\/\/staging.dyrsan.fr\/en\/wp-json\/wp\/v2\/product_tag?post=73643"}],"curies":[{"name":"wp","href":"https:\/\/api.w.org\/{rel}","templated":true}]}}