{"id":73627,"date":"2026-03-07T14:03:27","date_gmt":"2026-03-07T14:03:27","guid":{"rendered":"https:\/\/staging.dyrsan.fr\/?post_type=product&#038;p=73627"},"modified":"2026-04-14T10:23:51","modified_gmt":"2026-04-14T10:23:51","slug":"connecteur-decoratif-en-forme-de-serpent-en-metal-dore","status":"publish","type":"product","link":"https:\/\/staging.dyrsan.fr\/en\/shop\/connecteur-decoratif-en-forme-de-serpent-en-metal-dore\/","title":{"rendered":"Decorative snake-shaped connector in gold-plated metal"},"content":{"rendered":"<p>Ce connecteur d\u00e9coratif en forme de serpent en m\u00e9tal dor\u00e9 est con\u00e7u pour les cr\u00e9ations textiles et accessoires haut de gamme. \u00c9l\u00e9ment bijou \u00e0 forte identit\u00e9 visuelle, il permet de relier deux parties de v\u00eatement ou de maillot de bain tout en apportant une touche \u00e9l\u00e9gante et originale inspir\u00e9e de l\u2019univers joaillier.<\/p>\n<p>&nbsp;<\/p>\n<p><strong>Technical specifications:<\/strong><br \/>\nR\u00e9f\u00e9rence : DY5632<br \/>\nType : Connecteur d\u00e9coratif<br \/>\nDesign: Snake<br \/>\nMaterial(s): Metal<br \/>\nColor: Gold<br \/>\nTaille : 5 cm \u00d7 2 cm<br \/>\nPoids : 0,007 kg<\/p>","protected":false},"excerpt":{"rendered":"<p>Ce connecteur d\u00e9coratif en forme de serpent en m\u00e9tal dor\u00e9 est con\u00e7u pour les cr\u00e9ations textiles et accessoires haut de gamme. \u00c9l\u00e9ment bijou \u00e0 forte identit\u00e9 visuelle, il permet de relier deux parties de v\u00eatement ou de maillot de bain tout en apportant une touche \u00e9l\u00e9gante et originale inspir\u00e9e de l\u2019univers joaillier.<\/p>\n<p>&nbsp;<\/p>\n<p><strong>Technical specifications:<\/strong><br \/>\nR\u00e9f\u00e9rence : DY5632<br \/>\nType : Connecteur d\u00e9coratif<br \/>\nDesign: Snake<br \/>\nMaterial(s): Metal<br \/>\nColor: Gold<br \/>\nTaille : 5 cm \u00d7 2 cm<br \/>\nPoids : 0,007 kg<\/p>","protected":false},"featured_media":72785,"comment_status":"open","ping_status":"closed","template":"","meta":[],"product_brand":[370],"product_cat":[140,149],"product_tag":[],"class_list":{"0":"post-73627","1":"product","2":"type-product","3":"status-publish","4":"has-post-thumbnail","6":"product_brand-dyrsan","7":"product_cat-accessoires","8":"product_cat-connecteurs","10":"first","11":"instock","12":"taxable","13":"shipping-taxable","14":"purchasable","15":"product-type-simple"},"_links":{"self":[{"href":"https:\/\/staging.dyrsan.fr\/en\/wp-json\/wp\/v2\/product\/73627","targetHints":{"allow":["GET"]}}],"collection":[{"href":"https:\/\/staging.dyrsan.fr\/en\/wp-json\/wp\/v2\/product"}],"about":[{"href":"https:\/\/staging.dyrsan.fr\/en\/wp-json\/wp\/v2\/types\/product"}],"replies":[{"embeddable":true,"href":"https:\/\/staging.dyrsan.fr\/en\/wp-json\/wp\/v2\/comments?post=73627"}],"version-history":[{"count":2,"href":"https:\/\/staging.dyrsan.fr\/en\/wp-json\/wp\/v2\/product\/73627\/revisions"}],"predecessor-version":[{"id":73870,"href":"https:\/\/staging.dyrsan.fr\/en\/wp-json\/wp\/v2\/product\/73627\/revisions\/73870"}],"wp:featuredmedia":[{"embeddable":true,"href":"https:\/\/staging.dyrsan.fr\/en\/wp-json\/wp\/v2\/media\/72785"}],"wp:attachment":[{"href":"https:\/\/staging.dyrsan.fr\/en\/wp-json\/wp\/v2\/media?parent=73627"}],"wp:term":[{"taxonomy":"product_brand","embeddable":true,"href":"https:\/\/staging.dyrsan.fr\/en\/wp-json\/wp\/v2\/product_brand?post=73627"},{"taxonomy":"product_cat","embeddable":true,"href":"https:\/\/staging.dyrsan.fr\/en\/wp-json\/wp\/v2\/product_cat?post=73627"},{"taxonomy":"product_tag","embeddable":true,"href":"https:\/\/staging.dyrsan.fr\/en\/wp-json\/wp\/v2\/product_tag?post=73627"}],"curies":[{"name":"wp","href":"https:\/\/api.w.org\/{rel}","templated":true}]}}