{"id":73525,"date":"2026-01-21T14:43:58","date_gmt":"2026-01-21T14:43:58","guid":{"rendered":"https:\/\/staging.dyrsan.fr\/?post_type=product&#038;p=73525"},"modified":"2026-04-14T09:43:03","modified_gmt":"2026-04-14T09:43:03","slug":"separateur-en-forme-de-u-en-metal-nylon-blanc","status":"publish","type":"product","link":"https:\/\/staging.dyrsan.fr\/en\/shop\/separateur-en-forme-de-u-en-metal-nylon-blanc\/","title":{"rendered":"White metal\/nylon U-shaped divider"},"content":{"rendered":"<p>S\u00e9parateur en forme de U en m\u00e9tal\/nylon blanc con\u00e7u pour la confection de maillots de bain, bikinis et lingerie. L\u00e9ger, discret et fonctionnel. Id\u00e9al pour les cr\u00e9ations n\u00e9cessitant un accessoire technique et minimaliste.<\/p>\n<p>&nbsp;<\/p>\n<p><strong>Technical specifications:<\/strong><br \/>\nR\u00e9f\u00e9rence : DYS2507026<br \/>\nMat\u00e9riau(x) : M\u00e9tal\/Nylon<br \/>\nCouleur : Blanc<br \/>\nForme : U<br \/>\nAspect : Lisse<br \/>\nDimensions : 3 cm \/ 1,5 cm<br \/>\nPoids : 0,001 kg<\/p>","protected":false},"excerpt":{"rendered":"<p>S\u00e9parateur en forme de U en m\u00e9tal\/nylon blanc con\u00e7u pour la confection de maillots de bain, bikinis et lingerie. L\u00e9ger, discret et fonctionnel. Id\u00e9al pour les cr\u00e9ations n\u00e9cessitant un accessoire technique et minimaliste.<\/p>\n<p>&nbsp;<\/p>\n<p><strong>Technical specifications:<\/strong><br \/>\nR\u00e9f\u00e9rence : DYS2507026<br \/>\nMat\u00e9riau(x) : M\u00e9tal\/Nylon<br \/>\nCouleur : Blanc<br \/>\nForme : U<br \/>\nAspect : Lisse<br \/>\nDimensions : 3 cm \/ 1,5 cm<br \/>\nPoids : 0,001 kg<\/p>","protected":false},"featured_media":72916,"comment_status":"open","ping_status":"closed","template":"","meta":[],"product_brand":[370],"product_cat":[140,458,156],"product_tag":[],"class_list":{"0":"post-73525","1":"product","2":"type-product","3":"status-publish","4":"has-post-thumbnail","6":"product_brand-dyrsan","7":"product_cat-accessoires","8":"product_cat-dernieres-pieces","9":"product_cat-separateurs","11":"first","12":"instock","13":"sold-individually","14":"taxable","15":"shipping-taxable","16":"purchasable","17":"product-type-simple"},"_links":{"self":[{"href":"https:\/\/staging.dyrsan.fr\/en\/wp-json\/wp\/v2\/product\/73525","targetHints":{"allow":["GET"]}}],"collection":[{"href":"https:\/\/staging.dyrsan.fr\/en\/wp-json\/wp\/v2\/product"}],"about":[{"href":"https:\/\/staging.dyrsan.fr\/en\/wp-json\/wp\/v2\/types\/product"}],"replies":[{"embeddable":true,"href":"https:\/\/staging.dyrsan.fr\/en\/wp-json\/wp\/v2\/comments?post=73525"}],"version-history":[{"count":4,"href":"https:\/\/staging.dyrsan.fr\/en\/wp-json\/wp\/v2\/product\/73525\/revisions"}],"predecessor-version":[{"id":74526,"href":"https:\/\/staging.dyrsan.fr\/en\/wp-json\/wp\/v2\/product\/73525\/revisions\/74526"}],"wp:featuredmedia":[{"embeddable":true,"href":"https:\/\/staging.dyrsan.fr\/en\/wp-json\/wp\/v2\/media\/72916"}],"wp:attachment":[{"href":"https:\/\/staging.dyrsan.fr\/en\/wp-json\/wp\/v2\/media?parent=73525"}],"wp:term":[{"taxonomy":"product_brand","embeddable":true,"href":"https:\/\/staging.dyrsan.fr\/en\/wp-json\/wp\/v2\/product_brand?post=73525"},{"taxonomy":"product_cat","embeddable":true,"href":"https:\/\/staging.dyrsan.fr\/en\/wp-json\/wp\/v2\/product_cat?post=73525"},{"taxonomy":"product_tag","embeddable":true,"href":"https:\/\/staging.dyrsan.fr\/en\/wp-json\/wp\/v2\/product_tag?post=73525"}],"curies":[{"name":"wp","href":"https:\/\/api.w.org\/{rel}","templated":true}]}}