{"id":70770,"date":"2025-12-12T18:59:28","date_gmt":"2025-12-12T18:59:28","guid":{"rendered":"https:\/\/staging.dyrsan.fr\/?post_type=product&#038;p=70770"},"modified":"2026-04-14T09:43:09","modified_gmt":"2026-04-14T09:43:09","slug":"chaine-bijou-decorative-en-metal-dore-rose-avec-anneaux","status":"publish","type":"product","link":"https:\/\/staging.dyrsan.fr\/en\/shop\/chaine-bijou-decorative-en-metal-dore-rose-avec-anneaux\/","title":{"rendered":"Decorative jewelry chain in pink gold metal with rings"},"content":{"rendered":"<p>Cette cha\u00eene bijou d\u00e9corative en m\u00e9tal dor\u00e9 rose avec anneaux est con\u00e7ue pour sublimer les cr\u00e9ations textiles et baln\u00e9aires haut de gamme. \u00c9l\u00e9gante et moderne, elle agit comme un connecteur ornemental id\u00e9al pour les maillots de bain, bikinis et v\u00eatements premium, apportant une finition bijou raffin\u00e9e.<\/p>\n<p>&nbsp;<\/p>\n<p><strong>Technical specifications:<\/strong><br \/>\nCatalogue number : DY6690<br \/>\nMaterial(s): Metal<br \/>\nCouleur : Dor\u00e9 rose<br \/>\nTaille : 7 cm x 1cm<br \/>\nWeight: 0.003 kg<br \/>\nAspect : Cha\u00eene d\u00e9corative avec anneaux<\/p>","protected":false},"excerpt":{"rendered":"<p>Cette cha\u00eene bijou d\u00e9corative en m\u00e9tal dor\u00e9 rose avec anneaux est con\u00e7ue pour sublimer les cr\u00e9ations textiles et baln\u00e9aires haut de gamme. \u00c9l\u00e9gante et moderne, elle agit comme un connecteur ornemental id\u00e9al pour les maillots de bain, bikinis et v\u00eatements premium, apportant une finition bijou raffin\u00e9e.<\/p>\n<p>&nbsp;<\/p>\n<p><strong>Technical specifications:<\/strong><br \/>\nCatalogue number : DY6690<br \/>\nMaterial(s): Metal<br \/>\nCouleur : Dor\u00e9 rose<br \/>\nSize: 7 cm x 1 mm<br \/>\nWeight: 0.003 kg<br \/>\nAspect : Cha\u00eene d\u00e9corative avec anneaux<\/p>","protected":false},"featured_media":70771,"comment_status":"open","ping_status":"closed","template":"","meta":[],"product_brand":[370],"product_cat":[140,434,149,458],"product_tag":[],"class_list":{"0":"post-70770","1":"product","2":"type-product","3":"status-publish","4":"has-post-thumbnail","6":"product_brand-dyrsan","7":"product_cat-accessoires","8":"product_cat-chaines","9":"product_cat-connecteurs","10":"product_cat-dernieres-pieces","12":"first","13":"instock","14":"sold-individually","15":"taxable","16":"shipping-taxable","17":"purchasable","18":"product-type-simple"},"_links":{"self":[{"href":"https:\/\/staging.dyrsan.fr\/en\/wp-json\/wp\/v2\/product\/70770","targetHints":{"allow":["GET"]}}],"collection":[{"href":"https:\/\/staging.dyrsan.fr\/en\/wp-json\/wp\/v2\/product"}],"about":[{"href":"https:\/\/staging.dyrsan.fr\/en\/wp-json\/wp\/v2\/types\/product"}],"replies":[{"embeddable":true,"href":"https:\/\/staging.dyrsan.fr\/en\/wp-json\/wp\/v2\/comments?post=70770"}],"version-history":[{"count":9,"href":"https:\/\/staging.dyrsan.fr\/en\/wp-json\/wp\/v2\/product\/70770\/revisions"}],"predecessor-version":[{"id":73823,"href":"https:\/\/staging.dyrsan.fr\/en\/wp-json\/wp\/v2\/product\/70770\/revisions\/73823"}],"wp:featuredmedia":[{"embeddable":true,"href":"https:\/\/staging.dyrsan.fr\/en\/wp-json\/wp\/v2\/media\/70771"}],"wp:attachment":[{"href":"https:\/\/staging.dyrsan.fr\/en\/wp-json\/wp\/v2\/media?parent=70770"}],"wp:term":[{"taxonomy":"product_brand","embeddable":true,"href":"https:\/\/staging.dyrsan.fr\/en\/wp-json\/wp\/v2\/product_brand?post=70770"},{"taxonomy":"product_cat","embeddable":true,"href":"https:\/\/staging.dyrsan.fr\/en\/wp-json\/wp\/v2\/product_cat?post=70770"},{"taxonomy":"product_tag","embeddable":true,"href":"https:\/\/staging.dyrsan.fr\/en\/wp-json\/wp\/v2\/product_tag?post=70770"}],"curies":[{"name":"wp","href":"https:\/\/api.w.org\/{rel}","templated":true}]}}