{"id":70747,"date":"2025-12-12T18:28:01","date_gmt":"2025-12-12T18:28:01","guid":{"rendered":"https:\/\/staging.dyrsan.fr\/?post_type=product&#038;p=70747"},"modified":"2026-04-14T09:43:26","modified_gmt":"2026-04-14T09:43:26","slug":"chaine-bijou-en-metal-dore-avec-anneau-central-7072","status":"publish","type":"product","link":"https:\/\/staging.dyrsan.fr\/en\/shop\/chaine-bijou-en-metal-dore-avec-anneau-central-7072\/","title":{"rendered":"Gold-plated jewelry chain with central ring"},"content":{"rendered":"<p>Cette cha\u00eene bijou en m\u00e9tal dor\u00e9 avec anneau central est un connecteur d\u00e9coratif con\u00e7u pour l\u2019assemblage des cr\u00e9ations baln\u00e9aires et textiles. Sa structure sym\u00e9trique apporte une finition \u00e9l\u00e9gante et \u00e9quilibr\u00e9e aux maillots de bain et v\u00eatements.<\/p>\n<p>&nbsp;<\/p>\n<p><strong>Technical specifications:<\/strong><\/p>\n<p>Catalogue number : DY7072<br \/>\nMaterial(s): Metal<br \/>\nColor: gold<br \/>\nSize: 7 cm x 1 mm<br \/>\nWeight : 1g<\/p>","protected":false},"excerpt":{"rendered":"<p>Cette cha\u00eene bijou en m\u00e9tal dor\u00e9 avec anneau central est un connecteur d\u00e9coratif con\u00e7u pour l\u2019assemblage des cr\u00e9ations baln\u00e9aires et textiles. Sa structure sym\u00e9trique apporte une finition \u00e9l\u00e9gante et \u00e9quilibr\u00e9e aux maillots de bain et v\u00eatements.<\/p>\n<p>&nbsp;<\/p>\n<p><strong>Technical specifications:<\/strong><\/p>\n<p>Catalogue number : DY7072<br \/>\nMaterial(s): Metal<br \/>\nColor: gold<br \/>\nSize: 7 cm x 1 mm<br \/>\nWeight : 1g<\/p>","protected":false},"featured_media":70748,"comment_status":"open","ping_status":"closed","template":"","meta":[],"product_brand":[370],"product_cat":[140,434,467,149,458],"product_tag":[],"class_list":{"0":"post-70747","1":"product","2":"type-product","3":"status-publish","4":"has-post-thumbnail","6":"product_brand-dyrsan","7":"product_cat-accessoires","8":"product_cat-chaines","9":"product_cat-charms","10":"product_cat-connecteurs","11":"product_cat-dernieres-pieces","13":"first","14":"instock","15":"sold-individually","16":"taxable","17":"shipping-taxable","18":"purchasable","19":"product-type-simple"},"_links":{"self":[{"href":"https:\/\/staging.dyrsan.fr\/en\/wp-json\/wp\/v2\/product\/70747","targetHints":{"allow":["GET"]}}],"collection":[{"href":"https:\/\/staging.dyrsan.fr\/en\/wp-json\/wp\/v2\/product"}],"about":[{"href":"https:\/\/staging.dyrsan.fr\/en\/wp-json\/wp\/v2\/types\/product"}],"replies":[{"embeddable":true,"href":"https:\/\/staging.dyrsan.fr\/en\/wp-json\/wp\/v2\/comments?post=70747"}],"version-history":[{"count":5,"href":"https:\/\/staging.dyrsan.fr\/en\/wp-json\/wp\/v2\/product\/70747\/revisions"}],"predecessor-version":[{"id":72930,"href":"https:\/\/staging.dyrsan.fr\/en\/wp-json\/wp\/v2\/product\/70747\/revisions\/72930"}],"wp:featuredmedia":[{"embeddable":true,"href":"https:\/\/staging.dyrsan.fr\/en\/wp-json\/wp\/v2\/media\/70748"}],"wp:attachment":[{"href":"https:\/\/staging.dyrsan.fr\/en\/wp-json\/wp\/v2\/media?parent=70747"}],"wp:term":[{"taxonomy":"product_brand","embeddable":true,"href":"https:\/\/staging.dyrsan.fr\/en\/wp-json\/wp\/v2\/product_brand?post=70747"},{"taxonomy":"product_cat","embeddable":true,"href":"https:\/\/staging.dyrsan.fr\/en\/wp-json\/wp\/v2\/product_cat?post=70747"},{"taxonomy":"product_tag","embeddable":true,"href":"https:\/\/staging.dyrsan.fr\/en\/wp-json\/wp\/v2\/product_tag?post=70747"}],"curies":[{"name":"wp","href":"https:\/\/api.w.org\/{rel}","templated":true}]}}