{"id":70205,"date":"2025-11-08T15:59:57","date_gmt":"2025-11-08T15:59:57","guid":{"rendered":"https:\/\/staging.dyrsan.fr\/?post_type=product&#038;p=70205"},"modified":"2026-04-03T14:00:52","modified_gmt":"2026-04-03T14:00:52","slug":"tissu-en-microfibre-brun-extensible-certifie","status":"publish","type":"product","link":"https:\/\/staging.dyrsan.fr\/en\/shop\/tissu-en-microfibre-brun-extensible-certifie\/","title":{"rendered":"Certified brown stretch microfiber fabric"},"content":{"rendered":"<p>Tissu en microfibre brun extensible certifi\u00e9, l\u00e9ger et fluide. Ce tissu microfibre brun extensible est adapt\u00e9 \u00e0 la confection de lingerie, maillots de bain et v\u00eatements techniques.<\/p>\n<p>&nbsp;<\/p>\n<p><strong>Technical specifications:<\/strong><br \/>\nR\u00e9f\u00e9rence : DY210OR-1<br \/>\nComposition: 87 % polyester, 13 % elastane<br \/>\nWeight: 120 g\/m\u00b2.<br \/>\nWidth: 150 cm<br \/>\nRoll length: 145 cm<br \/>\nCouleur : brun (personnalisable selon le code Pantone)<br \/>\nCertification: OEKO-TEX\u00ae Standard 100<br \/>\nAppearance: smooth, fine and stretchy<br \/>\nProperties: soft, breathable, quick-drying, 4-way stretch<br \/>\nUtilisation : lingerie, doublure, maillots de bain, v\u00eatements de sport, v\u00eatements de danse<\/p>\n<p>Care: wash at 30\u00b0C, do not bleach, iron gently.<\/p>","protected":false},"excerpt":{"rendered":"<p>Tissu en microfibre brun extensible certifi\u00e9, l\u00e9ger et fluide. Ce tissu microfibre brun extensible est adapt\u00e9 \u00e0 la confection de lingerie, maillots de bain et v\u00eatements techniques.<\/p>\n<p>&nbsp;<\/p>\n<p><strong>Technical specifications:<\/strong><br \/>\nR\u00e9f\u00e9rence : DY210OR-1<br \/>\nComposition: 87 % polyester, 13 % elastane<br \/>\nWeight: 120 g\/m\u00b2.<br \/>\nWidth: 150 cm<br \/>\nRoll length: 145 cm<br \/>\nCouleur : brun (personnalisable selon le code Pantone)<br \/>\nCertification: OEKO-TEX\u00ae Standard 100<br \/>\nAppearance: smooth, fine and stretchy<br \/>\nProperties: soft, breathable, quick-drying, 4-way stretch<br \/>\nUtilisation : lingerie, doublure, maillots de bain, v\u00eatements de sport, v\u00eatements de danse<\/p>\n<p>Care: wash at 30\u00b0C, do not bleach, iron gently.<\/p>","protected":false},"featured_media":69931,"comment_status":"open","ping_status":"closed","template":"","meta":[],"product_brand":[370],"product_cat":[150,458,178,253],"product_tag":[466,154],"class_list":{"0":"post-70205","1":"product","2":"type-product","3":"status-publish","4":"has-post-thumbnail","6":"product_brand-dyrsan","7":"product_cat-tissus","8":"product_cat-dernieres-pieces","9":"product_cat-tissus-microfibres","10":"product_cat-tissus-pour-doublures","11":"product_tag-lycra","12":"product_tag-tissus-maillot-de-bain","14":"first","15":"instock","16":"taxable","17":"shipping-taxable","18":"purchasable","19":"product-type-simple"},"_links":{"self":[{"href":"https:\/\/staging.dyrsan.fr\/en\/wp-json\/wp\/v2\/product\/70205","targetHints":{"allow":["GET"]}}],"collection":[{"href":"https:\/\/staging.dyrsan.fr\/en\/wp-json\/wp\/v2\/product"}],"about":[{"href":"https:\/\/staging.dyrsan.fr\/en\/wp-json\/wp\/v2\/types\/product"}],"replies":[{"embeddable":true,"href":"https:\/\/staging.dyrsan.fr\/en\/wp-json\/wp\/v2\/comments?post=70205"}],"version-history":[{"count":11,"href":"https:\/\/staging.dyrsan.fr\/en\/wp-json\/wp\/v2\/product\/70205\/revisions"}],"predecessor-version":[{"id":73222,"href":"https:\/\/staging.dyrsan.fr\/en\/wp-json\/wp\/v2\/product\/70205\/revisions\/73222"}],"wp:featuredmedia":[{"embeddable":true,"href":"https:\/\/staging.dyrsan.fr\/en\/wp-json\/wp\/v2\/media\/69931"}],"wp:attachment":[{"href":"https:\/\/staging.dyrsan.fr\/en\/wp-json\/wp\/v2\/media?parent=70205"}],"wp:term":[{"taxonomy":"product_brand","embeddable":true,"href":"https:\/\/staging.dyrsan.fr\/en\/wp-json\/wp\/v2\/product_brand?post=70205"},{"taxonomy":"product_cat","embeddable":true,"href":"https:\/\/staging.dyrsan.fr\/en\/wp-json\/wp\/v2\/product_cat?post=70205"},{"taxonomy":"product_tag","embeddable":true,"href":"https:\/\/staging.dyrsan.fr\/en\/wp-json\/wp\/v2\/product_tag?post=70205"}],"curies":[{"name":"wp","href":"https:\/\/api.w.org\/{rel}","templated":true}]}}