{"id":68003,"date":"2025-09-14T13:30:08","date_gmt":"2025-09-14T13:30:08","guid":{"rendered":"https:\/\/staging.dyrsan.fr\/?post_type=product&#038;p=68003"},"modified":"2026-04-03T17:51:05","modified_gmt":"2026-04-03T17:51:05","slug":"passant-en-metal-dore","status":"publish","type":"product","link":"https:\/\/staging.dyrsan.fr\/en\/shop\/passant-en-metal-dore\/","title":{"rendered":"Gold-plated metal loop"},"content":{"rendered":"<p>Ce passant en m\u00e9tal dor\u00e9 est un \u00e9l\u00e9ment fonctionnel con\u00e7u pour l\u2019assemblage et la finition des cr\u00e9ations textiles. Sa finition brillante assure un rendu soign\u00e9 et une excellente tenue dans le temps.<\/p>\n<p>&nbsp;<\/p>\n<p><strong>Technical specifications:<\/strong><\/p>\n<p>Finish(s) : Bright yellow gold<br \/>\nMaterial(s): Metal<br \/>\nTaille\u00a0 : 60&#215;28 mm<br \/>\nPoids : 18,6g<\/p>\n<p>&nbsp;<\/p>\n<p><strong>Technical properties:<\/strong><\/p>\n<p>Rust-resistant<br \/>\nSeawater and perspiration-resistant<br \/>\nDoes not fade<br \/>\nNo sharp edges (non-irritating)<br \/>\nHigh durability (even when sewn or exposed to sunlight)<\/p>\n<p>Sold by 100 pieces \/ Delivery within 15-20 days<\/p>","protected":false},"excerpt":{"rendered":"<p>Ce passant en m\u00e9tal dor\u00e9 est un \u00e9l\u00e9ment fonctionnel con\u00e7u pour l\u2019assemblage et la finition des cr\u00e9ations textiles. Sa finition brillante assure un rendu soign\u00e9 et une excellente tenue dans le temps.<\/p>\n<p>&nbsp;<\/p>\n<p><strong>Technical specifications:<\/strong><\/p>\n<p>Finish(s) : Bright yellow gold<br \/>\nMaterial(s): Metal<br \/>\nTaille\u00a0 : 60&#215;28 mm<br \/>\nPoids : 18,6g<\/p>\n<p>&nbsp;<\/p>\n<p><strong>Technical properties:<\/strong><\/p>\n<p>Rust-resistant<br \/>\nSeawater and perspiration-resistant<br \/>\nDoes not fade<br \/>\nNo sharp edges (non-irritating)<br \/>\nHigh durability (even when sewn or exposed to sunlight)<\/p>\n<p>Sold by 100 pieces \/ Delivery within 15-20 days<\/p>","protected":false},"featured_media":67970,"comment_status":"closed","ping_status":"closed","template":"","meta":[],"product_brand":[370],"product_cat":[212,140],"product_tag":[379,380],"class_list":{"0":"post-68003","1":"product","2":"type-product","3":"status-publish","4":"has-post-thumbnail","6":"product_brand-dyrsan","7":"product_cat-passants","8":"product_cat-accessoires","9":"product_tag-broche","10":"product_tag-epingle","11":"product_shipping_class-1-a-2kg","13":"first","14":"instock","15":"taxable","16":"shipping-taxable","17":"purchasable","18":"product-type-simple"},"_links":{"self":[{"href":"https:\/\/staging.dyrsan.fr\/en\/wp-json\/wp\/v2\/product\/68003","targetHints":{"allow":["GET"]}}],"collection":[{"href":"https:\/\/staging.dyrsan.fr\/en\/wp-json\/wp\/v2\/product"}],"about":[{"href":"https:\/\/staging.dyrsan.fr\/en\/wp-json\/wp\/v2\/types\/product"}],"replies":[{"embeddable":true,"href":"https:\/\/staging.dyrsan.fr\/en\/wp-json\/wp\/v2\/comments?post=68003"}],"version-history":[{"count":11,"href":"https:\/\/staging.dyrsan.fr\/en\/wp-json\/wp\/v2\/product\/68003\/revisions"}],"predecessor-version":[{"id":76328,"href":"https:\/\/staging.dyrsan.fr\/en\/wp-json\/wp\/v2\/product\/68003\/revisions\/76328"}],"wp:featuredmedia":[{"embeddable":true,"href":"https:\/\/staging.dyrsan.fr\/en\/wp-json\/wp\/v2\/media\/67970"}],"wp:attachment":[{"href":"https:\/\/staging.dyrsan.fr\/en\/wp-json\/wp\/v2\/media?parent=68003"}],"wp:term":[{"taxonomy":"product_brand","embeddable":true,"href":"https:\/\/staging.dyrsan.fr\/en\/wp-json\/wp\/v2\/product_brand?post=68003"},{"taxonomy":"product_cat","embeddable":true,"href":"https:\/\/staging.dyrsan.fr\/en\/wp-json\/wp\/v2\/product_cat?post=68003"},{"taxonomy":"product_tag","embeddable":true,"href":"https:\/\/staging.dyrsan.fr\/en\/wp-json\/wp\/v2\/product_tag?post=68003"}],"curies":[{"name":"wp","href":"https:\/\/api.w.org\/{rel}","templated":true}]}}