{"id":65734,"date":"2025-08-29T20:32:39","date_gmt":"2025-08-29T20:32:39","guid":{"rendered":"https:\/\/www.2027.staging.dyrsan.fr\/?post_type=product&#038;p=65734"},"modified":"2026-04-03T17:51:53","modified_gmt":"2026-04-03T17:51:53","slug":"connecteur-en-metal-dore-a-deux-boucles-avec-pierre-naturelle-verte-centrale","status":"publish","type":"product","link":"https:\/\/staging.dyrsan.fr\/en\/shop\/connecteur-en-metal-dore-a-deux-boucles-avec-pierre-naturelle-verte-centrale\/","title":{"rendered":"Two-loop gold-plated metal connector with central green natural stone"},"content":{"rendered":"<p>Ce connecteur en m\u00e9tal dor\u00e9 \u00e0 deux boucles avec pierre naturelle verte centrale est un \u00e9l\u00e9ment d\u00e9coratif et fonctionnel pour l\u2019assemblage textile. Il apporte une finition \u00e9l\u00e9gante et lumineuse aux cr\u00e9ations baln\u00e9aires et v\u00eatements.<\/p>\n<p>&nbsp;<\/p>\n<p><strong>Technical specifications:<\/strong><\/p>\n<p>R\u00e9f\u00e9rence : 65734<br \/>\nMaterial(s): Metal<br \/>\nCouleur : dor\u00e9 et vert<br \/>\nSize: 58 \u00d7 14 mm<br \/>\nWeight: 7.3 g<\/p>\n<p>&nbsp;<\/p>\n<p><strong>Technical properties:<\/strong><br \/>\nRust-resistant<br \/>\nSeawater and perspiration-resistant<br \/>\nDoes not fade<br \/>\nNo sharp edges (non-irritating)<br \/>\nHigh durability (even when sewn or exposed to sunlight)<\/p>\n<p>Sold by 100 pieces \/ Delivery within 15-20 days<\/p>","protected":false},"excerpt":{"rendered":"<p>Ce connecteur en m\u00e9tal dor\u00e9 \u00e0 deux boucles avec pierre naturelle verte centrale est un \u00e9l\u00e9ment d\u00e9coratif et fonctionnel pour l\u2019assemblage textile. Il apporte une finition \u00e9l\u00e9gante et lumineuse aux cr\u00e9ations baln\u00e9aires et v\u00eatements.<\/p>\n<p>&nbsp;<\/p>\n<p><strong>Technical specifications:<\/strong><\/p>\n<p>R\u00e9f\u00e9rence : 65734<br \/>\nMaterial(s): Metal<br \/>\nCouleur : dor\u00e9 et vert<br \/>\nSize: 58 \u00d7 14 mm<br \/>\nWeight: 7.3 g<\/p>\n<p>&nbsp;<\/p>\n<p><strong>Technical properties:<\/strong><br \/>\nRust-resistant<br \/>\nSeawater and perspiration-resistant<br \/>\nDoes not fade<br \/>\nNo sharp edges (non-irritating)<br \/>\nHigh durability (even when sewn or exposed to sunlight)<\/p>\n<p>Sold by 100 pieces \/ Delivery within 15-20 days<\/p>","protected":false},"featured_media":61721,"comment_status":"closed","ping_status":"closed","template":"","meta":[],"product_brand":[],"product_cat":[140,149],"product_tag":[385,383],"class_list":{"0":"post-65734","1":"product","2":"type-product","3":"status-publish","4":"has-post-thumbnail","6":"product_cat-accessoires","7":"product_cat-connecteurs","8":"product_tag-double-boucle","9":"product_tag-pierre-naturelle","10":"product_shipping_class-1-a-2kg","12":"first","13":"instock","14":"taxable","15":"shipping-taxable","16":"purchasable","17":"product-type-simple"},"_links":{"self":[{"href":"https:\/\/staging.dyrsan.fr\/en\/wp-json\/wp\/v2\/product\/65734","targetHints":{"allow":["GET"]}}],"collection":[{"href":"https:\/\/staging.dyrsan.fr\/en\/wp-json\/wp\/v2\/product"}],"about":[{"href":"https:\/\/staging.dyrsan.fr\/en\/wp-json\/wp\/v2\/types\/product"}],"replies":[{"embeddable":true,"href":"https:\/\/staging.dyrsan.fr\/en\/wp-json\/wp\/v2\/comments?post=65734"}],"version-history":[{"count":6,"href":"https:\/\/staging.dyrsan.fr\/en\/wp-json\/wp\/v2\/product\/65734\/revisions"}],"predecessor-version":[{"id":76346,"href":"https:\/\/staging.dyrsan.fr\/en\/wp-json\/wp\/v2\/product\/65734\/revisions\/76346"}],"wp:featuredmedia":[{"embeddable":true,"href":"https:\/\/staging.dyrsan.fr\/en\/wp-json\/wp\/v2\/media\/61721"}],"wp:attachment":[{"href":"https:\/\/staging.dyrsan.fr\/en\/wp-json\/wp\/v2\/media?parent=65734"}],"wp:term":[{"taxonomy":"product_brand","embeddable":true,"href":"https:\/\/staging.dyrsan.fr\/en\/wp-json\/wp\/v2\/product_brand?post=65734"},{"taxonomy":"product_cat","embeddable":true,"href":"https:\/\/staging.dyrsan.fr\/en\/wp-json\/wp\/v2\/product_cat?post=65734"},{"taxonomy":"product_tag","embeddable":true,"href":"https:\/\/staging.dyrsan.fr\/en\/wp-json\/wp\/v2\/product_tag?post=65734"}],"curies":[{"name":"wp","href":"https:\/\/api.w.org\/{rel}","templated":true}]}}