{"id":65733,"date":"2025-08-29T20:32:39","date_gmt":"2025-08-29T20:32:39","guid":{"rendered":"https:\/\/www.2027.staging.dyrsan.fr\/?post_type=product&#038;p=65733"},"modified":"2026-04-14T10:21:31","modified_gmt":"2026-04-14T10:21:31","slug":"chaine-connecteur-pour-bikini-en-metal-dore","status":"publish","type":"product","link":"https:\/\/staging.dyrsan.fr\/en\/shop\/chaine-connecteur-pour-bikini-en-metal-dore\/","title":{"rendered":"Connector chain for bikini in gold-plated metal"},"content":{"rendered":"<p>Cette cha\u00eene connecteur pour bikini en m\u00e9tal dor\u00e9 est un \u00e9l\u00e9ment fonctionnel con\u00e7u pour l\u2019assemblage des cr\u00e9ations baln\u00e9aires. Elle offre une finition brillante, durable et adapt\u00e9e aux contraintes de l\u2019eau et du soleil.<\/p>\n<p>&nbsp;<\/p>\n<p><strong>Technical specifications:<\/strong><\/p>\n<p>R\u00e9f\u00e9rence : DY4337<br \/>\nMaterial(s): Metal<br \/>\nColor: gold<br \/>\nTaille : 38 \u00d7 37 \u00d7 24 mm<br \/>\nPoids : 22,4 g<\/p>\n<p>&nbsp;<\/p>\n<p><strong>Technical properties:<\/strong><br \/>\nRust-resistant<br \/>\nSeawater and perspiration-resistant<br \/>\nDoes not fade<br \/>\nNo sharp edges (non-irritating)<br \/>\nHigh durability (even when sewn or exposed to sunlight)<\/p>\n<p>Sold by 100 pieces \/ Delivery within 15-20 days<\/p>","protected":false},"excerpt":{"rendered":"<p>Cette cha\u00eene connecteur pour bikini en m\u00e9tal dor\u00e9 est un \u00e9l\u00e9ment fonctionnel con\u00e7u pour l\u2019assemblage des cr\u00e9ations baln\u00e9aires. Elle offre une finition brillante, durable et adapt\u00e9e aux contraintes de l\u2019eau et du soleil.<\/p>\n<p>&nbsp;<\/p>\n<p><strong>Technical specifications:<\/strong><\/p>\n<p>R\u00e9f\u00e9rence : DY4337<br \/>\nMaterial(s): Metal<br \/>\nColor: gold<br \/>\nTaille : 38 \u00d7 37 \u00d7 24 mm<br \/>\nPoids : 22,4 g<\/p>\n<p>&nbsp;<\/p>\n<p><strong>Technical properties:<\/strong><br \/>\nRust-resistant<br \/>\nSeawater and perspiration-resistant<br \/>\nDoes not fade<br \/>\nNo sharp edges (non-irritating)<br \/>\nHigh durability (even when sewn or exposed to sunlight)<\/p>\n<p>Sold by 100 pieces \/ Delivery within 15-20 days<\/p>","protected":false},"featured_media":61709,"comment_status":"closed","ping_status":"closed","template":"","meta":[],"product_brand":[],"product_cat":[434,140,149],"product_tag":[381,382],"class_list":{"0":"post-65733","1":"product","2":"type-product","3":"status-publish","4":"has-post-thumbnail","6":"product_cat-chaines","7":"product_cat-accessoires","8":"product_cat-connecteurs","9":"product_tag-chaine","10":"product_tag-chaine-connecteur","12":"first","13":"instock","14":"taxable","15":"shipping-taxable","16":"purchasable","17":"product-type-simple"},"_links":{"self":[{"href":"https:\/\/staging.dyrsan.fr\/en\/wp-json\/wp\/v2\/product\/65733","targetHints":{"allow":["GET"]}}],"collection":[{"href":"https:\/\/staging.dyrsan.fr\/en\/wp-json\/wp\/v2\/product"}],"about":[{"href":"https:\/\/staging.dyrsan.fr\/en\/wp-json\/wp\/v2\/types\/product"}],"replies":[{"embeddable":true,"href":"https:\/\/staging.dyrsan.fr\/en\/wp-json\/wp\/v2\/comments?post=65733"}],"version-history":[{"count":8,"href":"https:\/\/staging.dyrsan.fr\/en\/wp-json\/wp\/v2\/product\/65733\/revisions"}],"predecessor-version":[{"id":76347,"href":"https:\/\/staging.dyrsan.fr\/en\/wp-json\/wp\/v2\/product\/65733\/revisions\/76347"}],"wp:featuredmedia":[{"embeddable":true,"href":"https:\/\/staging.dyrsan.fr\/en\/wp-json\/wp\/v2\/media\/61709"}],"wp:attachment":[{"href":"https:\/\/staging.dyrsan.fr\/en\/wp-json\/wp\/v2\/media?parent=65733"}],"wp:term":[{"taxonomy":"product_brand","embeddable":true,"href":"https:\/\/staging.dyrsan.fr\/en\/wp-json\/wp\/v2\/product_brand?post=65733"},{"taxonomy":"product_cat","embeddable":true,"href":"https:\/\/staging.dyrsan.fr\/en\/wp-json\/wp\/v2\/product_cat?post=65733"},{"taxonomy":"product_tag","embeddable":true,"href":"https:\/\/staging.dyrsan.fr\/en\/wp-json\/wp\/v2\/product_tag?post=65733"}],"curies":[{"name":"wp","href":"https:\/\/api.w.org\/{rel}","templated":true}]}}